{"id":17669,"date":"2022-09-17T14:05:07","date_gmt":"2022-09-17T11:05:07","guid":{"rendered":"https:\/\/monstra.wirbox.ro\/?page_id=17669"},"modified":"2025-11-04T12:00:49","modified_gmt":"2025-11-04T10:00:49","slug":"strategia-regionala-de-mobilitate-urbana-orase-inteligente","status":"publish","type":"page","link":"http:\/\/newadrnv.regionordvest.ro\/en\/dezvoltare-regionala\/planificare-strategica\/documente-strategice\/strategia-regionala-de-mobilitate-urbana-orase-inteligente\/","title":{"rendered":"Strategia regional\u0103 de mobilitate urban\u0103 \u0219i ora\u0219e inteligente"},"content":{"rendered":"<section class=\"l-section wpb_row height_small color_primary\"><div class=\"l-section-h i-cf\"><div class=\"g-cols via_grid cols_1 laptops-cols_inherit tablets-cols_inherit mobiles-cols_1 valign_bottom type_default\" style=\"grid-gap:0.1rem;\"><div class=\"wpb_column vc_column_container\"><div class=\"vc_column-inner\"><ol class=\"g-breadcrumbs separator_custom align_left\"><li class=\"g-breadcrumbs-item\"><a href=\"http:\/\/newadrnv.regionordvest.ro\/en\/\">Home<\/a><meta content=\"1\"\/><\/li><li class=\"g-breadcrumbs-separator\">\/<\/li><li class=\"g-breadcrumbs-item\">Pages<\/li><\/ol><\/div><\/div><\/div><\/div><\/section><section class=\"l-section wpb_row height_small\"><div class=\"l-section-h i-cf\"><div class=\"g-cols via_grid cols_1-3 laptops-cols_inherit tablets-cols_inherit mobiles-cols_1 valign_top type_default\"><div class=\"wpb_column vc_column_container\"><div class=\"vc_column-inner\"><div class=\"w-menu layout_ver style_blocks us_menu_1\" style=\"--main-gap:0.7rem;--main-ver-indent:0.8em;--main-hor-indent:0.8em;\"><ul id=\"menu-dezvoltare\" class=\"menu\"><li id=\"menu-item-31404\" class=\"menu-item menu-item-type-post_type menu-item-object-page menu-item-31404\"><a href=\"http:\/\/newadrnv.regionordvest.ro\/en\/dezvoltare-regionala\/planificare-strategica\/\">Planificare strategic\u0103<\/a><\/li><li id=\"menu-item-31405\" class=\"menu-item menu-item-type-post_type menu-item-object-page menu-item-31405\"><a href=\"http:\/\/newadrnv.regionordvest.ro\/en\/dezvoltare-regionala\/planificare-strategica\/strategia-regionala-de-turism\/\">Strategia regional\u0103 de turism<\/a><\/li><li id=\"menu-item-17679\" class=\"menu-item menu-item-type-post_type menu-item-object-page menu-item-17679\"><a href=\"http:\/\/newadrnv.regionordvest.ro\/en\/?page_id=17677\">Pilot projects for less developed regions<\/a><\/li><li id=\"menu-item-17671\" class=\"menu-item menu-item-type-post_type menu-item-object-page menu-item-17671\"><a href=\"http:\/\/newadrnv.regionordvest.ro\/en\/dezvoltare-regionala\/planificare-strategica\/documente-strategice\/strategia-regionala-de-mobilitate-urbana-orase-inteligente\/\">Strategia regional\u0103 de mobilitate urban\u0103 \u0219i ora\u0219e inteligente<\/a><\/li><li id=\"menu-item-17680\" class=\"menu-item menu-item-type-post_type menu-item-object-page menu-item-17680\"><a href=\"http:\/\/newadrnv.regionordvest.ro\/en\/dezvoltare-regionala\/planificare-strategica\/documente-strategice\/planuri-strategii-sectoriale\/\">Planuri \u0219i strategii sectoriale<\/a><\/li><li id=\"menu-item-17674\" class=\"menu-item menu-item-type-post_type menu-item-object-page menu-item-17674\"><a href=\"http:\/\/newadrnv.regionordvest.ro\/en\/dezvoltare-regionala\/dezvoltare-planificare-strategica\/specializare-inteligenta\/\">Smart specialization<\/a><\/li><li id=\"menu-item-17668\" class=\"menu-item menu-item-type-post_type menu-item-object-page menu-item-17668\"><a href=\"http:\/\/newadrnv.regionordvest.ro\/en\/dezvoltare-regionala\/planificare-strategica\/planuri-de-dezvoltare-regionala\/\">Regional development plans<\/a><\/li><li id=\"menu-item-28543\" class=\"menu-item menu-item-type-post_type menu-item-object-page menu-item-28543\"><a href=\"http:\/\/newadrnv.regionordvest.ro\/en\/dezvoltare-regionala\/planificare-strategica\/documente-strategice\/\">Documente strategice<\/a><\/li><li id=\"menu-item-19514\" class=\"menu-item menu-item-type-post_type menu-item-object-page menu-item-19514\"><a href=\"http:\/\/newadrnv.regionordvest.ro\/en\/dezvoltare-regionala\/dezvoltare-planificare-strategica\/\">Dezvoltare \u0219i planificare strategic\u0103<\/a><\/li><li id=\"menu-item-31406\" class=\"menu-item menu-item-type-post_type menu-item-object-page menu-item-31406\"><a href=\"http:\/\/newadrnv.regionordvest.ro\/en\/dezvoltare-regionala\/planificare-strategica\/analize-regionale-si-capacitate-administrativa\/\">Analize regionale \u0219i capacitate administrativ\u0103<\/a><\/li><li id=\"menu-item-28455\" class=\"menu-item menu-item-type-post_type menu-item-object-page menu-item-28455\"><a href=\"http:\/\/newadrnv.regionordvest.ro\/en\/dezvoltare-regionala\/planificare-strategica\/analize-regionale-si-capacitate-administrativa\/monitorizarea-obiectivelor-de-dezvoltare-durabila\/\">Monitorizarea obiectivelor de dezvoltare durabil\u0103<\/a><\/li><\/ul><style>.us_menu_1 .menu>li>a{background:#78B7A3}.us_menu_1 .menu>li>a{color:var(--color-header-middle-bg)}.us_menu_1 .menu>.menu-item:not(.current-menu-item)>a:hover{background:#73C7C9}.us_menu_1 .menu>.menu-item:not(.current-menu-item)>a:hover{color:var(--color-alt-content-text)}.us_menu_1 .menu>.current-menu-item>a{background:#2190A3}.us_menu_1 .menu>.current-menu-item>a{color:var(--color-alt-content-text)}@media ( max-width:600px ){.us_menu_1 .menu{display:block!important}.us_menu_1 .menu>li{margin:0 0 var(--main-gap,0.7rem)!important}}<\/style><\/div><\/div><\/div><div class=\"wpb_column vc_column_container\"><div class=\"vc_column-inner\"><div class=\"g-cols wpb_row via_grid cols_1 laptops-cols_inherit tablets-cols_inherit mobiles-cols_1 valign_top type_default\" style=\"grid-gap:1rem;\"><div class=\"wpb_column vc_column_container\"><div class=\"vc_column-inner\"><div class=\"w-image style_shadow-1 align_center\"><div class=\"w-image-h\"><img loading=\"lazy\" decoding=\"async\" width=\"1024\" height=\"609\" src=\"http:\/\/newadrnv.regionordvest.ro\/wp-content\/uploads\/2020\/10\/Strategia-de-mobilitate-urbana-durabila-1-1024x609.jpg\" class=\"attachment-large size-large\" alt=\"\" srcset=\"http:\/\/newadrnv.regionordvest.ro\/wp-content\/uploads\/2020\/10\/Strategia-de-mobilitate-urbana-durabila-1-1024x609.jpg 1024w, http:\/\/newadrnv.regionordvest.ro\/wp-content\/uploads\/2020\/10\/Strategia-de-mobilitate-urbana-durabila-1-300x178.jpg 300w, http:\/\/newadrnv.regionordvest.ro\/wp-content\/uploads\/2020\/10\/Strategia-de-mobilitate-urbana-durabila-1-1536x913.jpg 1536w, http:\/\/newadrnv.regionordvest.ro\/wp-content\/uploads\/2020\/10\/Strategia-de-mobilitate-urbana-durabila-1-2048x1217.jpg 2048w, http:\/\/newadrnv.regionordvest.ro\/wp-content\/uploads\/2020\/10\/Strategia-de-mobilitate-urbana-durabila-1-400x238.jpg 400w, http:\/\/newadrnv.regionordvest.ro\/wp-content\/uploads\/2020\/10\/Strategia-de-mobilitate-urbana-durabila-1-600x357.jpg 600w, http:\/\/newadrnv.regionordvest.ro\/wp-content\/uploads\/2020\/10\/Strategia-de-mobilitate-urbana-durabila-1-18x12.jpg 18w, http:\/\/newadrnv.regionordvest.ro\/wp-content\/uploads\/2020\/10\/Strategia-de-mobilitate-urbana-durabila-1-624x371.jpg 624w, http:\/\/newadrnv.regionordvest.ro\/wp-content\/uploads\/2020\/10\/Strategia-de-mobilitate-urbana-durabila-1-372x221.jpg 372w, http:\/\/newadrnv.regionordvest.ro\/wp-content\/uploads\/2020\/10\/Strategia-de-mobilitate-urbana-durabila-1-370x220.jpg 370w, http:\/\/newadrnv.regionordvest.ro\/wp-content\/uploads\/2020\/10\/Strategia-de-mobilitate-urbana-durabila-1-118x70.jpg 118w\" sizes=\"auto, (max-width: 1024px) 100vw, 1024px\" \/><\/div><\/div><\/div><\/div><div class=\"wpb_column vc_column_container\"><div class=\"vc_column-inner\"><div class=\"w-separator size_small\"><\/div><div class=\"wpb_text_column\"><div class=\"wpb_wrapper\"><p>The North-West Regional Development Agency created the Regional Strategy for Sustainable Urban Mobility and Smart Cities of the North-West Development Region 2021-2027.<\/p>\n<p>The documents can be downloaded and analyzed by clicking on the button below:<\/p>\n<\/div><\/div><\/div><\/div><\/div><div class=\"w-separator size_small\"><\/div><div class=\"g-cols wpb_row via_grid cols_3 laptops-cols_inherit tablets-cols_inherit mobiles-cols_1 valign_middle type_default\"><div class=\"wpb_column vc_column_container\"><div class=\"vc_column-inner\"><div class=\"w-iconbox iconpos_left style_default color_primary align_left no_text\"><a href=\"https:\/\/www.nord-vest.ro\/wp-content\/uploads\/2020\/10\/Strategie-Mobilitate-Urbana-Durabila-2021-2027.zip\" class=\"w-iconbox-link\" aria-label=\"Regional Strategy for Urban Mobility and Smart Cities 2021-2027\"><div class=\"w-iconbox-icon\" style=\"font-size:2rem;\"><i class=\"fas fa-file-download\"><\/i><\/div><\/a><div class=\"w-iconbox-meta\"><a href=\"https:\/\/www.nord-vest.ro\/wp-content\/uploads\/2020\/10\/Strategie-Mobilitate-Urbana-Durabila-2021-2027.zip\" class=\"w-iconbox-link\" aria-label=\"Regional Strategy for Urban Mobility and Smart Cities 2021-2027\"><h5 class=\"w-iconbox-title\">Regional Strategy for Urban Mobility and Smart Cities 2021-2027<\/h5><\/a><\/div><\/div><\/div><\/div><div class=\"wpb_column vc_column_container\"><div class=\"vc_column-inner\"><\/div><\/div><div class=\"wpb_column vc_column_container\"><div class=\"vc_column-inner\"><\/div><\/div><\/div><div class=\"w-separator size_medium\"><\/div><div class=\"wpb_text_column\"><div class=\"wpb_wrapper\"><p>The documents can be downloaded individually and from the links below.<\/p>\n<\/div><\/div><div class=\"g-cols wpb_row via_grid cols_3 laptops-cols_inherit tablets-cols_inherit mobiles-cols_1 valign_middle type_default\"><div class=\"wpb_column vc_column_container\"><div class=\"vc_column-inner\"><div class=\"w-iconbox iconpos_left style_default color_primary align_left no_text\"><a href=\"https:\/\/www.nord-vest.ro\/wp-content\/uploads\/2020\/10\/Strategia-Regionala-de-Mobilitate-Urbana-si-Orase-Inteligente.pdf\" class=\"w-iconbox-link\" aria-label=\"Regional Strategy for Urban Mobility and Smart Cities 2021-2027 \u2013 Short version\"><div class=\"w-iconbox-icon\" style=\"font-size:2rem;\"><i class=\"fas fa-file-download\"><\/i><\/div><\/a><div class=\"w-iconbox-meta\"><a href=\"https:\/\/www.nord-vest.ro\/wp-content\/uploads\/2020\/10\/Strategia-Regionala-de-Mobilitate-Urbana-si-Orase-Inteligente.pdf\" class=\"w-iconbox-link\" aria-label=\"Regional Strategy for Urban Mobility and Smart Cities 2021-2027 \u2013 Short version\"><h5 class=\"w-iconbox-title\">Regional Strategy for Urban Mobility and Smart Cities 2021-2027 \u2013 Short version<\/h5><\/a><\/div><\/div><\/div><\/div><div class=\"wpb_column vc_column_container\"><div class=\"vc_column-inner\"><div class=\"w-iconbox iconpos_left style_default color_primary align_left no_text\"><a href=\"https:\/\/www.nord-vest.ro\/wp-content\/uploads\/2020\/10\/SRMUOIRNV-2021-2027-Strategia_Versiune-finala.pdf\" class=\"w-iconbox-link\" aria-label=\"Regional Strategy for Urban Mobility and Smart Cities 2021-2027 \u2013 Final version\"><div class=\"w-iconbox-icon\" style=\"font-size:2rem;\"><i class=\"fas fa-file-download\"><\/i><\/div><\/a><div class=\"w-iconbox-meta\"><a href=\"https:\/\/www.nord-vest.ro\/wp-content\/uploads\/2020\/10\/SRMUOIRNV-2021-2027-Strategia_Versiune-finala.pdf\" class=\"w-iconbox-link\" aria-label=\"Regional Strategy for Urban Mobility and Smart Cities 2021-2027 \u2013 Final version\"><h5 class=\"w-iconbox-title\">Regional Strategy for Urban Mobility and Smart Cities 2021-2027 \u2013 Final version<\/h5><\/a><\/div><\/div><\/div><\/div><div class=\"wpb_column vc_column_container\"><div class=\"vc_column-inner\"><div class=\"w-iconbox iconpos_left style_default color_primary align_left no_text\"><a href=\"https:\/\/www.nord-vest.ro\/wp-content\/uploads\/2020\/08\/2.-Auditul-Teritorial_Final_18.08_print_final.pdf\" class=\"w-iconbox-link\" aria-label=\"Final Territorial Audit\"><div class=\"w-iconbox-icon\" style=\"font-size:2rem;\"><i class=\"fas fa-file-download\"><\/i><\/div><\/a><div class=\"w-iconbox-meta\"><a href=\"https:\/\/www.nord-vest.ro\/wp-content\/uploads\/2020\/08\/2.-Auditul-Teritorial_Final_18.08_print_final.pdf\" class=\"w-iconbox-link\" aria-label=\"Final Territorial Audit\"><h5 class=\"w-iconbox-title\">Final Territorial Audit<\/h5><\/a><\/div><\/div><\/div><\/div><\/div><div class=\"w-separator size_small\"><\/div><div class=\"g-cols wpb_row via_grid cols_3 laptops-cols_inherit tablets-cols_inherit mobiles-cols_1 valign_middle type_default\"><div class=\"wpb_column vc_column_container\"><div class=\"vc_column-inner\"><div class=\"w-iconbox iconpos_left style_default color_primary align_left no_text\"><a href=\"https:\/\/www.nord-vest.ro\/wp-content\/uploads\/2020\/08\/6.-Raportul-6-Agenda-Strategica.pdf\" class=\"w-iconbox-link\" aria-label=\"Strategic agenda\"><div class=\"w-iconbox-icon\" style=\"font-size:2rem;\"><i class=\"fas fa-file-download\"><\/i><\/div><\/a><div class=\"w-iconbox-meta\"><a href=\"https:\/\/www.nord-vest.ro\/wp-content\/uploads\/2020\/08\/6.-Raportul-6-Agenda-Strategica.pdf\" class=\"w-iconbox-link\" aria-label=\"Strategic agenda\"><h5 class=\"w-iconbox-title\">Strategic agenda<\/h5><\/a><\/div><\/div><\/div><\/div><div class=\"wpb_column vc_column_container\"><div class=\"vc_column-inner\"><div class=\"w-iconbox iconpos_left style_default color_primary align_left no_text\"><a href=\"#\" class=\"w-iconbox-link\" aria-label=\"Monitoring the Strategy\"><div class=\"w-iconbox-icon\" style=\"font-size:2rem;\"><i class=\"fas fa-file-download\"><\/i><\/div><\/a><div class=\"w-iconbox-meta\"><a href=\"#\" class=\"w-iconbox-link\" aria-label=\"Monitoring the Strategy\"><h5 class=\"w-iconbox-title\">Monitoring the Strategy<\/h5><\/a><\/div><\/div><\/div><\/div><div class=\"wpb_column vc_column_container\"><div class=\"vc_column-inner\"><div class=\"w-iconbox iconpos_left style_default color_primary align_left no_text\"><a href=\"#\" class=\"w-iconbox-link\" aria-label=\"Smart City Maturity Model\"><div class=\"w-iconbox-icon\" style=\"font-size:2rem;\"><i class=\"fas fa-file-download\"><\/i><\/div><\/a><div class=\"w-iconbox-meta\"><a href=\"#\" class=\"w-iconbox-link\" aria-label=\"Smart City Maturity Model\"><h5 class=\"w-iconbox-title\">Smart City Maturity Model<\/h5><\/a><\/div><\/div><\/div><\/div><\/div><div class=\"w-separator size_medium\"><\/div><div class=\"wpb_text_column\"><div class=\"wpb_wrapper\"><p>The proposed vision envisions the Northwest Development Region in the year 2030 as a smart territory supported by a network of interconnected and innovative cities that use technology to facilitate sustainable development. Thus, innovation, the relationship between administration and citizens and care for the efficient use of resources are the key to the progress of the region.<br \/>\nThe smart North-West region relies on a digital network of localities made up of regional, county, micro-regional and local innovation centers and cities that develop on smart city levels according to potential: tourism, energy \u2013 environment, quality of living, education and so on<br \/>\nAt the local level, municipalities and cities have data collection infrastructure, networks of sensors and other devices that form IoT (internet of things) networks, generating complex data sets, available to the general public and used to ensure better management of the city, services, but also the production process.<\/p>\n<\/div><\/div><div class=\"g-cols wpb_row via_grid cols_3 laptops-cols_inherit tablets-cols_inherit mobiles-cols_1 valign_middle type_default\"><div class=\"wpb_column vc_column_container\"><div class=\"vc_column-inner\"><div class=\"w-iconbox iconpos_left style_default color_primary align_left no_text\"><a href=\"https:\/\/www.nord-vest.ro\/wp-content\/uploads\/2020\/08\/9.-Anexe-1-Consultari-publice.pdf\" class=\"w-iconbox-link\" aria-label=\"Public Consultations\"><div class=\"w-iconbox-icon\" style=\"font-size:2rem;\"><i class=\"fas fa-file-download\"><\/i><\/div><\/a><div class=\"w-iconbox-meta\"><a href=\"https:\/\/www.nord-vest.ro\/wp-content\/uploads\/2020\/08\/9.-Anexe-1-Consultari-publice.pdf\" class=\"w-iconbox-link\" aria-label=\"Public Consultations\"><h5 class=\"w-iconbox-title\">Public Consultations<\/h5><\/a><\/div><\/div><\/div><\/div><div class=\"wpb_column vc_column_container\"><div class=\"vc_column-inner\"><div class=\"w-iconbox iconpos_left style_default color_primary align_left no_text\"><a href=\"https:\/\/www.nord-vest.ro\/wp-content\/uploads\/2020\/08\/10.-Anexa-2-Fise-orase-Nord-Vest-print.pdf\" class=\"w-iconbox-link\" aria-label=\"City sheets of the North-West Development Region\"><div class=\"w-iconbox-icon\" style=\"font-size:2rem;\"><i class=\"fas fa-file-download\"><\/i><\/div><\/a><div class=\"w-iconbox-meta\"><a href=\"https:\/\/www.nord-vest.ro\/wp-content\/uploads\/2020\/08\/10.-Anexa-2-Fise-orase-Nord-Vest-print.pdf\" class=\"w-iconbox-link\" aria-label=\"City sheets of the North-West Development Region\"><h5 class=\"w-iconbox-title\">City sheets of the North-West Development Region<\/h5><\/a><\/div><\/div><\/div><\/div><div class=\"wpb_column vc_column_container\"><div class=\"vc_column-inner\"><div class=\"w-iconbox iconpos_left style_default color_primary align_left no_text\"><a href=\"https:\/\/www.nord-vest.ro\/wp-content\/uploads\/2020\/08\/11.-Anexe-3-Centralizator-proiecte.pdf\" class=\"w-iconbox-link\" aria-label=\"Projects Centralizer\"><div class=\"w-iconbox-icon\" style=\"font-size:2rem;\"><i class=\"fas fa-file-download\"><\/i><\/div><\/a><div class=\"w-iconbox-meta\"><a href=\"https:\/\/www.nord-vest.ro\/wp-content\/uploads\/2020\/08\/11.-Anexe-3-Centralizator-proiecte.pdf\" class=\"w-iconbox-link\" aria-label=\"Projects Centralizer\"><h5 class=\"w-iconbox-title\">Projects Centralizer<\/h5><\/a><\/div><\/div><\/div><\/div><\/div><div class=\"w-separator size_small\"><\/div><div class=\"g-cols wpb_row via_grid cols_3 laptops-cols_inherit tablets-cols_inherit mobiles-cols_1 valign_middle type_default\"><div class=\"wpb_column vc_column_container\"><div class=\"vc_column-inner\"><div class=\"w-iconbox iconpos_left style_default color_primary align_left no_text\"><a href=\"https:\/\/www.nord-vest.ro\/wp-content\/uploads\/2020\/08\/10.-Anexa-2-Fise-orase-Nord-Vest-print.pdf\" class=\"w-iconbox-link\" aria-label=\"Strategy Summary \u2013 RO\"><div class=\"w-iconbox-icon\" style=\"font-size:2rem;\"><i class=\"fas fa-file-download\"><\/i><\/div><\/a><div class=\"w-iconbox-meta\"><a href=\"https:\/\/www.nord-vest.ro\/wp-content\/uploads\/2020\/08\/10.-Anexa-2-Fise-orase-Nord-Vest-print.pdf\" class=\"w-iconbox-link\" aria-label=\"Strategy Summary \u2013 RO\"><h5 class=\"w-iconbox-title\">Strategy Summary \u2013 RO<\/h5><\/a><\/div><\/div><\/div><\/div><div class=\"wpb_column vc_column_container\"><div class=\"vc_column-inner\"><div class=\"w-iconbox iconpos_left style_default color_primary align_left no_text\"><a href=\"https:\/\/www.nord-vest.ro\/wp-content\/uploads\/2020\/08\/Rezumat-Strategie-ADR-NV_EN.pdf\" class=\"w-iconbox-link\" aria-label=\"Summary Strategy \u2013 EN\"><div class=\"w-iconbox-icon\" style=\"font-size:2rem;\"><i class=\"fas fa-file-download\"><\/i><\/div><\/a><div class=\"w-iconbox-meta\"><a href=\"https:\/\/www.nord-vest.ro\/wp-content\/uploads\/2020\/08\/Rezumat-Strategie-ADR-NV_EN.pdf\" class=\"w-iconbox-link\" aria-label=\"Summary Strategy \u2013 EN\"><h5 class=\"w-iconbox-title\">Summary Strategy \u2013 EN<\/h5><\/a><\/div><\/div><\/div><\/div><div class=\"wpb_column vc_column_container\"><div class=\"vc_column-inner\"><\/div><\/div><\/div><div class=\"w-separator size_medium\"><\/div><\/div><\/div><\/div><\/div><\/section>","protected":false},"excerpt":{"rendered":"Home\/PagesPlanificare strategic\u0103Strategia regional\u0103 de turismProiecte pilot pentru regiuni mai pu\u021bin dezvoltateStrategia regional\u0103 de mobilitate urban\u0103 \u0219i ora\u0219e inteligentePlanuri \u0219i strategii sectorialeSpecializare inteligent\u0103Planuri de dezvoltare regional\u0103Documente strategiceDezvoltare \u0219i planificare strategic\u0103Analize regionale \u0219i capacitate administrativ\u0103Monitorizarea obiectivelor de dezvoltare durabil\u0103Agen\u021bia de Dezvoltare Regional\u0103 Nord-Vest a realizat Strategia Regional\u0103 de Mobilitate Urban\u0103 Durabil\u0103 \u0219i Ora\u0219e Inteligente a Regiunii de...","protected":false},"author":1,"featured_media":0,"parent":28540,"menu_order":0,"comment_status":"closed","ping_status":"closed","template":"","meta":{"footnotes":"","beyondwords_generate_audio":"1","beyondwords_integration_method":"","beyondwords_project_id":"21144","beyondwords_content_id":"573c86bc-1fbc-476d-b2f4-ff25801c28f6","beyondwords_preview_token":"057c3457-17f6-47fb-9006-caf04281ba5f","beyondwords_player_content":"","beyondwords_player_style":"standard","beyondwords_language_code":"","beyondwords_language_id":"","beyondwords_title_voice_id":"","beyondwords_body_voice_id":"","beyondwords_summary_voice_id":"","beyondwords_error_message":"","beyondwords_disabled":"","beyondwords_delete_content":"","beyondwords_podcast_id":"573c86bc-1fbc-476d-b2f4-ff25801c28f6","beyondwords_hash":"","publish_post_to_speechkit":"","speechkit_hash":"","speechkit_generate_audio":"","speechkit_project_id":"","speechkit_podcast_id":"","speechkit_error_message":"","speechkit_disabled":"","speechkit_access_key":"","speechkit_error":"","speechkit_info":"","speechkit_response":"","speechkit_retries":"","speechkit_status":"","speechkit_updated_at":"","_speechkit_link":"","_speechkit_text":""},"class_list":["post-17669","page","type-page","status-publish","hentry"],"publishpress_future_action":{"enabled":false,"date":"2026-05-09 18:02:44","action":"change-status","newStatus":"draft","terms":[],"taxonomy":"","extraData":[]},"publishpress_future_workflow_manual_trigger":{"enabledWorkflows":[]},"_links":{"self":[{"href":"http:\/\/newadrnv.regionordvest.ro\/en\/wp-json\/wp\/v2\/pages\/17669","targetHints":{"allow":["GET"]}}],"collection":[{"href":"http:\/\/newadrnv.regionordvest.ro\/en\/wp-json\/wp\/v2\/pages"}],"about":[{"href":"http:\/\/newadrnv.regionordvest.ro\/en\/wp-json\/wp\/v2\/types\/page"}],"author":[{"embeddable":true,"href":"http:\/\/newadrnv.regionordvest.ro\/en\/wp-json\/wp\/v2\/users\/1"}],"replies":[{"embeddable":true,"href":"http:\/\/newadrnv.regionordvest.ro\/en\/wp-json\/wp\/v2\/comments?post=17669"}],"version-history":[{"count":59,"href":"http:\/\/newadrnv.regionordvest.ro\/en\/wp-json\/wp\/v2\/pages\/17669\/revisions"}],"predecessor-version":[{"id":33203,"href":"http:\/\/newadrnv.regionordvest.ro\/en\/wp-json\/wp\/v2\/pages\/17669\/revisions\/33203"}],"up":[{"embeddable":true,"href":"http:\/\/newadrnv.regionordvest.ro\/en\/wp-json\/wp\/v2\/pages\/28540"}],"wp:attachment":[{"href":"http:\/\/newadrnv.regionordvest.ro\/en\/wp-json\/wp\/v2\/media?parent=17669"}],"curies":[{"name":"wp","href":"https:\/\/api.w.org\/{rel}","templated":true}]}}