{"id":18198,"date":"2022-10-03T18:20:49","date_gmt":"2022-10-03T15:20:49","guid":{"rendered":"https:\/\/monstra.wirbox.ro\/?page_id=18198"},"modified":"2022-11-12T13:22:21","modified_gmt":"2022-11-12T11:22:21","slug":"harta-proiectelor-regio","status":"publish","type":"page","link":"http:\/\/newadrnv.regionordvest.ro\/en\/por-2014-2020\/ghiduri-2014-2020\/harta-proiectelor-regio\/","title":{"rendered":"Map of REGIO projects"},"content":{"rendered":"<section class=\"l-section wpb_row height_huge with_img\"><div class=\"l-section-img\" style=\"background-image: url(http:\/\/newadrnv.regionordvest.ro\/wp-content\/uploads\/2022\/11\/DSC09970-scaled.jpg);\" data-img-width=\"2560\" data-img-height=\"1440\"><\/div><div class=\"l-section-overlay\" style=\"background:rgba(0,0,0,0.30)\"><\/div><div class=\"l-section-h i-cf\"><div class=\"g-cols via_grid cols_1 laptops-cols_inherit tablets-cols_inherit mobiles-cols_1 valign_top type_default\"><div class=\"wpb_column vc_column_container\"><div class=\"vc_column-inner\"><\/div><\/div><\/div><\/div><\/section><section class=\"l-section wpb_row us_custom_58443d9d height_small\"><div class=\"l-section-h i-cf\"><div class=\"g-cols via_grid cols_1 laptops-cols_inherit tablets-cols_inherit mobiles-cols_1 valign_top type_default\"><div class=\"wpb_column vc_column_container\"><div class=\"vc_column-inner\"><ol class=\"g-breadcrumbs separator_custom align_none\"><li class=\"g-breadcrumbs-item\"><a href=\"http:\/\/newadrnv.regionordvest.ro\/en\/\">Home<\/a><meta content=\"1\"\/><\/li><li class=\"g-breadcrumbs-separator\">\/<\/li><li class=\"g-breadcrumbs-item\">Pages<\/li><\/ol><\/div><\/div><\/div><\/div><\/section><section class=\"l-section wpb_row us_custom_58443d9d height_small\"><div class=\"l-section-h i-cf\"><div class=\"g-cols via_grid cols_1-3 laptops-cols_inherit tablets-cols_inherit mobiles-cols_1 valign_top type_default\"><div class=\"wpb_column vc_column_container\"><div class=\"vc_column-inner\"><div class=\"w-separator size_small\"><\/div><div class=\"w-menu layout_ver style_blocks us_menu_1\" style=\"--main-gap:0.7rem;--main-ver-indent:0.8em;--main-hor-indent:0.8em;\"><ul id=\"menu-ghiduri-2014-2020\" class=\"menu\"><li id=\"menu-item-19999\" class=\"menu-item menu-item-type-post_type menu-item-object-page menu-item-19999\"><a href=\"http:\/\/newadrnv.regionordvest.ro\/en\/por-2014-2020\/ghiduri-2014-2020\/\">Ghiduri 2014-2020<\/a><\/li><li id=\"menu-item-20000\" class=\"menu-item menu-item-type-post_type menu-item-object-page menu-item-20000\"><a href=\"http:\/\/newadrnv.regionordvest.ro\/en\/por-2014-2020\/ghiduri-2014-2020\/apeluri-regio-2014-2020\/\">Apeluri Regio 2014-2020<\/a><\/li><li id=\"menu-item-20001\" class=\"menu-item menu-item-type-post_type menu-item-object-page menu-item-20001\"><a href=\"http:\/\/newadrnv.regionordvest.ro\/en\/por-2014-2020\/ghiduri-2014-2020\/ghidul-general\/\">Ghidul general<\/a><\/li><li id=\"menu-item-20003\" class=\"menu-item menu-item-type-post_type menu-item-object-page menu-item-20003\"><a href=\"http:\/\/newadrnv.regionordvest.ro\/en\/por-2014-2020\/ghiduri-2014-2020\/selector-de-finantari-regio\/\">Selector de finan\u021b\u0103ri REGIO<\/a><\/li><li id=\"menu-item-20002\" class=\"menu-item menu-item-type-post_type menu-item-object-page menu-item-20002\"><a href=\"http:\/\/newadrnv.regionordvest.ro\/en\/por-2014-2020\/ghiduri-2014-2020\/harta-proiectelor-regio\/\">Harta proiectelor REGIO<\/a><\/li><\/ul><style>.us_menu_1 .menu>li>a{background:var(--color-alt-content-primary)}.us_menu_1 .menu>li>a{color:var(--color-alt-content-text)}.us_menu_1 .menu>.menu-item:not(.current-menu-item)>a:hover{background:var(--color-alt-content-secondary)}.us_menu_1 .menu>.menu-item:not(.current-menu-item)>a:hover{color:var(--color-alt-content-text)}.us_menu_1 .menu>.current-menu-item>a{background:var(--color-alt-content-secondary)}.us_menu_1 .menu>.current-menu-item>a{color:var(--color-alt-content-text)}@media ( max-width:600px ){.us_menu_1 .menu{display:block!important}.us_menu_1 .menu>li{margin:0 0 var(--main-gap,0.7rem)!important}}<\/style><\/div><\/div><\/div><div class=\"wpb_column vc_column_container\"><div class=\"vc_column-inner\"><div class=\"w-separator size_medium with_line width_default thick_1 style_solid color_border align_center with_text with_content\"><div class=\"w-separator-h\"><h6 class=\"w-separator-text\"><span>Harta proiectelor REGIO<\/span><\/h6><\/div><\/div><div class=\"wpb_text_column\"><div class=\"wpb_wrapper\"><p>Aici pute\u0163i g\u0103si informa\u0163ii privind toate proiectele finan\u0163ate prin REGIO 2014-2020<\/p>\n<\/div><\/div><div class=\"wpb_text_column\"><div class=\"wpb_wrapper\"><p>[maplist simplesearch=&#8221;true&#8221; locationsperpage=&#8221;10&#8243; usealltaxonomies=\u201dtrue\u201d]<\/p>\n<\/div><\/div><\/div><\/div><\/div><\/div><\/section><section class=\"l-section wpb_row us_custom_28082928 height_medium\"><div class=\"l-section-h i-cf\"><div class=\"g-cols via_grid cols_1 laptops-cols_inherit tablets-cols_inherit mobiles-cols_1 valign_middle type_default\" style=\"grid-gap:1rem;\"><div class=\"wpb_column vc_column_container\" id=\"meniu-footer\"><div class=\"vc_column-inner\"><div class=\"g-cols wpb_row via_grid cols_1 laptops-cols_inherit tablets-cols_inherit mobiles-cols_1 valign_top type_default\" style=\"grid-gap:0.5rem;\"><div class=\"wpb_column vc_column_container us_custom_8ec37ca1\"><div class=\"vc_column-inner\"><div class=\"w-menu us_custom_7da95c6c navig layout_hor spread style_links us_menu_2\" style=\"--main-gap:0.5rem;--main-ver-indent:0.8em;--main-hor-indent:0.8em;\" id=\"indicator\"><ul id=\"menu-por-2014-2020\" class=\"menu\"><li id=\"menu-item-28265\" class=\"menu-item menu-item-type-post_type menu-item-object-page menu-item-28265\"><a href=\"http:\/\/newadrnv.regionordvest.ro\/en\/por-2014-2020\/ghiduri-2014-2020\/\">Ghiduri 2014-2020<\/a><\/li><li id=\"menu-item-28269\" class=\"menu-item menu-item-type-post_type menu-item-object-page menu-item-28269\"><a href=\"http:\/\/newadrnv.regionordvest.ro\/en\/por-2014-2020\/instructiuni-am-por\/\">Instruc\u021biuni AM POR<\/a><\/li><li id=\"menu-item-28268\" class=\"menu-item menu-item-type-post_type menu-item-object-page menu-item-28268\"><a href=\"http:\/\/newadrnv.regionordvest.ro\/en\/por-2014-2020\/identitate-vizuala-2014-2020\/\">Identitate vizual\u0103<\/a><\/li><li id=\"menu-item-28267\" class=\"menu-item menu-item-type-post_type menu-item-object-page menu-item-28267\"><a href=\"http:\/\/newadrnv.regionordvest.ro\/en\/por-2014-2020\/helpdesk\/\">Helpdesk<\/a><\/li><li id=\"menu-item-28263\" class=\"menu-item menu-item-type-post_type menu-item-object-page menu-item-28263\"><a href=\"http:\/\/newadrnv.regionordvest.ro\/en\/por-2014-2020\/decizii-cm-por\/\">Decizii CM POR<\/a><\/li><li id=\"menu-item-28270\" class=\"menu-item menu-item-type-post_type menu-item-object-page menu-item-28270\"><a href=\"http:\/\/newadrnv.regionordvest.ro\/en\/por-2014-2020\/mysmis2014\/\">MySMIS<\/a><\/li><li id=\"menu-item-28264\" class=\"menu-item menu-item-type-post_type menu-item-object-page menu-item-28264\"><a href=\"http:\/\/newadrnv.regionordvest.ro\/en\/por-2014-2020\/evenimente-informatii-utile\/\">Evenimente &#038; Informa\u021bii utile<\/a><\/li><li id=\"menu-item-28266\" class=\"menu-item menu-item-type-post_type menu-item-object-page menu-item-28266\"><a href=\"http:\/\/newadrnv.regionordvest.ro\/en\/por-2014-2020\/ghiduri-2014-2020\/apeluri-regio-2014-2020\/\">APELURI REGIO 2014-2020<\/a><\/li><\/ul><style>.us_menu_2 .menu>li>a{color:#1a1a1a}.us_menu_2 .menu>.menu-item:not(.current-menu-item)>a:hover{color:#ffffff}.us_menu_2 .menu>.current-menu-item>a{color:#ffffff}@media ( max-width:600px ){.us_menu_2 .menu{display:block!important}.us_menu_2 .menu>li{margin:0 0 var(--main-gap,0.5rem)!important}}<\/style><\/div><\/div><\/div><\/div><\/div><\/div><\/div><\/div><\/section>\n","protected":false},"excerpt":{"rendered":"Home\/PagesGhiduri 2014-2020Apeluri Regio 2014-2020Ghidul generalSelector de finan\u021b\u0103ri REGIOHarta proiectelor REGIOHarta proiectelor REGIOAici pute\u0163i g\u0103si informa\u0163ii privind toate proiectele finan\u0163ate prin REGIO 2014-2020 [maplist simplesearch=&#8221;true&#8221; locationsperpage=&#8221;10&#8243; usealltaxonomies=\u201dtrue\u201d] Ghiduri 2014-2020Instruc\u021biuni AM PORIdentitate vizual\u0103HelpdeskDecizii CM PORMySMISEvenimente &#038; Informa\u021bii utileAPELURI REGIO 2014-2020","protected":false},"author":1,"featured_media":0,"parent":18172,"menu_order":0,"comment_status":"closed","ping_status":"closed","template":"","meta":{"footnotes":"","beyondwords_generate_audio":"","beyondwords_integration_method":"","beyondwords_project_id":"","beyondwords_content_id":"","beyondwords_preview_token":"","beyondwords_player_content":"","beyondwords_player_style":"","beyondwords_language_code":"","beyondwords_language_id":"","beyondwords_title_voice_id":"","beyondwords_body_voice_id":"","beyondwords_summary_voice_id":"","beyondwords_error_message":"","beyondwords_disabled":"","beyondwords_delete_content":"","beyondwords_podcast_id":"","beyondwords_hash":"","publish_post_to_speechkit":"","speechkit_hash":"","speechkit_generate_audio":"","speechkit_project_id":"","speechkit_podcast_id":"","speechkit_error_message":"","speechkit_disabled":"","speechkit_access_key":"","speechkit_error":"","speechkit_info":"","speechkit_response":"","speechkit_retries":"","speechkit_status":"","speechkit_updated_at":"","_speechkit_link":"","_speechkit_text":""},"class_list":["post-18198","page","type-page","status-publish","hentry"],"publishpress_future_action":{"enabled":false,"date":"2026-05-09 17:59:19","action":"change-status","newStatus":"draft","terms":[],"taxonomy":"","extraData":[]},"publishpress_future_workflow_manual_trigger":{"enabledWorkflows":[]},"_links":{"self":[{"href":"http:\/\/newadrnv.regionordvest.ro\/en\/wp-json\/wp\/v2\/pages\/18198","targetHints":{"allow":["GET"]}}],"collection":[{"href":"http:\/\/newadrnv.regionordvest.ro\/en\/wp-json\/wp\/v2\/pages"}],"about":[{"href":"http:\/\/newadrnv.regionordvest.ro\/en\/wp-json\/wp\/v2\/types\/page"}],"author":[{"embeddable":true,"href":"http:\/\/newadrnv.regionordvest.ro\/en\/wp-json\/wp\/v2\/users\/1"}],"replies":[{"embeddable":true,"href":"http:\/\/newadrnv.regionordvest.ro\/en\/wp-json\/wp\/v2\/comments?post=18198"}],"version-history":[{"count":13,"href":"http:\/\/newadrnv.regionordvest.ro\/en\/wp-json\/wp\/v2\/pages\/18198\/revisions"}],"predecessor-version":[{"id":20123,"href":"http:\/\/newadrnv.regionordvest.ro\/en\/wp-json\/wp\/v2\/pages\/18198\/revisions\/20123"}],"up":[{"embeddable":true,"href":"http:\/\/newadrnv.regionordvest.ro\/en\/wp-json\/wp\/v2\/pages\/18172"}],"wp:attachment":[{"href":"http:\/\/newadrnv.regionordvest.ro\/en\/wp-json\/wp\/v2\/media?parent=18198"}],"curies":[{"name":"wp","href":"https:\/\/api.w.org\/{rel}","templated":true}]}}