{"id":18211,"date":"2022-10-03T18:50:13","date_gmt":"2022-10-03T15:50:13","guid":{"rendered":"https:\/\/monstra.wirbox.ro\/?page_id=18211"},"modified":"2022-11-12T13:28:23","modified_gmt":"2022-11-12T11:28:23","slug":"helpdesk","status":"publish","type":"page","link":"http:\/\/newadrnv.regionordvest.ro\/en\/por-2014-2020\/helpdesk\/","title":{"rendered":"Helpdesk"},"content":{"rendered":"<section class=\"l-section wpb_row height_huge with_img\"><div class=\"l-section-img\" style=\"background-image: url(http:\/\/newadrnv.regionordvest.ro\/wp-content\/uploads\/2022\/11\/DSC09970-scaled.jpg);\" data-img-width=\"2560\" data-img-height=\"1440\"><\/div><div class=\"l-section-overlay\" style=\"background:rgba(26,26,26,0.50)\"><\/div><div class=\"l-section-h i-cf\"><div class=\"g-cols via_grid cols_1 laptops-cols_inherit tablets-cols_inherit mobiles-cols_1 valign_top type_default\"><div class=\"wpb_column vc_column_container\"><div class=\"vc_column-inner\"><\/div><\/div><\/div><\/div><\/section><section class=\"l-section wpb_row us_custom_8ec37ca1 height_small\"><div class=\"l-section-h i-cf\"><div class=\"g-cols via_grid cols_1 laptops-cols_inherit tablets-cols_inherit mobiles-cols_1 valign_top type_default\"><div class=\"wpb_column vc_column_container\"><div class=\"vc_column-inner\"><ol class=\"g-breadcrumbs separator_custom align_left\"><li class=\"g-breadcrumbs-item\"><a href=\"http:\/\/newadrnv.regionordvest.ro\/en\/\">Home<\/a><meta content=\"1\"\/><\/li><li class=\"g-breadcrumbs-separator\">\/<\/li><li class=\"g-breadcrumbs-item\">Pages<\/li><\/ol><\/div><\/div><\/div><\/div><\/section><section class=\"l-section wpb_row height_small\"><div class=\"l-section-h i-cf\"><div class=\"g-cols via_grid cols_1-4-1 laptops-cols_inherit tablets-cols_inherit mobiles-cols_1 valign_top type_default\"><div class=\"wpb_column vc_column_container\"><div class=\"vc_column-inner\"><\/div><\/div><div class=\"wpb_column vc_column_container\"><div class=\"vc_column-inner\"><div class=\"wpb_text_column us_custom_95ebd667 has_text_color\"><div class=\"wpb_wrapper\">\n<div class=\"wpcf7 no-js\" id=\"wpcf7-f18210-o1\" lang=\"ro-RO\" dir=\"ltr\" data-wpcf7-id=\"18210\">\n<div class=\"screen-reader-response\"><p role=\"status\" aria-live=\"polite\" aria-atomic=\"true\"><\/p> <ul><\/ul><\/div>\n<form action=\"\/en\/wp-json\/wp\/v2\/pages\/18211#wpcf7-f18210-o1\" method=\"post\" class=\"wpcf7-form init\" aria-label=\"Formular de contact\" novalidate=\"novalidate\" data-status=\"init\">\n<fieldset class=\"hidden-fields-container\"><input type=\"hidden\" name=\"_wpcf7\" value=\"18210\" \/><input type=\"hidden\" name=\"_wpcf7_version\" value=\"6.1.5\" \/><input type=\"hidden\" name=\"_wpcf7_locale\" value=\"ro_RO\" \/><input type=\"hidden\" name=\"_wpcf7_unit_tag\" value=\"wpcf7-f18210-o1\" \/><input type=\"hidden\" name=\"_wpcf7_container_post\" value=\"0\" \/><input type=\"hidden\" name=\"_wpcf7_posted_data_hash\" value=\"\" \/><input type=\"hidden\" name=\"_wpcf7cf_hidden_group_fields\" value=\"[]\" \/><input type=\"hidden\" name=\"_wpcf7cf_hidden_groups\" value=\"[]\" \/><input type=\"hidden\" name=\"_wpcf7cf_visible_groups\" value=\"[]\" \/><input type=\"hidden\" name=\"_wpcf7cf_repeaters\" value=\"[]\" \/><input type=\"hidden\" name=\"_wpcf7cf_steps\" value=\"{}\" \/><input type=\"hidden\" name=\"_wpcf7cf_options\" value=\"{&quot;form_id&quot;:18210,&quot;conditions&quot;:[{&quot;then_field&quot;:&quot;departament-prioritatea-1&quot;,&quot;and_rules&quot;:[{&quot;if_field&quot;:&quot;support-type&quot;,&quot;operator&quot;:&quot;equals&quot;,&quot;if_value&quot;:&quot;Prioritatea de finan\\u021bare1&quot;}]},{&quot;then_field&quot;:&quot;departament-prioritatea-2&quot;,&quot;and_rules&quot;:[{&quot;if_field&quot;:&quot;support-type&quot;,&quot;operator&quot;:&quot;equals&quot;,&quot;if_value&quot;:&quot;Prioritatea de finan\\u021bare2&quot;}]}],&quot;settings&quot;:{&quot;animation&quot;:&quot;yes&quot;,&quot;animation_intime&quot;:200,&quot;animation_outtime&quot;:200,&quot;conditions_ui&quot;:&quot;normal&quot;,&quot;notice_dismissed&quot;:false,&quot;notice_dismissed_update-cf7-6.1.1&quot;:true}}\" \/>\n<\/fieldset>\n<p><label>Nume \u0219i prenume:<br \/>\n<span class=\"wpcf7-form-control-wrap\" data-name=\"your-name\"><input size=\"40\" maxlength=\"400\" class=\"wpcf7-form-control wpcf7-text wpcf7-validates-as-required\" aria-required=\"true\" aria-invalid=\"false\" value=\"\" type=\"text\" name=\"your-name\" \/><\/span><\/label><br \/>\n<label>Email<br \/>\n<span class=\"wpcf7-form-control-wrap\" data-name=\"your-email\"><input size=\"40\" maxlength=\"400\" class=\"wpcf7-form-control wpcf7-email wpcf7-validates-as-required wpcf7-text wpcf7-validates-as-email\" aria-required=\"true\" aria-invalid=\"false\" value=\"\" type=\"email\" name=\"your-email\" \/><\/span><\/label><br \/>\n<label>Subiect<br \/>\n<span class=\"wpcf7-form-control-wrap\" data-name=\"support-type\"><select class=\"wpcf7-form-control wpcf7-select wpcf7-validates-as-required\" aria-required=\"true\" aria-invalid=\"false\" name=\"support-type\"><option value=\"\">-- Alege --<\/option><option value=\"Prioritatea de finan\u021bare1\">Prioritatea de finan\u021bare1<\/option><option value=\"Prioritatea de finan\u021bare2\">Prioritatea de finan\u021bare2<\/option><\/select><\/span><\/label>\n<\/p>\n<div data-id=\"departament-prioritatea-1\" data-orig_data_id=\"departament-prioritatea-1\"  class=\"\" data-class=\"wpcf7cf_group\">\n\t<p><label> Departament <\/label><br \/>\n<span class=\"wpcf7-form-control-wrap\" data-name=\"your-recipient\"><select class=\"wpcf7-form-control wpcf7-select\" aria-invalid=\"false\" name=\"your-recipient\"><option value=\"Financiar\">Financiar<\/option><option value=\"Juridic\">Juridic<\/option><\/select><\/span>\n\t<\/p>\n<\/div>\n<div data-id=\"departament-prioritatea-2\" data-orig_data_id=\"departament-prioritatea-2\"  class=\"\" data-class=\"wpcf7cf_group\">\n\t<p><label> Departament <\/label><br \/>\n<span class=\"wpcf7-form-control-wrap\" data-name=\"your-recipient\"><select class=\"wpcf7-form-control wpcf7-select\" aria-invalid=\"false\" name=\"your-recipient\"><option value=\"Financiar2\">Financiar2<\/option><option value=\"Juridic2\">Juridic2<\/option><\/select><\/span>\n\t<\/p>\n<\/div>\n<p><label>Mesajul dumeavoastr\u0103<br \/>\n<span class=\"wpcf7-form-control-wrap\" data-name=\"your-message\"><textarea cols=\"40\" rows=\"10\" maxlength=\"2000\" class=\"wpcf7-form-control wpcf7-textarea wpcf7-validates-as-required\" aria-required=\"true\" aria-invalid=\"false\" name=\"your-message\"><\/textarea><\/span> <\/label>\n<\/p>\n<p><label> Prin completarea datelor de contact confirma\u021bi c\u0103 a\u021bi fost informa\u021bi cu privire la prelucrarea datelor cu caracter personal de c\u0103tre Agen\u021bia de Dezvoltare Regional\u0103 Nord-Vest, \u00een calitate de Operator, respect\u00e2nd principiile prelucr\u0103rii stabilite de Regulamentul (UE) 2016\/679, av\u00e2nd ca scop organizarea evenimentelor de informare, \u00een baza exercit\u0103rii unui interes legitim al Operatorului. A\u021bi fost informa\u021bi cu privire la drepturile pe care le ave\u021bi cu privire la prelucrarea datelor. Pentru a v\u0103 exercita drepturile, pute\u021bi transmite o cerere la adresa de e-mail: dataprotection@nord-vest.ro. Responsabilul cu protec\u021bia datelor al Operatorului este IT EMBASSY. Datele de contact ale Autorit\u0103\u021bii Na\u021bionale de Supraveghere a Prelucr\u0103rii Datelor cu Caracter Personal: Bulevardul General Gheorghe Magheru, Nr. 28-30, Sector 1, Cod Po\u0219tal 010336, Bucure\u0219ti, Rom\u00e2nia. *<br \/>\n<span class=\"wpcf7-form-control-wrap\" data-name=\"PrincompletareadatelordecontactconfirmaicaifostinformaicuprivirelaprelucrareadatelorcucaracterpersonaldectreAgeniadeDezvoltareRegionalNord-VestncalitatedeOperatorrespectndprincipiileprelucrriistabilitedeRegulamentulUE2016679avndcascoporganizareaevenimentelordeinformarenbazaexercitriiunuiintereslegitimalOperatorului_Aifostinformaicuprivireladrepturilepecareleaveicuprivirelaprelucrareadatelor_Pentruavexercitadrepturileputeitransmiteocererelaadresadee-mail:dataprotectionnord-vest_ro_ResponsabilulcuproteciadateloralOperatoruluiesteITEMBASSY_DateledecontactaleAutoritiiNaionaledeSupraveghereaPrelucrriiDatelorcuCaracterPersonal:BulevardulGeneralGheorgheMagheruNr_28-30Sector1CodPotal010336BucuretiRomnia_\"><span class=\"wpcf7-form-control wpcf7-acceptance\"><span class=\"wpcf7-list-item\"><input type=\"checkbox\" name=\"PrincompletareadatelordecontactconfirmaicaifostinformaicuprivirelaprelucrareadatelorcucaracterpersonaldectreAgeniadeDezvoltareRegionalNord-VestncalitatedeOperatorrespectndprincipiileprelucrriistabilitedeRegulamentulUE2016679avndcascoporganizareaevenimentelordeinformarenbazaexercitriiunuiintereslegitimalOperatorului_Aifostinformaicuprivireladrepturilepecareleaveicuprivirelaprelucrareadatelor_Pentruavexercitadrepturileputeitransmiteocererelaadresadee-mail:dataprotectionnord-vest_ro_ResponsabilulcuproteciadateloralOperatoruluiesteITEMBASSY_DateledecontactaleAutoritiiNaionaledeSupraveghereaPrelucrriiDatelorcuCaracterPersonal:BulevardulGeneralGheorgheMagheruNr_28-30Sector1CodPotal010336BucuretiRomnia_\" value=\"1\" aria-invalid=\"false\" \/><\/span><\/span><\/span> <\/label>\n<\/p>\n<p><input class=\"wpcf7-form-control wpcf7-submit has-spinner\" type=\"submit\" value=\"Trimite\" \/>\n<\/p><div class=\"wpcf7-response-output\" aria-hidden=\"true\"><\/div>\n<\/form>\n<\/div>\n\n<\/div><\/div><div class=\"wpb_text_column\"><div class=\"wpb_wrapper\"><\/div><\/div><\/div><\/div><div class=\"wpb_column vc_column_container\"><div class=\"vc_column-inner\"><\/div><\/div><\/div><\/div><\/section><section class=\"l-section wpb_row us_custom_28082928 height_medium\"><div class=\"l-section-h i-cf\"><div class=\"g-cols via_grid cols_1 laptops-cols_inherit tablets-cols_inherit mobiles-cols_1 valign_middle type_default\" style=\"grid-gap:1rem;\"><div class=\"wpb_column vc_column_container\" id=\"meniu-footer\"><div class=\"vc_column-inner\"><div class=\"g-cols wpb_row via_grid cols_1 laptops-cols_inherit tablets-cols_inherit mobiles-cols_1 valign_top type_default\" style=\"grid-gap:0.5rem;\"><div class=\"wpb_column vc_column_container us_custom_8ec37ca1\"><div class=\"vc_column-inner\"><div class=\"w-menu us_custom_7da95c6c navig layout_hor spread style_links us_menu_1\" style=\"--main-gap:0.5rem;--main-ver-indent:0.8em;--main-hor-indent:0.8em;\" id=\"indicator\"><ul id=\"menu-por-2014-2020\" class=\"menu\"><li id=\"menu-item-28265\" class=\"menu-item menu-item-type-post_type menu-item-object-page menu-item-28265\"><a href=\"http:\/\/newadrnv.regionordvest.ro\/en\/por-2014-2020\/ghiduri-2014-2020\/\">Ghiduri 2014-2020<\/a><\/li><li id=\"menu-item-28269\" class=\"menu-item menu-item-type-post_type menu-item-object-page menu-item-28269\"><a href=\"http:\/\/newadrnv.regionordvest.ro\/en\/por-2014-2020\/instructiuni-am-por\/\">Instruc\u021biuni AM POR<\/a><\/li><li id=\"menu-item-28268\" class=\"menu-item menu-item-type-post_type menu-item-object-page menu-item-28268\"><a href=\"http:\/\/newadrnv.regionordvest.ro\/en\/por-2014-2020\/identitate-vizuala-2014-2020\/\">Identitate vizual\u0103<\/a><\/li><li id=\"menu-item-28267\" class=\"menu-item menu-item-type-post_type menu-item-object-page menu-item-28267\"><a href=\"http:\/\/newadrnv.regionordvest.ro\/en\/por-2014-2020\/helpdesk\/\">Helpdesk<\/a><\/li><li id=\"menu-item-28263\" class=\"menu-item menu-item-type-post_type menu-item-object-page menu-item-28263\"><a href=\"http:\/\/newadrnv.regionordvest.ro\/en\/por-2014-2020\/decizii-cm-por\/\">Decizii CM POR<\/a><\/li><li id=\"menu-item-28270\" class=\"menu-item menu-item-type-post_type menu-item-object-page menu-item-28270\"><a href=\"http:\/\/newadrnv.regionordvest.ro\/en\/por-2014-2020\/mysmis2014\/\">MySMIS<\/a><\/li><li id=\"menu-item-28264\" class=\"menu-item menu-item-type-post_type menu-item-object-page menu-item-28264\"><a href=\"http:\/\/newadrnv.regionordvest.ro\/en\/por-2014-2020\/evenimente-informatii-utile\/\">Evenimente &#038; Informa\u021bii utile<\/a><\/li><li id=\"menu-item-28266\" class=\"menu-item menu-item-type-post_type menu-item-object-page menu-item-28266\"><a href=\"http:\/\/newadrnv.regionordvest.ro\/en\/por-2014-2020\/ghiduri-2014-2020\/apeluri-regio-2014-2020\/\">APELURI REGIO 2014-2020<\/a><\/li><\/ul><style>.us_menu_1 .menu>li>a{color:#1a1a1a}.us_menu_1 .menu>.menu-item:not(.current-menu-item)>a:hover{color:#ffffff}.us_menu_1 .menu>.current-menu-item>a{color:#ffffff}@media ( max-width:600px ){.us_menu_1 .menu{display:block!important}.us_menu_1 .menu>li{margin:0 0 var(--main-gap,0.5rem)!important}}<\/style><\/div><\/div><\/div><\/div><\/div><\/div><\/div><\/div><\/section>\n","protected":false},"excerpt":{"rendered":"Home\/Pages Nume \u0219i prenume: Email Subiect -- Alege --Prioritatea de finan\u021bare1Prioritatea de finan\u021bare2 Departament FinanciarJuridic Departament Financiar2Juridic2 Mesajul dumeavoastr\u0103 Prin completarea datelor de contact confirma\u021bi c\u0103 a\u021bi fost informa\u021bi cu privire la prelucrarea datelor cu caracter personal de c\u0103tre Agen\u021bia de Dezvoltare Regional\u0103 Nord-Vest, \u00een calitate de Operator, respect\u00e2nd principiile prelucr\u0103rii stabilite de Regulamentul (UE)...","protected":false},"author":1,"featured_media":0,"parent":18062,"menu_order":0,"comment_status":"closed","ping_status":"closed","template":"","meta":{"footnotes":"","beyondwords_generate_audio":"","beyondwords_integration_method":"","beyondwords_project_id":"","beyondwords_content_id":"","beyondwords_preview_token":"","beyondwords_player_content":"","beyondwords_player_style":"","beyondwords_language_code":"","beyondwords_language_id":"","beyondwords_title_voice_id":"","beyondwords_body_voice_id":"","beyondwords_summary_voice_id":"","beyondwords_error_message":"","beyondwords_disabled":"","beyondwords_delete_content":"","beyondwords_podcast_id":"","beyondwords_hash":"","publish_post_to_speechkit":"","speechkit_hash":"","speechkit_generate_audio":"","speechkit_project_id":"","speechkit_podcast_id":"","speechkit_error_message":"","speechkit_disabled":"","speechkit_access_key":"","speechkit_error":"","speechkit_info":"","speechkit_response":"","speechkit_retries":"","speechkit_status":"","speechkit_updated_at":"","_speechkit_link":"","_speechkit_text":""},"class_list":["post-18211","page","type-page","status-publish","hentry"],"publishpress_future_action":{"enabled":false,"date":"2026-05-09 17:48:09","action":"change-status","newStatus":"draft","terms":[],"taxonomy":"","extraData":[]},"publishpress_future_workflow_manual_trigger":{"enabledWorkflows":[]},"_links":{"self":[{"href":"http:\/\/newadrnv.regionordvest.ro\/en\/wp-json\/wp\/v2\/pages\/18211","targetHints":{"allow":["GET"]}}],"collection":[{"href":"http:\/\/newadrnv.regionordvest.ro\/en\/wp-json\/wp\/v2\/pages"}],"about":[{"href":"http:\/\/newadrnv.regionordvest.ro\/en\/wp-json\/wp\/v2\/types\/page"}],"author":[{"embeddable":true,"href":"http:\/\/newadrnv.regionordvest.ro\/en\/wp-json\/wp\/v2\/users\/1"}],"replies":[{"embeddable":true,"href":"http:\/\/newadrnv.regionordvest.ro\/en\/wp-json\/wp\/v2\/comments?post=18211"}],"version-history":[{"count":6,"href":"http:\/\/newadrnv.regionordvest.ro\/en\/wp-json\/wp\/v2\/pages\/18211\/revisions"}],"predecessor-version":[{"id":20127,"href":"http:\/\/newadrnv.regionordvest.ro\/en\/wp-json\/wp\/v2\/pages\/18211\/revisions\/20127"}],"up":[{"embeddable":true,"href":"http:\/\/newadrnv.regionordvest.ro\/en\/wp-json\/wp\/v2\/pages\/18062"}],"wp:attachment":[{"href":"http:\/\/newadrnv.regionordvest.ro\/en\/wp-json\/wp\/v2\/media?parent=18211"}],"curies":[{"name":"wp","href":"https:\/\/api.w.org\/{rel}","templated":true}]}}