{"id":34125,"date":"2026-02-24T14:57:53","date_gmt":"2026-02-24T12:57:53","guid":{"rendered":"https:\/\/newadrnv.regionordvest.ro\/?page_id=34125"},"modified":"2026-02-24T18:29:37","modified_gmt":"2026-02-24T16:29:37","slug":"proiecte-in-implementare","status":"publish","type":"page","link":"http:\/\/newadrnv.regionordvest.ro\/en\/proiecte-proprii\/proiecte-in-implementare\/","title":{"rendered":"Projects under implementation"},"content":{"rendered":"<section class=\"l-section wpb_row height_small color_primary\"><div class=\"l-section-h i-cf\"><div class=\"g-cols via_grid cols_1 laptops-cols_inherit tablets-cols_inherit mobiles-cols_1 valign_bottom type_default\" style=\"grid-gap:0.1rem;\"><div class=\"wpb_column vc_column_container\"><div class=\"vc_column-inner\"><ol class=\"g-breadcrumbs separator_custom align_left\"><li class=\"g-breadcrumbs-item\"><a href=\"http:\/\/newadrnv.regionordvest.ro\/en\/\">Home<\/a><meta content=\"1\"\/><\/li><li class=\"g-breadcrumbs-separator\">\/<\/li><li class=\"g-breadcrumbs-item\">Pages<\/li><\/ol><\/div><\/div><\/div><\/div><\/section><section class=\"l-section wpb_row us_custom_4ba8f004 height_medium color_primary\"><div class=\"l-section-h i-cf\"><div class=\"g-cols via_grid cols_1 laptops-cols_inherit tablets-cols_inherit mobiles-cols_1 valign_top type_default\"><div class=\"wpb_column vc_column_container\"><div class=\"vc_column-inner\"><div class=\"wpb_text_column us_custom_b22c6588 has_text_color\"><div class=\"wpb_wrapper\"><p><span style=\"font-size: 30px; font-weight: 600;\">Own projects<\/span><br \/><span style=\"font-size: 58px;\">\u00een implementare<\/span><\/p>\n<\/div><\/div><div class=\"wpb_text_column us_custom_31facb31 has_text_color\"><div class=\"wpb_wrapper\"><p>Departamentul de Proiecte Proprii al ADR Nord-Vest este spa\u021biul \u00een care viziunea strategic\u0103 pentru dezvoltarea regiunii se transform\u0103 \u00een proiecte concrete pentru care se atrage finan\u021bare european\u0103 sau na\u021bional\u0103, \u00een care rolul ADR Nord-Vest este de partener direct sau beneficiar.<\/p>\n<p>Cu o activitate de mai mult de 25\u00a0de ani, ADR Nord-Vest a fost implicat\u0103 \u00een peste 50 proiecte europene \u0219i na\u021bionale cu o valoare total\u0103 ce dep\u0103\u0219e\u0219te 8 milioane de euro.<\/p>\n<\/div><\/div><\/div><\/div><\/div><\/div><\/section><section class=\"l-section wpb_row height_small\"><div class=\"l-section-h i-cf\"><div class=\"g-cols via_grid cols_1 laptops-cols_inherit tablets-cols_inherit mobiles-cols_1 valign_top type_default\"><div class=\"wpb_column vc_column_container\"><div class=\"vc_column-inner\"><div class=\"g-cols wpb_row via_grid cols_4 laptops-cols_inherit tablets-cols_inherit mobiles-cols_1 valign_top type_default\" style=\"grid-gap:2rem;\"><div class=\"wpb_column vc_column_container us_custom_91a0e65e\"><div class=\"vc_column-inner\"><div class=\"w-iconbox us_custom_69e5a99d iconpos_top style_default color_primary align_center no_title has_text_color icontype_img\"><a href=\"\/en\/proiecte-proprii\/proiecte-in-implementare\/integra\/\" class=\"w-iconbox-link\" aria-label=\"fas|star\"><div class=\"w-iconbox-icon\" style=\"font-size:12rem;\"><img loading=\"lazy\" decoding=\"async\" width=\"370\" height=\"133\" src=\"http:\/\/newadrnv.regionordvest.ro\/wp-content\/uploads\/2026\/02\/integra-1.png\" class=\"attachment-full size-full\" alt=\"\" srcset=\"http:\/\/newadrnv.regionordvest.ro\/wp-content\/uploads\/2026\/02\/integra-1.png 370w, http:\/\/newadrnv.regionordvest.ro\/wp-content\/uploads\/2026\/02\/integra-1-18x6.png 18w, http:\/\/newadrnv.regionordvest.ro\/wp-content\/uploads\/2026\/02\/integra-1-195x70.png 195w\" sizes=\"auto, (max-width: 370px) 100vw, 370px\" \/><\/div><\/a><div class=\"w-iconbox-meta\"><div class=\"w-iconbox-text\"><p>INTEGRA<\/p>\n<\/div><\/div><\/div><\/div><\/div><div class=\"wpb_column vc_column_container us_custom_91a0e65e\"><div class=\"vc_column-inner\"><div class=\"w-iconbox us_custom_69e5a99d iconpos_top style_default color_primary align_center no_title has_text_color icontype_img\"><div class=\"w-iconbox-icon\" style=\"font-size:12rem;\"><img loading=\"lazy\" decoding=\"async\" width=\"382\" height=\"137\" src=\"http:\/\/newadrnv.regionordvest.ro\/wp-content\/uploads\/2026\/02\/Logo-Debuting-1.png\" class=\"attachment-full size-full\" alt=\"\" srcset=\"http:\/\/newadrnv.regionordvest.ro\/wp-content\/uploads\/2026\/02\/Logo-Debuting-1.png 382w, http:\/\/newadrnv.regionordvest.ro\/wp-content\/uploads\/2026\/02\/Logo-Debuting-1-18x6.png 18w, http:\/\/newadrnv.regionordvest.ro\/wp-content\/uploads\/2026\/02\/Logo-Debuting-1-372x133.png 372w, http:\/\/newadrnv.regionordvest.ro\/wp-content\/uploads\/2026\/02\/Logo-Debuting-1-195x70.png 195w\" sizes=\"auto, (max-width: 382px) 100vw, 382px\" \/><\/div><div class=\"w-iconbox-meta\"><div class=\"w-iconbox-text\"><p>DEBUTING<\/p>\n<\/div><\/div><\/div><\/div><\/div><div class=\"wpb_column vc_column_container us_custom_91a0e65e\"><div class=\"vc_column-inner\"><div class=\"w-iconbox us_custom_69e5a99d iconpos_top style_default color_primary align_center no_title has_text_color icontype_img\"><div class=\"w-iconbox-icon\" style=\"font-size:12rem;\"><img loading=\"lazy\" decoding=\"async\" width=\"382\" height=\"131\" src=\"http:\/\/newadrnv.regionordvest.ro\/wp-content\/uploads\/2026\/02\/1-Notre-1.png\" class=\"attachment-full size-full\" alt=\"\" srcset=\"http:\/\/newadrnv.regionordvest.ro\/wp-content\/uploads\/2026\/02\/1-Notre-1.png 382w, http:\/\/newadrnv.regionordvest.ro\/wp-content\/uploads\/2026\/02\/1-Notre-1-18x6.png 18w, http:\/\/newadrnv.regionordvest.ro\/wp-content\/uploads\/2026\/02\/1-Notre-1-372x128.png 372w, http:\/\/newadrnv.regionordvest.ro\/wp-content\/uploads\/2026\/02\/1-Notre-1-204x70.png 204w\" sizes=\"auto, (max-width: 382px) 100vw, 382px\" \/><\/div><div class=\"w-iconbox-meta\"><div class=\"w-iconbox-text\"><p>NOTRE<\/p>\n<\/div><\/div><\/div><\/div><\/div><div class=\"wpb_column vc_column_container us_custom_91a0e65e\"><div class=\"vc_column-inner\"><div class=\"w-iconbox us_custom_69e5a99d iconpos_top style_default color_primary align_center no_title has_text_color icontype_img\"><div class=\"w-iconbox-icon\" style=\"font-size:12rem;\"><img loading=\"lazy\" decoding=\"async\" width=\"381\" height=\"136\" src=\"http:\/\/newadrnv.regionordvest.ro\/wp-content\/uploads\/2026\/02\/crowdfundmatch-1.png\" class=\"attachment-full size-full\" alt=\"\" srcset=\"http:\/\/newadrnv.regionordvest.ro\/wp-content\/uploads\/2026\/02\/crowdfundmatch-1.png 381w, http:\/\/newadrnv.regionordvest.ro\/wp-content\/uploads\/2026\/02\/crowdfundmatch-1-18x6.png 18w, http:\/\/newadrnv.regionordvest.ro\/wp-content\/uploads\/2026\/02\/crowdfundmatch-1-372x133.png 372w, http:\/\/newadrnv.regionordvest.ro\/wp-content\/uploads\/2026\/02\/crowdfundmatch-1-196x70.png 196w\" sizes=\"auto, (max-width: 381px) 100vw, 381px\" \/><\/div><div class=\"w-iconbox-meta\"><div class=\"w-iconbox-text\"><p>CROWDFUNDMATCH<\/p>\n<\/div><\/div><\/div><\/div><\/div><\/div><div class=\"w-separator size_small\"><\/div><div class=\"g-cols wpb_row via_grid cols_4 laptops-cols_inherit tablets-cols_inherit mobiles-cols_1 valign_top type_default\" style=\"grid-gap:2rem;\"><div class=\"wpb_column vc_column_container us_custom_91a0e65e\"><div class=\"vc_column-inner\"><div class=\"w-iconbox us_custom_69e5a99d iconpos_top style_default color_primary align_center no_title has_text_color icontype_img\"><div class=\"w-iconbox-icon\" style=\"font-size:12rem;\"><img loading=\"lazy\" decoding=\"async\" width=\"367\" height=\"132\" src=\"http:\/\/newadrnv.regionordvest.ro\/wp-content\/uploads\/2026\/02\/unicornquest-1.png\" class=\"attachment-full size-full\" alt=\"\" srcset=\"http:\/\/newadrnv.regionordvest.ro\/wp-content\/uploads\/2026\/02\/unicornquest-1.png 367w, http:\/\/newadrnv.regionordvest.ro\/wp-content\/uploads\/2026\/02\/unicornquest-1-18x6.png 18w, http:\/\/newadrnv.regionordvest.ro\/wp-content\/uploads\/2026\/02\/unicornquest-1-195x70.png 195w\" sizes=\"auto, (max-width: 367px) 100vw, 367px\" \/><\/div><div class=\"w-iconbox-meta\"><div class=\"w-iconbox-text\"><p>UnicornQuest<\/p>\n<\/div><\/div><\/div><\/div><\/div><div class=\"wpb_column vc_column_container us_custom_91a0e65e\"><div class=\"vc_column-inner\"><div class=\"w-iconbox us_custom_69e5a99d iconpos_top style_default color_primary align_center no_title has_text_color icontype_img\"><div class=\"w-iconbox-icon\" style=\"font-size:12rem;\"><img loading=\"lazy\" decoding=\"async\" width=\"338\" height=\"109\" src=\"http:\/\/newadrnv.regionordvest.ro\/wp-content\/uploads\/2026\/02\/adma-trans4mers-logo-1.png\" class=\"attachment-full size-full\" alt=\"\" srcset=\"http:\/\/newadrnv.regionordvest.ro\/wp-content\/uploads\/2026\/02\/adma-trans4mers-logo-1.png 338w, http:\/\/newadrnv.regionordvest.ro\/wp-content\/uploads\/2026\/02\/adma-trans4mers-logo-1-18x6.png 18w, http:\/\/newadrnv.regionordvest.ro\/wp-content\/uploads\/2026\/02\/adma-trans4mers-logo-1-217x70.png 217w\" sizes=\"auto, (max-width: 338px) 100vw, 338px\" \/><\/div><div class=\"w-iconbox-meta\"><div class=\"w-iconbox-text\"><p>ADMA TranS4MErs<\/p>\n<\/div><\/div><\/div><\/div><\/div><div class=\"wpb_column vc_column_container us_custom_91a0e65e\"><div class=\"vc_column-inner\"><div class=\"w-iconbox us_custom_69e5a99d iconpos_top style_default color_primary align_center no_title has_text_color icontype_img\"><div class=\"w-iconbox-icon\" style=\"font-size:6rem;\"><img loading=\"lazy\" decoding=\"async\" width=\"177\" height=\"153\" src=\"http:\/\/newadrnv.regionordvest.ro\/wp-content\/uploads\/2026\/02\/bisnet-1.png\" class=\"attachment-full size-full\" alt=\"\" srcset=\"http:\/\/newadrnv.regionordvest.ro\/wp-content\/uploads\/2026\/02\/bisnet-1.png 177w, http:\/\/newadrnv.regionordvest.ro\/wp-content\/uploads\/2026\/02\/bisnet-1-14x12.png 14w, http:\/\/newadrnv.regionordvest.ro\/wp-content\/uploads\/2026\/02\/bisnet-1-81x70.png 81w\" sizes=\"auto, (max-width: 177px) 100vw, 177px\" \/><\/div><div class=\"w-iconbox-meta\"><div class=\"w-iconbox-text\"><p>BISNet Transylvania 2025-2028<\/p>\n<\/div><\/div><\/div><\/div><\/div><div class=\"wpb_column vc_column_container us_custom_91a0e65e\"><div class=\"vc_column-inner\"><div class=\"w-iconbox us_custom_69e5a99d iconpos_top style_default color_primary align_center no_title has_text_color icontype_img\"><div class=\"w-iconbox-icon\" style=\"font-size:12rem;\"><img loading=\"lazy\" decoding=\"async\" width=\"321\" height=\"125\" src=\"http:\/\/newadrnv.regionordvest.ro\/wp-content\/uploads\/2026\/02\/in4sfs-1.png\" class=\"attachment-full size-full\" alt=\"\" srcset=\"http:\/\/newadrnv.regionordvest.ro\/wp-content\/uploads\/2026\/02\/in4sfs-1.png 321w, http:\/\/newadrnv.regionordvest.ro\/wp-content\/uploads\/2026\/02\/in4sfs-1-18x7.png 18w, http:\/\/newadrnv.regionordvest.ro\/wp-content\/uploads\/2026\/02\/in4sfs-1-180x70.png 180w\" sizes=\"auto, (max-width: 321px) 100vw, 321px\" \/><\/div><div class=\"w-iconbox-meta\"><div class=\"w-iconbox-text\"><p>IN4SFS<\/p>\n<\/div><\/div><\/div><\/div><\/div><\/div><div class=\"w-separator size_small\"><\/div><div class=\"g-cols wpb_row via_grid cols_4 laptops-cols_inherit tablets-cols_inherit mobiles-cols_1 valign_top type_default\" style=\"grid-gap:2rem;\"><div class=\"wpb_column vc_column_container us_custom_91a0e65e\"><div class=\"vc_column-inner\"><div class=\"w-iconbox us_custom_69e5a99d iconpos_top style_default color_primary align_center no_title has_text_color icontype_img\"><div class=\"w-iconbox-icon\" style=\"font-size:6rem;\"><img loading=\"lazy\" decoding=\"async\" width=\"195\" height=\"135\" src=\"http:\/\/newadrnv.regionordvest.ro\/wp-content\/uploads\/2026\/02\/actt4cosm-1.png\" class=\"attachment-full size-full\" alt=\"\" srcset=\"http:\/\/newadrnv.regionordvest.ro\/wp-content\/uploads\/2026\/02\/actt4cosm-1.png 195w, http:\/\/newadrnv.regionordvest.ro\/wp-content\/uploads\/2026\/02\/actt4cosm-1-18x12.png 18w, http:\/\/newadrnv.regionordvest.ro\/wp-content\/uploads\/2026\/02\/actt4cosm-1-101x70.png 101w\" sizes=\"auto, (max-width: 195px) 100vw, 195px\" \/><\/div><div class=\"w-iconbox-meta\"><div class=\"w-iconbox-text\"><p>ACTT4Cosmetics<\/p>\n<\/div><\/div><\/div><\/div><\/div><div class=\"wpb_column vc_column_container us_custom_91a0e65e\"><div class=\"vc_column-inner\"><div class=\"w-iconbox us_custom_69e5a99d iconpos_top style_default color_primary align_center no_title has_text_color icontype_img\"><div class=\"w-iconbox-icon\" style=\"font-size:12rem;\"><img loading=\"lazy\" decoding=\"async\" width=\"375\" height=\"134\" src=\"http:\/\/newadrnv.regionordvest.ro\/wp-content\/uploads\/2026\/02\/talent4s3-1.png\" class=\"attachment-full size-full\" alt=\"\" srcset=\"http:\/\/newadrnv.regionordvest.ro\/wp-content\/uploads\/2026\/02\/talent4s3-1.png 375w, http:\/\/newadrnv.regionordvest.ro\/wp-content\/uploads\/2026\/02\/talent4s3-1-18x6.png 18w, http:\/\/newadrnv.regionordvest.ro\/wp-content\/uploads\/2026\/02\/talent4s3-1-372x133.png 372w, http:\/\/newadrnv.regionordvest.ro\/wp-content\/uploads\/2026\/02\/talent4s3-1-196x70.png 196w\" sizes=\"auto, (max-width: 375px) 100vw, 375px\" \/><\/div><div class=\"w-iconbox-meta\"><div class=\"w-iconbox-text\"><p>TALENT4S3<\/p>\n<\/div><\/div><\/div><\/div><\/div><div class=\"wpb_column vc_column_container us_custom_91a0e65e\"><div class=\"vc_column-inner\"><div class=\"w-iconbox us_custom_69e5a99d iconpos_top style_default color_primary align_center no_title has_text_color icontype_img\"><div class=\"w-iconbox-icon\" style=\"font-size:12rem;\"><img loading=\"lazy\" decoding=\"async\" width=\"375\" height=\"134\" src=\"http:\/\/newadrnv.regionordvest.ro\/wp-content\/uploads\/2026\/02\/greengov-1.png\" class=\"attachment-full size-full\" alt=\"\" srcset=\"http:\/\/newadrnv.regionordvest.ro\/wp-content\/uploads\/2026\/02\/greengov-1.png 375w, http:\/\/newadrnv.regionordvest.ro\/wp-content\/uploads\/2026\/02\/greengov-1-18x6.png 18w, http:\/\/newadrnv.regionordvest.ro\/wp-content\/uploads\/2026\/02\/greengov-1-372x133.png 372w, http:\/\/newadrnv.regionordvest.ro\/wp-content\/uploads\/2026\/02\/greengov-1-196x70.png 196w\" sizes=\"auto, (max-width: 375px) 100vw, 375px\" \/><\/div><div class=\"w-iconbox-meta\"><div class=\"w-iconbox-text\"><p>GreenGov<\/p>\n<\/div><\/div><\/div><\/div><\/div><div class=\"wpb_column vc_column_container us_custom_91a0e65e\"><div class=\"vc_column-inner\"><div class=\"w-iconbox us_custom_69e5a99d iconpos_top style_default color_primary align_center no_title has_text_color icontype_img\"><div class=\"w-iconbox-icon\" style=\"font-size:12rem;\"><img loading=\"lazy\" decoding=\"async\" width=\"338\" height=\"73\" src=\"http:\/\/newadrnv.regionordvest.ro\/wp-content\/uploads\/2026\/02\/tricreates-1.png\" class=\"attachment-full size-full\" alt=\"\" srcset=\"http:\/\/newadrnv.regionordvest.ro\/wp-content\/uploads\/2026\/02\/tricreates-1.png 338w, http:\/\/newadrnv.regionordvest.ro\/wp-content\/uploads\/2026\/02\/tricreates-1-18x4.png 18w, http:\/\/newadrnv.regionordvest.ro\/wp-content\/uploads\/2026\/02\/tricreates-1-245x53.png 245w\" sizes=\"auto, (max-width: 338px) 100vw, 338px\" \/><\/div><div class=\"w-iconbox-meta\"><div class=\"w-iconbox-text\"><p>TRI-CREATES<\/p>\n<\/div><\/div><\/div><\/div><\/div><\/div><div class=\"w-separator size_small\"><\/div><div class=\"g-cols wpb_row via_grid cols_4 laptops-cols_inherit tablets-cols_inherit mobiles-cols_1 valign_top type_default\" style=\"grid-gap:2rem;\"><div class=\"wpb_column vc_column_container us_custom_91a0e65e\"><div class=\"vc_column-inner\"><div class=\"w-iconbox us_custom_69e5a99d iconpos_top style_default color_primary align_center no_title has_text_color icontype_img\"><div class=\"w-iconbox-icon\" style=\"font-size:12rem;\"><img loading=\"lazy\" decoding=\"async\" width=\"369\" height=\"121\" src=\"http:\/\/newadrnv.regionordvest.ro\/wp-content\/uploads\/2026\/02\/capttict-1.png\" class=\"attachment-full size-full\" alt=\"\" srcset=\"http:\/\/newadrnv.regionordvest.ro\/wp-content\/uploads\/2026\/02\/capttict-1.png 369w, http:\/\/newadrnv.regionordvest.ro\/wp-content\/uploads\/2026\/02\/capttict-1-18x6.png 18w, http:\/\/newadrnv.regionordvest.ro\/wp-content\/uploads\/2026\/02\/capttict-1-213x70.png 213w\" sizes=\"auto, (max-width: 369px) 100vw, 369px\" \/><\/div><div class=\"w-iconbox-meta\"><div class=\"w-iconbox-text\"><p>CapTTict<\/p>\n<\/div><\/div><\/div><\/div><\/div><div class=\"wpb_column vc_column_container us_custom_91a0e65e\"><div class=\"vc_column-inner\"><div class=\"w-iconbox us_custom_69e5a99d iconpos_top style_default color_primary align_center no_title has_text_color icontype_img\"><div class=\"w-iconbox-icon\" style=\"font-size:12rem;\"><img loading=\"lazy\" decoding=\"async\" width=\"331\" height=\"86\" src=\"http:\/\/newadrnv.regionordvest.ro\/wp-content\/uploads\/2026\/02\/nona-1.png\" class=\"attachment-full size-full\" alt=\"\" srcset=\"http:\/\/newadrnv.regionordvest.ro\/wp-content\/uploads\/2026\/02\/nona-1.png 331w, http:\/\/newadrnv.regionordvest.ro\/wp-content\/uploads\/2026\/02\/nona-1-18x5.png 18w, http:\/\/newadrnv.regionordvest.ro\/wp-content\/uploads\/2026\/02\/nona-1-245x64.png 245w\" sizes=\"auto, (max-width: 331px) 100vw, 331px\" \/><\/div><div class=\"w-iconbox-meta\"><div class=\"w-iconbox-text\"><p>NONA<\/p>\n<\/div><\/div><\/div><\/div><\/div><\/div><\/div><\/div><\/div><\/div><\/section>","protected":false},"excerpt":{"rendered":"Home\/PagesProiecte proprii\u00een implementare Departamentul de Proiecte Proprii al ADR Nord-Vest este spa\u021biul \u00een care viziunea strategic\u0103 pentru dezvoltarea regiunii se transform\u0103 \u00een proiecte concrete pentru care se atrage finan\u021bare european\u0103 sau na\u021bional\u0103, \u00een care rolul ADR Nord-Vest este de partener direct sau beneficiar. Cu o activitate de mai mult de 25\u00a0de ani, ADR Nord-Vest a...","protected":false},"author":1,"featured_media":0,"parent":34089,"menu_order":0,"comment_status":"closed","ping_status":"closed","template":"","meta":{"footnotes":"","beyondwords_generate_audio":"1","beyondwords_integration_method":"","beyondwords_project_id":"21144","beyondwords_content_id":"eb62f1ca-71c4-4881-b696-3758f4e33a5e","beyondwords_preview_token":"1f6c8efa-f4ec-4ea4-96f4-772a4c495fc4","beyondwords_player_content":"","beyondwords_player_style":"standard","beyondwords_language_code":"","beyondwords_language_id":"","beyondwords_title_voice_id":"","beyondwords_body_voice_id":"","beyondwords_summary_voice_id":"","beyondwords_error_message":"","beyondwords_disabled":"","beyondwords_delete_content":"","beyondwords_podcast_id":"","beyondwords_hash":"","publish_post_to_speechkit":"","speechkit_hash":"","speechkit_generate_audio":"","speechkit_project_id":"","speechkit_podcast_id":"","speechkit_error_message":"","speechkit_disabled":"","speechkit_access_key":"","speechkit_error":"","speechkit_info":"","speechkit_response":"","speechkit_retries":"","speechkit_status":"","speechkit_updated_at":"","_speechkit_link":"","_speechkit_text":""},"class_list":["post-34125","page","type-page","status-publish","hentry"],"publishpress_future_action":{"enabled":false,"date":"2026-05-09 17:48:19","action":"change-status","newStatus":"draft","terms":[],"taxonomy":"","extraData":[]},"publishpress_future_workflow_manual_trigger":{"enabledWorkflows":[]},"_links":{"self":[{"href":"http:\/\/newadrnv.regionordvest.ro\/en\/wp-json\/wp\/v2\/pages\/34125","targetHints":{"allow":["GET"]}}],"collection":[{"href":"http:\/\/newadrnv.regionordvest.ro\/en\/wp-json\/wp\/v2\/pages"}],"about":[{"href":"http:\/\/newadrnv.regionordvest.ro\/en\/wp-json\/wp\/v2\/types\/page"}],"author":[{"embeddable":true,"href":"http:\/\/newadrnv.regionordvest.ro\/en\/wp-json\/wp\/v2\/users\/1"}],"replies":[{"embeddable":true,"href":"http:\/\/newadrnv.regionordvest.ro\/en\/wp-json\/wp\/v2\/comments?post=34125"}],"version-history":[{"count":14,"href":"http:\/\/newadrnv.regionordvest.ro\/en\/wp-json\/wp\/v2\/pages\/34125\/revisions"}],"predecessor-version":[{"id":34223,"href":"http:\/\/newadrnv.regionordvest.ro\/en\/wp-json\/wp\/v2\/pages\/34125\/revisions\/34223"}],"up":[{"embeddable":true,"href":"http:\/\/newadrnv.regionordvest.ro\/en\/wp-json\/wp\/v2\/pages\/34089"}],"wp:attachment":[{"href":"http:\/\/newadrnv.regionordvest.ro\/en\/wp-json\/wp\/v2\/media?parent=34125"}],"curies":[{"name":"wp","href":"https:\/\/api.w.org\/{rel}","templated":true}]}}