{"id":142,"date":"2016-01-14T12:37:37","date_gmt":"2016-01-14T10:37:37","guid":{"rendered":"http:\/\/www.nord-vest.ro\/?page_id=142"},"modified":"2026-01-22T14:23:44","modified_gmt":"2026-01-22T12:23:44","slug":"despre-noi","status":"publish","type":"page","link":"https:\/\/newadrnv.regionordvest.ro\/en\/despre-noi\/","title":{"rendered":"About us"},"content":{"rendered":"<section class=\"l-section wpb_row height_small color_primary\"><div class=\"l-section-h i-cf\"><div class=\"g-cols via_grid cols_1 laptops-cols_inherit tablets-cols_inherit mobiles-cols_1 valign_bottom type_default\" style=\"grid-gap:0.1rem;\"><div class=\"wpb_column vc_column_container\"><div class=\"vc_column-inner\"><ol class=\"g-breadcrumbs separator_custom align_left\"><li class=\"g-breadcrumbs-item\"><a href=\"https:\/\/newadrnv.regionordvest.ro\/en\/\">Home<\/a><meta content=\"1\"\/><\/li><li class=\"g-breadcrumbs-separator\">\/<\/li><li class=\"g-breadcrumbs-item\">Pages<\/li><\/ol><\/div><\/div><\/div><\/div><\/section><section class=\"l-section wpb_row us_custom_4c9a5f55 height_huge\"><div class=\"l-section-h i-cf\"><div class=\"g-cols via_grid cols_1 laptops-cols_inherit tablets-cols_inherit mobiles-cols_1 valign_top type_default\"><div class=\"wpb_column vc_column_container\"><div class=\"vc_column-inner\"><\/div><\/div><\/div><\/div><\/section><section class=\"l-section wpb_row height_small\"><div class=\"l-section-h i-cf\"><div class=\"g-cols via_grid cols_1 laptops-cols_inherit tablets-cols_inherit mobiles-cols_1 valign_top type_default\"><div class=\"wpb_column vc_column_container\"><div class=\"vc_column-inner\"><div class=\"wpb_text_column us_custom_9f4bc837\"><div class=\"wpb_wrapper\"><p><strong><span style=\"color: #2190a3;\">Investim \u00een idei.<\/span><\/strong><br \/><strong><span style=\"color: #7db241;\">Cre\u0219tem comunit\u0103\u021bi.<\/span><\/strong><\/p>\n<\/div><\/div><\/div><\/div><\/div><\/div><\/section><section class=\"l-section wpb_row height_small\"><div class=\"l-section-h i-cf\"><div class=\"g-cols via_grid cols_1 laptops-cols_inherit tablets-cols_inherit mobiles-cols_1 valign_top type_default\"><div class=\"wpb_column vc_column_container\"><div class=\"vc_column-inner\"><div class=\"wpb_text_column us_custom_8a658c38\"><div class=\"wpb_wrapper\"><p><strong>Text despre cum acest slogan nu e doar o promisiune, ci \u0219i o ac\u021biune \u00eentreprins\u0103 \u00een mod constant de c\u0103tre agen\u021bie. <\/strong><\/p>\n<p><strong>Mai multe despre ADR, \u00een termeni user-friendly.<\/strong><\/p>\n<p>Lorem ipsum dolor sit amet, consectetur adipiscing elit. Nulla facilisis mattis nisl, sed egestas erat pretium a. Praesent id auctor urna. Vestibulum egestas iaculis eros vel ultrices. Praesent diam leo, tincidunt vel massa vitae, maximus auctor metus. Cras egestas id est vitae mattis. Ut vitae nunc quis lectus venenatis vulputate at non sapien. Suspendisse iaculis nec nulla non imperdiet. Suspendisse potenti. Phasellus sit amet gravida velit, nec tristique magna. Vivamus in ligula mauris. Vivamus a felis ac mauris consectetur cursus a eget orci. Praesent arcu lectus, pharetra ut ipsum quis, luctus auctor eros. Nam rhoncus felis pulvinar lobortis semper. Morbi sed volutpat lectus. Maecenas imperdiet varius magna sit amet accumsan. Curabitur ut dictum nulla, vel sollicitudin sem.<\/p>\n<\/div><\/div><\/div><\/div><\/div><\/div><\/section><section class=\"l-section wpb_row height_auto\"><div class=\"l-section-h i-cf\"><div class=\"g-cols via_grid cols_1 laptops-cols_inherit tablets-cols_inherit mobiles-cols_1 valign_top type_default\"><div class=\"wpb_column vc_column_container\"><div class=\"vc_column-inner\"><div class=\"g-cols wpb_row via_grid cols_3 laptops-cols_inherit tablets-cols_inherit mobiles-cols_1 valign_top type_default\"><div class=\"wpb_column vc_column_container\"><div class=\"vc_column-inner\"><div class=\"w-counter us_custom_660fdb72 color_primary align_center has_font_size has_text_color\" data-duration=\"2000\"><div class=\"w-counter-value\"><span class=\"w-counter-value-part type_text\" data-final=\"\"><\/span><span class=\"w-counter-value-part type_number\" data-final=\"26\">0<\/span><span class=\"w-counter-value-part type_text\" data-final=\"\"><\/span><\/div><div class=\"w-counter-title\" style=\"font-size:1.8rem;\">ani<\/div><\/div><\/div><\/div><div class=\"wpb_column vc_column_container\"><div class=\"vc_column-inner\"><div class=\"w-counter us_custom_9e4b5e41 color_primary align_center has_font_size has_text_color\" data-duration=\"2000\"><div class=\"w-counter-value\"><span class=\"w-counter-value-part type_text\" data-final=\"\"><\/span><span class=\"w-counter-value-part type_number\" data-final=\"200\">0<\/span><span class=\"w-counter-value-part type_text\" data-final=\"+\"><\/span><\/div><div class=\"w-counter-title\" style=\"font-size:1.8rem;\">exper\u021bi<\/div><\/div><\/div><\/div><div class=\"wpb_column vc_column_container\"><div class=\"vc_column-inner\"><div class=\"w-counter us_custom_660fdb72 color_primary align_center has_font_size has_text_color\" data-duration=\"2000\"><div class=\"w-counter-value\"><span class=\"w-counter-value-part type_text\" data-final=\"+\"><\/span><span class=\"w-counter-value-part type_number\" data-final=\"5\">0<\/span><span class=\"w-counter-value-part type_text\" data-final=\" mld. \u20ac\"><\/span><\/div><div class=\"w-counter-title\" style=\"font-size:1.8rem;\">fonduri administrate<\/div><\/div><\/div><\/div><\/div><\/div><\/div><\/div><\/div><\/section><section class=\"l-section wpb_row height_small\"><div class=\"l-section-h i-cf\"><div class=\"g-cols via_grid cols_1 laptops-cols_inherit tablets-cols_inherit mobiles-cols_1 valign_top type_default\"><div class=\"wpb_column vc_column_container\"><div class=\"vc_column-inner\"><div class=\"wpb_text_column us_custom_8a658c38\"><div class=\"wpb_wrapper\"><p>Ut vitae nunc quis lectus venenatis vulputate at non sapien. Suspendisse iaculis nec nulla non imperdiet. Suspendisse potenti.<br \/>Phasellus sit amet gravida velit, nec tristique magna. Vivamus in ligula mauris. Vivamus a felis ac mauris consectetur cursus a eget orci. Praesent arcu lectus, pharetra ut ipsum quis, luctus auctor eros. Nam rhoncus felis pulvinar lobortis semper. Morbi sed volutpat lectus. Maecenas imperdiet varius magna sit amet accumsan. Curabitur ut dictum nulla, vel sollicitudin sem.<\/p>\n<\/div><\/div><\/div><\/div><\/div><\/div><\/section><section class=\"l-section wpb_row height_small\"><div class=\"l-section-h i-cf\"><div class=\"g-cols via_grid cols_1 laptops-cols_inherit tablets-cols_inherit mobiles-cols_1 valign_top type_default\"><div class=\"wpb_column vc_column_container\"><div class=\"vc_column-inner\"><div class=\"w-text us_custom_e307f94a\"><span class=\"w-text-h\"><span class=\"w-text-value\">ADR Nord-Vest este un pion central \u00een urm\u0103toarele demersuri:<\/span><\/span><\/div><\/div><\/div><\/div><\/div><\/section><section class=\"l-section wpb_row height_small\"><div class=\"l-section-h i-cf\"><div class=\"g-cols via_grid cols_2 laptops-cols_inherit tablets-cols_inherit mobiles-cols_1 valign_middle type_default\" style=\"grid-gap:2rem;\"><div class=\"wpb_column vc_column_container\"><div class=\"vc_column-inner\"><div class=\"g-cols wpb_row via_grid cols_1-4 laptops-cols_inherit tablets-cols_inherit mobiles-cols_1 valign_middle type_default\" style=\"grid-gap:2.5rem;\"><div class=\"wpb_column vc_column_container\"><div class=\"vc_column-inner\"><div class=\"w-text us_custom_642472ff has_text_color\"><span class=\"w-text-h\"><span class=\"w-text-value\">1<\/span><\/span><\/div><\/div><\/div><div class=\"wpb_column vc_column_container\"><div class=\"vc_column-inner\"><div class=\"wpb_text_column us_custom_1c49f3ab has_text_color\"><div class=\"wpb_wrapper\"><p>Autoritate de Management pentru Programul Regional Nord-Vest 2021-2027<\/p>\n<\/div><\/div><\/div><\/div><\/div><div class=\"w-separator size_small\"><\/div><div class=\"wpb_text_column us_custom_432d3f53\"><div class=\"wpb_wrapper\"><p>Ut vitae nunc quis lectus venenatis vulputate at non sapien. Suspendisse iaculis nec nulla non imperdiet. Suspendisse potenti. Phasellus sit amet gravida velit, nec tristique magna. Vivamus in ligula mauris. Vivamus a felis ac mauris consectetur cursus a eget orci. Praesent arcu lectus, pharetra ut ipsum quis, luctus auctor eros. Nam rhoncus felis pulvinar lobortis semper. Morbi sed volutpat lectus. Maecenas imperdiet varius magna sit amet accumsan. Curabitur ut dictum nulla, vel sollicitudin sem.<\/p>\n<\/div><\/div><\/div><\/div><div class=\"wpb_column vc_column_container\"><div class=\"vc_column-inner\"><div class=\"w-iconbox iconpos_top style_default color_primary align_center no_title no_text icontype_img\"><div class=\"w-iconbox-icon\" style=\"font-size:36rem;\"><img loading=\"lazy\" decoding=\"async\" width=\"2100\" height=\"1400\" src=\"https:\/\/newadrnv.regionordvest.ro\/wp-content\/uploads\/2026\/01\/amprnv-ce-facem_-1.png\" class=\"attachment-full size-full\" alt=\"\" srcset=\"https:\/\/newadrnv.regionordvest.ro\/wp-content\/uploads\/2026\/01\/amprnv-ce-facem_-1.png 2100w, https:\/\/newadrnv.regionordvest.ro\/wp-content\/uploads\/2026\/01\/amprnv-ce-facem_-1-18x12.png 18w, https:\/\/newadrnv.regionordvest.ro\/wp-content\/uploads\/2026\/01\/amprnv-ce-facem_-1-600x400.png 600w, https:\/\/newadrnv.regionordvest.ro\/wp-content\/uploads\/2026\/01\/amprnv-ce-facem_-1-624x416.png 624w, https:\/\/newadrnv.regionordvest.ro\/wp-content\/uploads\/2026\/01\/amprnv-ce-facem_-1-372x248.png 372w, https:\/\/newadrnv.regionordvest.ro\/wp-content\/uploads\/2026\/01\/amprnv-ce-facem_-1-105x70.png 105w, https:\/\/newadrnv.regionordvest.ro\/wp-content\/uploads\/2026\/01\/amprnv-ce-facem_-1-1050x700.png 1050w\" sizes=\"auto, (max-width: 2100px) 100vw, 2100px\" \/><\/div><div class=\"w-iconbox-meta\"><\/div><\/div><\/div><\/div><\/div><\/div><\/section><section class=\"l-section wpb_row height_small\"><div class=\"l-section-h i-cf\"><div class=\"g-cols via_grid cols_2 laptops-cols_inherit tablets-cols_inherit mobiles-cols_1 valign_middle type_default reversed\" style=\"grid-gap:5rem;\"><div class=\"wpb_column vc_column_container\"><div class=\"vc_column-inner\"><div class=\"w-iconbox iconpos_top style_default color_primary align_center no_title no_text icontype_img\"><div class=\"w-iconbox-icon\" style=\"font-size:36rem;\"><img loading=\"lazy\" decoding=\"async\" width=\"2100\" height=\"1400\" src=\"https:\/\/newadrnv.regionordvest.ro\/wp-content\/uploads\/2026\/01\/oips-ce-facem_-1.png\" class=\"attachment-full size-full\" alt=\"\" srcset=\"https:\/\/newadrnv.regionordvest.ro\/wp-content\/uploads\/2026\/01\/oips-ce-facem_-1.png 2100w, https:\/\/newadrnv.regionordvest.ro\/wp-content\/uploads\/2026\/01\/oips-ce-facem_-1-18x12.png 18w, https:\/\/newadrnv.regionordvest.ro\/wp-content\/uploads\/2026\/01\/oips-ce-facem_-1-600x400.png 600w, https:\/\/newadrnv.regionordvest.ro\/wp-content\/uploads\/2026\/01\/oips-ce-facem_-1-624x416.png 624w, https:\/\/newadrnv.regionordvest.ro\/wp-content\/uploads\/2026\/01\/oips-ce-facem_-1-372x248.png 372w, https:\/\/newadrnv.regionordvest.ro\/wp-content\/uploads\/2026\/01\/oips-ce-facem_-1-105x70.png 105w, https:\/\/newadrnv.regionordvest.ro\/wp-content\/uploads\/2026\/01\/oips-ce-facem_-1-1050x700.png 1050w\" sizes=\"auto, (max-width: 2100px) 100vw, 2100px\" \/><\/div><div class=\"w-iconbox-meta\"><\/div><\/div><\/div><\/div><div class=\"wpb_column vc_column_container\"><div class=\"vc_column-inner\"><div class=\"g-cols wpb_row via_grid cols_1-4 laptops-cols_inherit tablets-cols_inherit mobiles-cols_1 valign_middle type_default\" style=\"grid-gap:2.5rem;\"><div class=\"wpb_column vc_column_container\"><div class=\"vc_column-inner\"><div class=\"w-text us_custom_12aac0fc has_text_color\"><span class=\"w-text-h\"><span class=\"w-text-value\">2<\/span><\/span><\/div><\/div><\/div><div class=\"wpb_column vc_column_container\"><div class=\"vc_column-inner\"><div class=\"wpb_text_column us_custom_ccfdf390 has_text_color\"><div class=\"wpb_wrapper\"><p>Organism Intermediar pentru Programul S\u0103n\u0103tate<\/p>\n<\/div><\/div><\/div><\/div><\/div><div class=\"w-separator size_small\"><\/div><div class=\"wpb_text_column us_custom_432d3f53\"><div class=\"wpb_wrapper\"><p>Ut vitae nunc quis lectus venenatis vulputate at non sapien. Suspendisse iaculis nec nulla non imperdiet. Suspendisse potenti. Phasellus sit amet gravida velit, nec tristique magna. Vivamus in ligula mauris. Vivamus a felis ac mauris consectetur cursus a eget orci. Praesent arcu lectus, pharetra ut ipsum quis, luctus auctor eros. Nam rhoncus felis pulvinar lobortis semper. Morbi sed volutpat lectus. Maecenas imperdiet varius magna sit amet accumsan. Curabitur ut dictum nulla, vel sollicitudin sem.<\/p>\n<\/div><\/div><\/div><\/div><\/div><\/div><\/section><section class=\"l-section wpb_row height_small\"><div class=\"l-section-h i-cf\"><div class=\"g-cols via_grid cols_2 laptops-cols_inherit tablets-cols_inherit mobiles-cols_1 valign_middle type_default\" style=\"grid-gap:5rem;\"><div class=\"wpb_column vc_column_container\"><div class=\"vc_column-inner\"><div class=\"g-cols wpb_row via_grid cols_1-4 laptops-cols_inherit tablets-cols_inherit mobiles-cols_1 valign_middle type_default\" style=\"grid-gap:2.5rem;\"><div class=\"wpb_column vc_column_container\"><div class=\"vc_column-inner\"><div class=\"w-text us_custom_315d87b2 has_text_color\"><span class=\"w-text-h\"><span class=\"w-text-value\">3<\/span><\/span><\/div><\/div><\/div><div class=\"wpb_column vc_column_container\"><div class=\"vc_column-inner\"><div class=\"wpb_text_column us_custom_e52c2136 has_text_color\"><div class=\"wpb_wrapper\"><p>Sus\u021bin\u0103tor permanent al inova\u021biei prin ini\u021biativa INNO<\/p>\n<\/div><\/div><\/div><\/div><\/div><div class=\"w-separator size_small\"><\/div><div class=\"wpb_text_column us_custom_432d3f53\"><div class=\"wpb_wrapper\"><p>Ut vitae nunc quis lectus venenatis vulputate at non sapien. Suspendisse iaculis nec nulla non imperdiet. Suspendisse potenti. Phasellus sit amet gravida velit, nec tristique magna. Vivamus in ligula mauris. Vivamus a felis ac mauris consectetur cursus a eget orci. Praesent arcu lectus, pharetra ut ipsum quis, luctus auctor eros. Nam rhoncus felis pulvinar lobortis semper. Morbi sed volutpat lectus. Maecenas imperdiet varius magna sit amet accumsan. Curabitur ut dictum nulla, vel sollicitudin sem.<\/p>\n<\/div><\/div><\/div><\/div><div class=\"wpb_column vc_column_container\"><div class=\"vc_column-inner\"><div class=\"w-iconbox iconpos_top style_default color_primary align_left no_title no_text icontype_img\"><div class=\"w-iconbox-icon\" style=\"font-size:36rem;\"><img loading=\"lazy\" decoding=\"async\" width=\"2100\" height=\"1400\" src=\"https:\/\/newadrnv.regionordvest.ro\/wp-content\/uploads\/2026\/01\/inno-ce-facem_-1.png\" class=\"attachment-full size-full\" alt=\"\" srcset=\"https:\/\/newadrnv.regionordvest.ro\/wp-content\/uploads\/2026\/01\/inno-ce-facem_-1.png 2100w, https:\/\/newadrnv.regionordvest.ro\/wp-content\/uploads\/2026\/01\/inno-ce-facem_-1-18x12.png 18w, https:\/\/newadrnv.regionordvest.ro\/wp-content\/uploads\/2026\/01\/inno-ce-facem_-1-600x400.png 600w, https:\/\/newadrnv.regionordvest.ro\/wp-content\/uploads\/2026\/01\/inno-ce-facem_-1-624x416.png 624w, https:\/\/newadrnv.regionordvest.ro\/wp-content\/uploads\/2026\/01\/inno-ce-facem_-1-372x248.png 372w, https:\/\/newadrnv.regionordvest.ro\/wp-content\/uploads\/2026\/01\/inno-ce-facem_-1-105x70.png 105w, https:\/\/newadrnv.regionordvest.ro\/wp-content\/uploads\/2026\/01\/inno-ce-facem_-1-1050x700.png 1050w\" sizes=\"auto, (max-width: 2100px) 100vw, 2100px\" \/><\/div><div class=\"w-iconbox-meta\"><\/div><\/div><\/div><\/div><\/div><\/div><\/section><section class=\"l-section wpb_row height_small\"><div class=\"l-section-h i-cf\"><div class=\"g-cols via_grid cols_2 laptops-cols_inherit tablets-cols_inherit mobiles-cols_1 valign_middle type_default reversed\" style=\"grid-gap:5rem;\"><div class=\"wpb_column vc_column_container\"><div class=\"vc_column-inner\"><div class=\"w-iconbox iconpos_top style_default color_primary align_center no_title no_text icontype_img\"><div class=\"w-iconbox-icon\" style=\"font-size:36rem;\"><img loading=\"lazy\" decoding=\"async\" width=\"2100\" height=\"1400\" src=\"https:\/\/newadrnv.regionordvest.ro\/wp-content\/uploads\/2026\/01\/proiecte-proprii-ce-facem_-1.png\" class=\"attachment-full size-full\" alt=\"\" srcset=\"https:\/\/newadrnv.regionordvest.ro\/wp-content\/uploads\/2026\/01\/proiecte-proprii-ce-facem_-1.png 2100w, https:\/\/newadrnv.regionordvest.ro\/wp-content\/uploads\/2026\/01\/proiecte-proprii-ce-facem_-1-18x12.png 18w, https:\/\/newadrnv.regionordvest.ro\/wp-content\/uploads\/2026\/01\/proiecte-proprii-ce-facem_-1-600x400.png 600w, https:\/\/newadrnv.regionordvest.ro\/wp-content\/uploads\/2026\/01\/proiecte-proprii-ce-facem_-1-624x416.png 624w, https:\/\/newadrnv.regionordvest.ro\/wp-content\/uploads\/2026\/01\/proiecte-proprii-ce-facem_-1-372x248.png 372w, https:\/\/newadrnv.regionordvest.ro\/wp-content\/uploads\/2026\/01\/proiecte-proprii-ce-facem_-1-105x70.png 105w, https:\/\/newadrnv.regionordvest.ro\/wp-content\/uploads\/2026\/01\/proiecte-proprii-ce-facem_-1-1050x700.png 1050w\" sizes=\"auto, (max-width: 2100px) 100vw, 2100px\" \/><\/div><div class=\"w-iconbox-meta\"><\/div><\/div><\/div><\/div><div class=\"wpb_column vc_column_container\"><div class=\"vc_column-inner\"><div class=\"g-cols wpb_row via_grid cols_1-4 laptops-cols_inherit tablets-cols_inherit mobiles-cols_1 valign_middle type_default\" style=\"grid-gap:2.5rem;\"><div class=\"wpb_column vc_column_container\"><div class=\"vc_column-inner\"><div class=\"w-text us_custom_020260fc has_text_color\"><span class=\"w-text-h\"><span class=\"w-text-value\">4<\/span><\/span><\/div><\/div><\/div><div class=\"wpb_column vc_column_container\"><div class=\"vc_column-inner\"><div class=\"wpb_text_column us_custom_8884696e has_text_color\"><div class=\"wpb_wrapper\"><p>Own projects<\/p>\n<\/div><\/div><\/div><\/div><\/div><div class=\"w-separator size_medium\"><\/div><div class=\"wpb_text_column us_custom_432d3f53\"><div class=\"wpb_wrapper\"><p>Ut vitae nunc quis lectus venenatis vulputate at non sapien. Suspendisse iaculis nec nulla non imperdiet. Suspendisse potenti. Phasellus sit amet gravida velit, nec tristique magna. Vivamus in ligula mauris. Vivamus a felis ac mauris consectetur cursus a eget orci. Praesent arcu lectus, pharetra ut ipsum quis, luctus auctor eros. Nam rhoncus felis pulvinar lobortis semper. Morbi sed volutpat lectus. Maecenas imperdiet varius magna sit amet accumsan. Curabitur ut dictum nulla, vel sollicitudin sem.<\/p>\n<\/div><\/div><\/div><\/div><\/div><\/div><\/section><section class=\"l-section wpb_row height_auto\"><div class=\"l-section-h i-cf\"><div class=\"g-cols via_grid cols_1 laptops-cols_inherit tablets-cols_inherit mobiles-cols_1 valign_top type_default\"><div class=\"wpb_column vc_column_container\"><div class=\"vc_column-inner\"><div class=\"w-text us_custom_7b340429 has_text_color\"><span class=\"w-text-h\"><span class=\"w-text-value\">Rapoarte anuale de activitate<\/span><\/span><\/div><div class=\"w-text us_custom_6185a4a4 has_text_color\"><span class=\"w-text-h\"><span class=\"w-text-value\">Urm\u0103re\u0219te \u00eendeaproape activitatea Agen\u021biei de Dezvoltare Regional\u0103 Nord-Vest!<\/span><\/span><\/div><\/div><\/div><\/div><\/div><\/section><section class=\"l-section wpb_row height_small\"><div class=\"l-section-h i-cf\"><div class=\"g-cols via_grid cols_1 laptops-cols_inherit tablets-cols_inherit mobiles-cols_1 valign_top type_default\"><div class=\"wpb_column vc_column_container\"><div class=\"vc_column-inner\"><div class=\"w-iconbox us_custom_628580bd iconpos_left style_default color_primary align_left no_text has_text_color\"><div class=\"w-iconbox-icon\" style=\"font-size:2rem;\"><i class=\"fas fa-file-pdf\"><\/i><\/div><div class=\"w-iconbox-meta\"><p class=\"w-iconbox-title\">Raport de activitate ADR Nord-Vest 2024.pdf<\/p><\/div><\/div><div class=\"w-iconbox us_custom_628580bd iconpos_left style_default color_primary align_left no_text has_text_color\"><div class=\"w-iconbox-icon\" style=\"font-size:2rem;\"><i class=\"fas fa-file-word\"><\/i><\/div><div class=\"w-iconbox-meta\"><p class=\"w-iconbox-title\">Raport de activitate ADR Nord-Vest 2023.docx<\/p><\/div><\/div><div class=\"w-iconbox us_custom_628580bd iconpos_left style_default color_primary align_left no_text has_text_color\"><div class=\"w-iconbox-icon\" style=\"font-size:2rem;\"><i class=\"fas fa-file-excel\"><\/i><\/div><div class=\"w-iconbox-meta\"><p class=\"w-iconbox-title\">Raport de activitate ADR Nord-Vest 2022.docx<\/p><\/div><\/div><\/div><\/div><\/div><\/div><\/section>","protected":false},"excerpt":{"rendered":"Home\/PagesInvestim \u00een idei.Cre\u0219tem comunit\u0103\u021bi. Text despre cum acest slogan nu e doar o promisiune, ci \u0219i o ac\u021biune \u00eentreprins\u0103 \u00een mod constant de c\u0103tre agen\u021bie. Mai multe despre ADR, \u00een termeni user-friendly. Lorem ipsum dolor sit amet, consectetur adipiscing elit. Nulla facilisis mattis nisl, sed egestas erat pretium a. Praesent id auctor urna. Vestibulum egestas...","protected":false},"author":1,"featured_media":0,"parent":0,"menu_order":0,"comment_status":"closed","ping_status":"closed","template":"","meta":{"footnotes":"","beyondwords_generate_audio":"1","beyondwords_project_id":"21144","beyondwords_content_id":"fcdcdcff-1231-413f-845c-13e1a1f9664b","beyondwords_preview_token":"7fe2254a-75a3-4b40-95bd-4c9ca9c68c2f","beyondwords_player_content":"","beyondwords_player_style":"standard","beyondwords_language_code":"","beyondwords_language_id":"","beyondwords_title_voice_id":"","beyondwords_body_voice_id":"","beyondwords_summary_voice_id":"","beyondwords_error_message":"","beyondwords_disabled":"","beyondwords_delete_content":"","beyondwords_podcast_id":"fcdcdcff-1231-413f-845c-13e1a1f9664b","beyondwords_hash":"50c4ba25e00903b3452599b472c43e541e3831b7","publish_post_to_speechkit":"","speechkit_hash":"","speechkit_generate_audio":"","speechkit_project_id":"","speechkit_podcast_id":"","speechkit_error_message":"","speechkit_disabled":"","speechkit_access_key":"","speechkit_error":"","speechkit_info":"","speechkit_response":"","speechkit_retries":"","speechkit_status":"","speechkit_updated_at":"","_speechkit_link":"","_speechkit_text":""},"class_list":["post-142","page","type-page","status-publish","hentry"],"publishpress_future_action":{"enabled":false,"date":"2026-04-11 18:29:53","action":"change-status","newStatus":"draft","terms":[],"taxonomy":"","extraData":[]},"publishpress_future_workflow_manual_trigger":{"enabledWorkflows":[]},"_links":{"self":[{"href":"https:\/\/newadrnv.regionordvest.ro\/en\/wp-json\/wp\/v2\/pages\/142","targetHints":{"allow":["GET"]}}],"collection":[{"href":"https:\/\/newadrnv.regionordvest.ro\/en\/wp-json\/wp\/v2\/pages"}],"about":[{"href":"https:\/\/newadrnv.regionordvest.ro\/en\/wp-json\/wp\/v2\/types\/page"}],"author":[{"embeddable":true,"href":"https:\/\/newadrnv.regionordvest.ro\/en\/wp-json\/wp\/v2\/users\/1"}],"replies":[{"embeddable":true,"href":"https:\/\/newadrnv.regionordvest.ro\/en\/wp-json\/wp\/v2\/comments?post=142"}],"version-history":[{"count":179,"href":"https:\/\/newadrnv.regionordvest.ro\/en\/wp-json\/wp\/v2\/pages\/142\/revisions"}],"predecessor-version":[{"id":33997,"href":"https:\/\/newadrnv.regionordvest.ro\/en\/wp-json\/wp\/v2\/pages\/142\/revisions\/33997"}],"wp:attachment":[{"href":"https:\/\/newadrnv.regionordvest.ro\/en\/wp-json\/wp\/v2\/media?parent=142"}],"curies":[{"name":"wp","href":"https:\/\/api.w.org\/{rel}","templated":true}]}}