{"id":17591,"date":"2022-09-17T10:44:58","date_gmt":"2022-09-17T07:44:58","guid":{"rendered":"https:\/\/monstra.wirbox.ro\/?page_id=17591"},"modified":"2026-03-17T10:35:16","modified_gmt":"2026-03-17T08:35:16","slug":"echipa","status":"publish","type":"page","link":"https:\/\/newadrnv.regionordvest.ro\/en\/despre-noi\/echipa\/","title":{"rendered":"Team"},"content":{"rendered":"<section class=\"l-section wpb_row height_small color_primary\"><div class=\"l-section-h i-cf\"><div class=\"g-cols via_grid cols_1 laptops-cols_inherit tablets-cols_inherit mobiles-cols_1 valign_bottom type_default\" style=\"grid-gap:0.1rem;\"><div class=\"wpb_column vc_column_container\"><div class=\"vc_column-inner\"><ol class=\"g-breadcrumbs separator_custom align_left\"><li class=\"g-breadcrumbs-item\"><a href=\"https:\/\/newadrnv.regionordvest.ro\/en\/\">Home<\/a><meta content=\"1\"\/><\/li><li class=\"g-breadcrumbs-separator\">\/<\/li><li class=\"g-breadcrumbs-item\">Pages<\/li><\/ol><\/div><\/div><\/div><\/div><\/section><section class=\"l-section wpb_row height_small\"><div class=\"l-section-h i-cf\"><div class=\"g-cols via_grid cols_1 laptops-cols_inherit tablets-cols_inherit mobiles-cols_1 valign_top type_default\"><div class=\"wpb_column vc_column_container\"><div class=\"vc_column-inner\"><div class=\"wpb_text_column\"><div class=\"wpb_wrapper\"><h1 class=\"text-dual\"><span class=\"part1\">200+<\/span> <span class=\"part2\">exper\u021bi<\/span><\/h1>\n<\/div><\/div><div class=\"wpb_text_column us_custom_f5c342b7 has_text_color\"><div class=\"wpb_wrapper\"><p>lucreaz\u0103 \u00eempreun\u0103 pentru buna dezvoltare a regiunii.<\/p>\n<\/div><\/div><div class=\"w-separator us_custom_e6901461 size_small\"><\/div><\/div><\/div><\/div><\/div><\/section><section class=\"l-section wpb_row height_small\"><div class=\"l-section-h i-cf\"><div class=\"g-cols via_grid cols_1 laptops-cols_inherit tablets-cols_inherit mobiles-cols_1 valign_top type_default\"><div class=\"wpb_column vc_column_container\"><div class=\"vc_column-inner\"><div class=\"g-cols wpb_row via_grid cols_1 laptops-cols_inherit tablets-cols_inherit mobiles-cols_1 valign_top type_default\"><div class=\"wpb_column vc_column_container\"><div class=\"vc_column-inner\"><div class=\"w-person layout_simple with_desc\"><div class=\"w-person-image\"><img loading=\"lazy\" decoding=\"async\" width=\"479\" height=\"479\" src=\"https:\/\/newadrnv.regionordvest.ro\/wp-content\/uploads\/2026\/03\/1.png\" class=\"attachment-us_350_350_crop size-us_350_350_crop\" alt=\"\" srcset=\"https:\/\/newadrnv.regionordvest.ro\/wp-content\/uploads\/2026\/03\/1.png 479w, https:\/\/newadrnv.regionordvest.ro\/wp-content\/uploads\/2026\/03\/1-12x12.png 12w, https:\/\/newadrnv.regionordvest.ro\/wp-content\/uploads\/2026\/03\/1-400x400.png 400w, https:\/\/newadrnv.regionordvest.ro\/wp-content\/uploads\/2026\/03\/1-279x279.png 279w, https:\/\/newadrnv.regionordvest.ro\/wp-content\/uploads\/2026\/03\/1-70x70.png 70w\" sizes=\"auto, (max-width: 479px) 100vw, 479px\" \/><\/div><div class=\"w-person-content\"><h4 class=\"w-person-name\"><span>Marcel Ioan Bolo\u015f<\/span><\/h4><div class=\"w-person-role\">Director General<\/div><div class=\"w-person-description\"><p>cabinet.director [at] nord-vest.ro<\/p>\n<\/div><\/div><\/div><\/div><\/div><\/div><div class=\"g-cols wpb_row via_grid cols_2 laptops-cols_inherit tablets-cols_inherit mobiles-cols_1 valign_top type_default\"><div class=\"wpb_column vc_column_container\"><div class=\"vc_column-inner\"><div class=\"w-person layout_simple with_desc\"><div class=\"w-person-image\"><img loading=\"lazy\" decoding=\"async\" width=\"483\" height=\"486\" src=\"https:\/\/newadrnv.regionordvest.ro\/wp-content\/uploads\/2026\/03\/2.png\" class=\"attachment-us_350_350_crop size-us_350_350_crop\" alt=\"\" srcset=\"https:\/\/newadrnv.regionordvest.ro\/wp-content\/uploads\/2026\/03\/2.png 483w, https:\/\/newadrnv.regionordvest.ro\/wp-content\/uploads\/2026\/03\/2-12x12.png 12w, https:\/\/newadrnv.regionordvest.ro\/wp-content\/uploads\/2026\/03\/2-398x400.png 398w, https:\/\/newadrnv.regionordvest.ro\/wp-content\/uploads\/2026\/03\/2-277x279.png 277w, https:\/\/newadrnv.regionordvest.ro\/wp-content\/uploads\/2026\/03\/2-70x70.png 70w\" sizes=\"auto, (max-width: 483px) 100vw, 483px\" \/><\/div><div class=\"w-person-content\"><h4 class=\"w-person-name\"><span>Csilla Heged\u00fcs<\/span><\/h4><div class=\"w-person-role\">Director General<br \/>\nAdjunct Coordonator<br \/>\nDirec\u021bia Dezvoltare Strategic\u0103 Programul S\u0103n\u0103tate \/ Dezvoltare Strategic\u0103 \/ INNO \/ Proiecte Proprii \/ Rela\u021bii Interna\u021bionale<\/div><div class=\"w-person-description\"><p>cabinet.dga-hegedus [at] nord-vest.ro<\/p>\n<\/div><\/div><\/div><\/div><\/div><div class=\"wpb_column vc_column_container\"><div class=\"vc_column-inner\"><div class=\"w-person layout_simple with_desc\"><div class=\"w-person-image\"><img loading=\"lazy\" decoding=\"async\" width=\"476\" height=\"476\" src=\"https:\/\/newadrnv.regionordvest.ro\/wp-content\/uploads\/2026\/03\/3.png\" class=\"attachment-us_350_350_crop size-us_350_350_crop\" alt=\"\" srcset=\"https:\/\/newadrnv.regionordvest.ro\/wp-content\/uploads\/2026\/03\/3.png 476w, https:\/\/newadrnv.regionordvest.ro\/wp-content\/uploads\/2026\/03\/3-12x12.png 12w, https:\/\/newadrnv.regionordvest.ro\/wp-content\/uploads\/2026\/03\/3-400x400.png 400w, https:\/\/newadrnv.regionordvest.ro\/wp-content\/uploads\/2026\/03\/3-279x279.png 279w, https:\/\/newadrnv.regionordvest.ro\/wp-content\/uploads\/2026\/03\/3-70x70.png 70w\" sizes=\"auto, (max-width: 476px) 100vw, 476px\" \/><\/div><div class=\"w-person-content\"><h4 class=\"w-person-name\"><span>Petru Alboi-\u015eandru<\/span><\/h4><div class=\"w-person-role\">Director General Adjunct<br \/>\n\u0218ef Autoritate de Management pentru Programul Regional Nord-Vest 2021-2027<\/div><div class=\"w-person-description\"><p>cabinet.sef-am [at] nord-vest.ro<\/p>\n<\/div><\/div><\/div><\/div><\/div><\/div><\/div><\/div><\/div><\/div><\/section><section class=\"l-section wpb_row height_small\"><div class=\"l-section-h i-cf\"><div class=\"g-cols via_grid cols_1 laptops-cols_inherit tablets-cols_inherit mobiles-cols_1 valign_top type_default\"><div class=\"wpb_column vc_column_container\"><div class=\"vc_column-inner\"><div class=\"w-separator us_custom_e6901461 size_small\"><\/div><div class=\"w-separator size_medium\"><\/div><div class=\"w-text us_custom_4afa32c5 has_text_color\"><span class=\"w-text-h\"><span class=\"w-text-value\">Cabinet Director General<\/span><\/span><\/div><div class=\"w-separator size_small\"><\/div><div class=\"g-cols wpb_row via_grid cols_4 laptops-cols_inherit tablets-cols_inherit mobiles-cols_1 valign_top type_default\" id=\"cdg\"><div class=\"wpb_column vc_column_container\"><div class=\"vc_column-inner\"><div class=\"w-person us_custom_254420df layout_simple\"><div class=\"w-person-image\"><img loading=\"lazy\" decoding=\"async\" width=\"2403\" height=\"1352\" src=\"https:\/\/newadrnv.regionordvest.ro\/wp-content\/uploads\/2025\/06\/PFP-Logo-RO_signature.png\" class=\"g-placeholder\" alt=\"\" srcset=\"https:\/\/newadrnv.regionordvest.ro\/wp-content\/uploads\/2025\/06\/PFP-Logo-RO_signature.png 2403w, https:\/\/newadrnv.regionordvest.ro\/wp-content\/uploads\/2025\/06\/PFP-Logo-RO_signature-18x10.png 18w, https:\/\/newadrnv.regionordvest.ro\/wp-content\/uploads\/2025\/06\/PFP-Logo-RO_signature-600x338.png 600w, https:\/\/newadrnv.regionordvest.ro\/wp-content\/uploads\/2025\/06\/PFP-Logo-RO_signature-1109x624.png 1109w, https:\/\/newadrnv.regionordvest.ro\/wp-content\/uploads\/2025\/06\/PFP-Logo-RO_signature-624x351.png 624w, https:\/\/newadrnv.regionordvest.ro\/wp-content\/uploads\/2025\/06\/PFP-Logo-RO_signature-372x209.png 372w, https:\/\/newadrnv.regionordvest.ro\/wp-content\/uploads\/2025\/06\/PFP-Logo-RO_signature-124x70.png 124w, https:\/\/newadrnv.regionordvest.ro\/wp-content\/uploads\/2025\/06\/PFP-Logo-RO_signature-1244x700.png 1244w\" sizes=\"auto, (max-width: 2403px) 100vw, 2403px\" \/><\/div><div class=\"w-person-content\"><h4 class=\"w-person-name\"><span>C\u0103t\u0103lin Ioan Timi\u0219<\/span><\/h4><div class=\"w-person-role\">Head Office<\/div><\/div><\/div><\/div><\/div><div class=\"wpb_column vc_column_container\"><div class=\"vc_column-inner\"><div class=\"w-person us_custom_254420df layout_simple\"><div class=\"w-person-image\"><img loading=\"lazy\" decoding=\"async\" width=\"600\" height=\"600\" src=\"https:\/\/newadrnv.regionordvest.ro\/wp-content\/uploads\/2022\/10\/user-default.png\" class=\"attachment-full size-full\" alt=\"\" srcset=\"https:\/\/newadrnv.regionordvest.ro\/wp-content\/uploads\/2022\/10\/user-default.png 600w, https:\/\/newadrnv.regionordvest.ro\/wp-content\/uploads\/2022\/10\/user-default-300x300.png 300w, https:\/\/newadrnv.regionordvest.ro\/wp-content\/uploads\/2022\/10\/user-default-12x12.png 12w, https:\/\/newadrnv.regionordvest.ro\/wp-content\/uploads\/2022\/10\/user-default-400x400.png 400w, https:\/\/newadrnv.regionordvest.ro\/wp-content\/uploads\/2022\/10\/user-default-279x279.png 279w, https:\/\/newadrnv.regionordvest.ro\/wp-content\/uploads\/2022\/10\/user-default-225x225.png 225w, https:\/\/newadrnv.regionordvest.ro\/wp-content\/uploads\/2022\/10\/user-default-70x70.png 70w\" sizes=\"auto, (max-width: 600px) 100vw, 600px\" \/><div class=\"img_hover\" style=\"background-image:url(https:\/\/newadrnv.regionordvest.ro\/wp-content\/uploads\/2022\/10\/user-default.png)\"><\/div><\/div><div class=\"w-person-content\"><h4 class=\"w-person-name\"><span>Cristina Maria Palcu<\/span><\/h4><div class=\"w-person-role\">Assistant manager<\/div><\/div><\/div><\/div><\/div><div class=\"wpb_column vc_column_container\"><div class=\"vc_column-inner\"><div class=\"w-person us_custom_254420df layout_simple\"><div class=\"w-person-image\"><img loading=\"lazy\" decoding=\"async\" width=\"600\" height=\"600\" src=\"https:\/\/newadrnv.regionordvest.ro\/wp-content\/uploads\/2022\/10\/user-default.png\" class=\"attachment-full size-full\" alt=\"\" srcset=\"https:\/\/newadrnv.regionordvest.ro\/wp-content\/uploads\/2022\/10\/user-default.png 600w, https:\/\/newadrnv.regionordvest.ro\/wp-content\/uploads\/2022\/10\/user-default-300x300.png 300w, https:\/\/newadrnv.regionordvest.ro\/wp-content\/uploads\/2022\/10\/user-default-12x12.png 12w, https:\/\/newadrnv.regionordvest.ro\/wp-content\/uploads\/2022\/10\/user-default-400x400.png 400w, https:\/\/newadrnv.regionordvest.ro\/wp-content\/uploads\/2022\/10\/user-default-279x279.png 279w, https:\/\/newadrnv.regionordvest.ro\/wp-content\/uploads\/2022\/10\/user-default-225x225.png 225w, https:\/\/newadrnv.regionordvest.ro\/wp-content\/uploads\/2022\/10\/user-default-70x70.png 70w\" sizes=\"auto, (max-width: 600px) 100vw, 600px\" \/><div class=\"img_hover\" style=\"background-image:url(https:\/\/newadrnv.regionordvest.ro\/wp-content\/uploads\/2022\/10\/user-default.png)\"><\/div><\/div><div class=\"w-person-content\"><h4 class=\"w-person-name\"><span>Cosmina Elena Ivan<\/span><\/h4><div class=\"w-person-role\">Guidance counselor<\/div><\/div><\/div><\/div><\/div><div class=\"wpb_column vc_column_container\"><div class=\"vc_column-inner\"><div class=\"w-person us_custom_254420df layout_simple\"><div class=\"w-person-image\"><img loading=\"lazy\" decoding=\"async\" width=\"600\" height=\"600\" src=\"https:\/\/newadrnv.regionordvest.ro\/wp-content\/uploads\/2022\/10\/user-default.png\" class=\"attachment-full size-full\" alt=\"\" srcset=\"https:\/\/newadrnv.regionordvest.ro\/wp-content\/uploads\/2022\/10\/user-default.png 600w, https:\/\/newadrnv.regionordvest.ro\/wp-content\/uploads\/2022\/10\/user-default-300x300.png 300w, https:\/\/newadrnv.regionordvest.ro\/wp-content\/uploads\/2022\/10\/user-default-12x12.png 12w, https:\/\/newadrnv.regionordvest.ro\/wp-content\/uploads\/2022\/10\/user-default-400x400.png 400w, https:\/\/newadrnv.regionordvest.ro\/wp-content\/uploads\/2022\/10\/user-default-279x279.png 279w, https:\/\/newadrnv.regionordvest.ro\/wp-content\/uploads\/2022\/10\/user-default-225x225.png 225w, https:\/\/newadrnv.regionordvest.ro\/wp-content\/uploads\/2022\/10\/user-default-70x70.png 70w\" sizes=\"auto, (max-width: 600px) 100vw, 600px\" \/><div class=\"img_hover\" style=\"background-image:url(https:\/\/newadrnv.regionordvest.ro\/wp-content\/uploads\/2022\/10\/user-default.png)\"><\/div><\/div><div class=\"w-person-content\"><h4 class=\"w-person-name\"><span>Ioan Z\u0103grean<\/span><\/h4><div class=\"w-person-role\">Guidance counselor<\/div><\/div><\/div><\/div><\/div><\/div><div class=\"w-separator size_medium\"><\/div><div class=\"w-text us_custom_4afa32c5 has_text_color\"><span class=\"w-text-h\"><span class=\"w-text-value\">Communication and MASS-MEDIA Office<\/span><\/span><\/div><div class=\"w-separator size_small\"><\/div><div class=\"g-cols wpb_row via_grid cols_4 laptops-cols_inherit tablets-cols_inherit mobiles-cols_1 valign_top type_default\" id=\"cdg\"><div class=\"wpb_column vc_column_container\"><div class=\"vc_column-inner\"><div class=\"w-person us_custom_254420df layout_simple\"><div class=\"w-person-image\"><img loading=\"lazy\" decoding=\"async\" width=\"600\" height=\"600\" src=\"https:\/\/newadrnv.regionordvest.ro\/wp-content\/uploads\/2022\/10\/user-default.png\" class=\"attachment-us_350_350_crop size-us_350_350_crop\" alt=\"\" srcset=\"https:\/\/newadrnv.regionordvest.ro\/wp-content\/uploads\/2022\/10\/user-default.png 600w, https:\/\/newadrnv.regionordvest.ro\/wp-content\/uploads\/2022\/10\/user-default-300x300.png 300w, https:\/\/newadrnv.regionordvest.ro\/wp-content\/uploads\/2022\/10\/user-default-12x12.png 12w, https:\/\/newadrnv.regionordvest.ro\/wp-content\/uploads\/2022\/10\/user-default-400x400.png 400w, https:\/\/newadrnv.regionordvest.ro\/wp-content\/uploads\/2022\/10\/user-default-279x279.png 279w, https:\/\/newadrnv.regionordvest.ro\/wp-content\/uploads\/2022\/10\/user-default-225x225.png 225w, https:\/\/newadrnv.regionordvest.ro\/wp-content\/uploads\/2022\/10\/user-default-70x70.png 70w\" sizes=\"auto, (max-width: 600px) 100vw, 600px\" \/><\/div><div class=\"w-person-content\"><h4 class=\"w-person-name\"><span>Ovidiu Iulian M\u0103rginean<\/span><\/h4><div class=\"w-person-role\">Coordonator<\/div><\/div><\/div><\/div><\/div><div class=\"wpb_column vc_column_container\"><div class=\"vc_column-inner\"><div class=\"w-person us_custom_254420df layout_simple\"><div class=\"w-person-image\"><img loading=\"lazy\" decoding=\"async\" width=\"600\" height=\"600\" src=\"https:\/\/newadrnv.regionordvest.ro\/wp-content\/uploads\/2022\/10\/user-default.png\" class=\"attachment-us_350_350_crop size-us_350_350_crop\" alt=\"\" srcset=\"https:\/\/newadrnv.regionordvest.ro\/wp-content\/uploads\/2022\/10\/user-default.png 600w, https:\/\/newadrnv.regionordvest.ro\/wp-content\/uploads\/2022\/10\/user-default-300x300.png 300w, https:\/\/newadrnv.regionordvest.ro\/wp-content\/uploads\/2022\/10\/user-default-12x12.png 12w, https:\/\/newadrnv.regionordvest.ro\/wp-content\/uploads\/2022\/10\/user-default-400x400.png 400w, https:\/\/newadrnv.regionordvest.ro\/wp-content\/uploads\/2022\/10\/user-default-279x279.png 279w, https:\/\/newadrnv.regionordvest.ro\/wp-content\/uploads\/2022\/10\/user-default-225x225.png 225w, https:\/\/newadrnv.regionordvest.ro\/wp-content\/uploads\/2022\/10\/user-default-70x70.png 70w\" sizes=\"auto, (max-width: 600px) 100vw, 600px\" \/><\/div><div class=\"w-person-content\"><h4 class=\"w-person-name\"><span>Alexandra Romana Pop<\/span><\/h4><div class=\"w-person-role\">Communication expert<\/div><\/div><\/div><\/div><\/div><div class=\"wpb_column vc_column_container\"><div class=\"vc_column-inner\"><div class=\"w-person us_custom_254420df layout_simple\"><div class=\"w-person-image\"><img loading=\"lazy\" decoding=\"async\" width=\"600\" height=\"600\" src=\"https:\/\/newadrnv.regionordvest.ro\/wp-content\/uploads\/2022\/10\/user-default.png\" class=\"attachment-us_350_350_crop size-us_350_350_crop\" alt=\"\" srcset=\"https:\/\/newadrnv.regionordvest.ro\/wp-content\/uploads\/2022\/10\/user-default.png 600w, https:\/\/newadrnv.regionordvest.ro\/wp-content\/uploads\/2022\/10\/user-default-300x300.png 300w, https:\/\/newadrnv.regionordvest.ro\/wp-content\/uploads\/2022\/10\/user-default-12x12.png 12w, https:\/\/newadrnv.regionordvest.ro\/wp-content\/uploads\/2022\/10\/user-default-400x400.png 400w, https:\/\/newadrnv.regionordvest.ro\/wp-content\/uploads\/2022\/10\/user-default-279x279.png 279w, https:\/\/newadrnv.regionordvest.ro\/wp-content\/uploads\/2022\/10\/user-default-225x225.png 225w, https:\/\/newadrnv.regionordvest.ro\/wp-content\/uploads\/2022\/10\/user-default-70x70.png 70w\" sizes=\"auto, (max-width: 600px) 100vw, 600px\" \/><\/div><div class=\"w-person-content\"><h4 class=\"w-person-name\"><span>Ovidiu Ionel Du\u021b\u0103<\/span><\/h4><div class=\"w-person-role\">Communication expert<\/div><\/div><\/div><\/div><\/div><div class=\"wpb_column vc_column_container\"><div class=\"vc_column-inner\"><\/div><\/div><\/div><div class=\"w-separator size_small\"><\/div><\/div><\/div><\/div><\/div><\/section><section class=\"l-section wpb_row height_small\"><div class=\"l-section-h i-cf\"><div class=\"g-cols via_grid cols_1 laptops-cols_inherit tablets-cols_inherit mobiles-cols_1 valign_top type_default\"><div class=\"wpb_column vc_column_container\"><div class=\"vc_column-inner\"><div class=\"g-cols wpb_row via_grid cols_4 laptops-cols_inherit tablets-cols_inherit mobiles-cols_1 valign_middle type_default\"><div class=\"wpb_column vc_column_container\"><div class=\"vc_column-inner\"><div class=\"w-btn-wrapper width_full\"><a class=\"w-btn us-btn-style_1 us_custom_dc2e4a72\" href=\"\/en\/despre-noi\/echipa\/damprnv-2021-2027\/\"><span class=\"w-btn-label\">Echipa Programul Regional Nord-Vest 2021-2027<\/span><\/a><\/div><\/div><\/div><div class=\"wpb_column vc_column_container\"><div class=\"vc_column-inner\"><div class=\"w-btn-wrapper width_full\"><a class=\"w-btn us-btn-style_1 us_custom_f0e62fae\" href=\"\/en\/despre-noi\/echipa\/dg\/dds\/oi-sanatate\/\"><span class=\"w-btn-label\">Echipa Programul <br \/>S\u0103n\u0103tate<\/span><\/a><\/div><\/div><\/div><div class=\"wpb_column vc_column_container\"><div class=\"vc_column-inner\"><div class=\"w-btn-wrapper width_full\"><a class=\"w-btn us-btn-style_1 us_custom_bbe35ae5\" href=\"\/en\/despre-noi\/echipa\/dg\/dds\/\"><span class=\"w-btn-label\">Echipa Dezvoltare <br \/>Strategic\u0103<\/span><\/a><\/div><\/div><\/div><div class=\"wpb_column vc_column_container\"><div class=\"vc_column-inner\"><div class=\"w-btn-wrapper width_full\"><a class=\"w-btn us-btn-style_1 us_custom_685a2111\" href=\"\/en\/echipa-inno\/\"><span class=\"w-btn-label\">Team <br \/>INNO<\/span><\/a><\/div><\/div><\/div><\/div><div class=\"w-separator size_small\"><\/div><div class=\"g-cols wpb_row via_grid cols_4 laptops-cols_inherit tablets-cols_inherit mobiles-cols_1 valign_middle type_default\"><div class=\"wpb_column vc_column_container\"><div class=\"vc_column-inner\"><div class=\"w-btn-wrapper width_full\"><a class=\"w-btn us-btn-style_1 us_custom_933a7529\" href=\"\/en\/echipa-proiecte-proprii\/\"><span class=\"w-btn-label\">Team <br \/>Proiecte Proprii<\/span><\/a><\/div><\/div><\/div><div class=\"wpb_column vc_column_container\"><div class=\"vc_column-inner\"><div class=\"w-btn-wrapper width_full\"><a class=\"w-btn us-btn-style_1 us_custom_dc2e4a72\" href=\"\/en\/echipa-relatii-internationale\/\"><span class=\"w-btn-label\">Team <br \/> Rela\u021bii Interna\u021bionale<\/span><\/a><\/div><\/div><\/div><div class=\"wpb_column vc_column_container\"><div class=\"vc_column-inner\"><div class=\"w-btn-wrapper width_full\"><a class=\"w-btn us-btn-style_1 us_custom_b5baea71\" href=\"\/en\/despre-noi\/echipa\/dg\/\"><span class=\"w-btn-label\">Direc\u021bia <br \/>General\u0103<\/span><\/a><\/div><\/div><\/div><div class=\"wpb_column vc_column_container\"><div class=\"vc_column-inner\"><div class=\"w-btn-wrapper width_full\"><a class=\"w-btn us-btn-style_1 us_custom_f0e62fae\" href=\"\/en\/despre-noi\/echipa\/de\/\"><span class=\"w-btn-label\">Direc\u021bia <br \/>Economic\u0103<\/span><\/a><\/div><\/div><\/div><\/div><\/div><\/div><\/div><\/div><\/section>","protected":false},"excerpt":{"rendered":"Home\/Pages 200+ exper\u021bi lucreaz\u0103 \u00eempreun\u0103 pentru buna dezvoltare a regiunii. Marcel Ioan Bolo\u015fDirector Generalcabinet.director [at] nord-vest.ro Csilla Heged\u00fcsDirector General Adjunct Coordonator Direc\u021bia Dezvoltare Strategic\u0103 Programul S\u0103n\u0103tate \/ Dezvoltare Strategic\u0103 \/ INNO \/ Proiecte Proprii \/ Rela\u021bii Interna\u021bionalecabinet.dga-hegedus [at] nord-vest.ro Petru Alboi-\u0218andruDirector General Adjunct \u0218ef Autoritate de Management pentru Programul Regional Nord-Vest 2021-2027cabinet.sef-am [at] nord-vest.ro Cabinet...","protected":false},"author":1,"featured_media":0,"parent":142,"menu_order":0,"comment_status":"closed","ping_status":"closed","template":"","meta":{"footnotes":"","beyondwords_generate_audio":"1","beyondwords_project_id":"21144","beyondwords_content_id":"a4cf8c14-d2e5-46e6-93d6-1c57133e00fe","beyondwords_preview_token":"a8f23b75-7683-4be9-8300-97c8f0bcc15b","beyondwords_player_content":"","beyondwords_player_style":"standard","beyondwords_language_code":"","beyondwords_language_id":"","beyondwords_title_voice_id":"","beyondwords_body_voice_id":"","beyondwords_summary_voice_id":"","beyondwords_error_message":"","beyondwords_disabled":"","beyondwords_delete_content":"","beyondwords_podcast_id":"a4cf8c14-d2e5-46e6-93d6-1c57133e00fe","beyondwords_hash":"ece8b1d23d6bef9e129fdd7fbf57ba27f61d98e9","publish_post_to_speechkit":"","speechkit_hash":"","speechkit_generate_audio":"","speechkit_project_id":"","speechkit_podcast_id":"","speechkit_error_message":"","speechkit_disabled":"","speechkit_access_key":"","speechkit_error":"","speechkit_info":"","speechkit_response":"","speechkit_retries":"","speechkit_status":"","speechkit_updated_at":"","_speechkit_link":"","_speechkit_text":""},"class_list":["post-17591","page","type-page","status-publish","hentry"],"publishpress_future_action":{"enabled":false,"date":"2026-04-11 20:35:02","action":"change-status","newStatus":"draft","terms":[],"taxonomy":"","extraData":[]},"publishpress_future_workflow_manual_trigger":{"enabledWorkflows":[]},"_links":{"self":[{"href":"https:\/\/newadrnv.regionordvest.ro\/en\/wp-json\/wp\/v2\/pages\/17591","targetHints":{"allow":["GET"]}}],"collection":[{"href":"https:\/\/newadrnv.regionordvest.ro\/en\/wp-json\/wp\/v2\/pages"}],"about":[{"href":"https:\/\/newadrnv.regionordvest.ro\/en\/wp-json\/wp\/v2\/types\/page"}],"author":[{"embeddable":true,"href":"https:\/\/newadrnv.regionordvest.ro\/en\/wp-json\/wp\/v2\/users\/1"}],"replies":[{"embeddable":true,"href":"https:\/\/newadrnv.regionordvest.ro\/en\/wp-json\/wp\/v2\/comments?post=17591"}],"version-history":[{"count":207,"href":"https:\/\/newadrnv.regionordvest.ro\/en\/wp-json\/wp\/v2\/pages\/17591\/revisions"}],"predecessor-version":[{"id":34392,"href":"https:\/\/newadrnv.regionordvest.ro\/en\/wp-json\/wp\/v2\/pages\/17591\/revisions\/34392"}],"up":[{"embeddable":true,"href":"https:\/\/newadrnv.regionordvest.ro\/en\/wp-json\/wp\/v2\/pages\/142"}],"wp:attachment":[{"href":"https:\/\/newadrnv.regionordvest.ro\/en\/wp-json\/wp\/v2\/media?parent=17591"}],"curies":[{"name":"wp","href":"https:\/\/api.w.org\/{rel}","templated":true}]}}