{"id":17634,"date":"2022-09-17T13:11:08","date_gmt":"2022-09-17T10:11:08","guid":{"rendered":"https:\/\/monstra.wirbox.ro\/?page_id=17634"},"modified":"2025-10-27T10:28:56","modified_gmt":"2025-10-27T08:28:56","slug":"cariera","status":"publish","type":"page","link":"https:\/\/newadrnv.regionordvest.ro\/en\/cariera\/","title":{"rendered":"Career"},"content":{"rendered":"<section class=\"l-section wpb_row height_small color_primary\"><div class=\"l-section-h i-cf\"><div class=\"g-cols via_grid cols_1 laptops-cols_inherit tablets-cols_inherit mobiles-cols_1 valign_bottom type_default\" style=\"grid-gap:0.1rem;\"><div class=\"wpb_column vc_column_container\"><div class=\"vc_column-inner\"><ol class=\"g-breadcrumbs separator_custom align_left\"><li class=\"g-breadcrumbs-item\"><a href=\"https:\/\/newadrnv.regionordvest.ro\/en\/\">Home<\/a><meta content=\"1\"\/><\/li><li class=\"g-breadcrumbs-separator\">\/<\/li><li class=\"g-breadcrumbs-item\">Pages<\/li><\/ol><\/div><\/div><\/div><\/div><\/section><section class=\"l-section wpb_row height_medium color_primary\"><div class=\"l-section-h i-cf\"><div class=\"g-cols via_grid cols_1 laptops-cols_inherit tablets-cols_inherit mobiles-cols_1 valign_top type_default\"><div class=\"wpb_column vc_column_container\"><div class=\"vc_column-inner\"><div class=\"wpb_text_column us_custom_45267afd has_text_color\"><div class=\"wpb_wrapper\"><p>Career<\/p>\n<\/div><\/div><div class=\"wpb_text_column us_custom_31facb31 has_text_color\"><div class=\"wpb_wrapper\"><p>Dac\u0103 dore\u0219ti s\u0103 ai un impact asupra regiunii Nord-Vest, al\u0103tur\u0103-te echipei noastre! Sau ceva de genul hahah. Nulla facilisis mattis nisl, sed egestas erat pretium a. Praesent id auctor urna. Lorem ipsum dolor sit amet, consectetur adipiscing elit. Nulla facilisis mattis nisl, sed egestas erat pretium a. Praesent id auctor urna. Dac\u0103 dore\u0219ti s\u0103 ai un impact asupra regiunii Nord-Vest, al\u0103tur\u0103-te echipei noastre! Sau ceva de genul hahah. Nulla facilisis mattis nisl, sed egestas erat pretium a. Praesent id auctor urna. Lorem ipsum dolor sit amet, consectetur adipiscing elit. Nulla facilisis mattis nisl, sed egestas erat pretium a. Praesent id auctor urna. Dac\u0103 dore\u0219ti s\u0103 ai un impact asupra regiunii Nord-Vest, al\u0103tur\u0103-te echipei noastre! Sau ceva de genul hahah. Nulla facilisis mattis nisl, sed egestas erat pretium a. Praesent id auctor urna. Lorem ipsum dolor sit amet, consectetur adipiscing elit. Nulla facilisis mattis nisl, sed egestas erat pretium a. Praesent id auctor urna.<\/p>\n<\/div><\/div><\/div><\/div><\/div><\/div><\/section><section class=\"l-section wpb_row us_custom_d7857053 height_small\"><div class=\"l-section-h i-cf\"><div class=\"g-cols via_grid cols_1 laptops-cols_inherit tablets-cols_inherit mobiles-cols_1 valign_top type_default\"><div class=\"wpb_column vc_column_container\"><div class=\"vc_column-inner\"><div class=\"w-grid type_grid layout_32993 cols_3 overflow_hidden\" id=\"us_grid_1\" data-filterable=\"true\"><style>#us_grid_1 .w-grid-item{padding:0.3rem}#us_grid_1 .w-grid-list{margin:-0.3rem -0.3rem 0.3rem}.w-grid + #us_grid_1 .w-grid-list{margin-top:0.3rem}@media (max-width:899px){#us_grid_1 .w-grid-item{width:50.0000%}}@media (max-width:599px){#us_grid_1 .w-grid-list{margin:0}#us_grid_1 .w-grid-item{width:100.0000%;padding:0;margin-bottom:0.3rem}}.layout_32993 .w-grid-item-h{background:var(--color-content-bg-alt);color:var(--color-content-text)}.layout_32993 .usg_post_image_1{width:100%!important;height:auto!important;background:#ADADAD!important;border-radius:22px!important;object-fit:cover!important}.layout_32993 .usg_post_title_1{color:#7DB241!important;font-family:Lexend!important;font-weight:500!important;font-size:28.9px!important;line-height:117%!important;letter-spacing:-0.022em!important;width:100%!important;margin-top:20px!important}.layout_32993 .usg_post_date_2{color:#657175!important;font-family:Lexend!important;font-weight:300!important;font-size:18px!important;line-height:117%!important;letter-spacing:-0.022em!important;margin-top:15px!important}.layout_32993 .usg_vwrapper_4{position:relative!important;width:100%!important;max-width:480px!important;height:auto!important;border:0.9px solid #657175!important;border-radius:32.5px!important;padding:20px!important;box-sizing:border-box!important;background:#FFFFFF!important}@media (min-width:1025px) and (max-width:1280px){.layout_32993 .usg_post_title_1{font-size:24px!important}.layout_32993 .usg_post_date_2{font-size:16px!important}.layout_32993 .usg_vwrapper_4{max-width:440px!important}}@media (min-width:701px) and (max-width:1024px){.layout_32993 .usg_post_title_1{font-size:20px!important}.layout_32993 .usg_post_date_2{font-size:14px!important}.layout_32993 .usg_vwrapper_4{max-width:400px!important;padding:15px!important}}@media (max-width:700px){.layout_32993 .usg_post_title_1{font-size:18px!important}.layout_32993 .usg_post_date_2{font-size:12px!important}.layout_32993 .usg_vwrapper_4{max-width:90%!important;padding:10px!important}}<\/style><div class=\"w-grid-list\"><\/div><div class=\"w-grid-preloader\"><div class=\"g-preloader type_1\">\r\n\t<div><\/div>\r\n<\/div>\r\n<\/div>\t<div class=\"w-grid-json hidden\" onclick='return {&quot;action&quot;:&quot;us_ajax_grid&quot;,&quot;ajax_url&quot;:&quot;https:\\\/\\\/newadrnv.regionordvest.ro\\\/wp-admin\\\/admin-ajax.php&quot;,&quot;infinite_scroll&quot;:0,&quot;max_num_pages&quot;:0,&quot;pagination&quot;:&quot;ajax&quot;,&quot;permalink_url&quot;:&quot;https:\\\/\\\/newadrnv.regionordvest.ro\\\/en\\\/wp-json\\\/wp\\\/v2\\\/pages\\\/17634&quot;,&quot;template_vars&quot;:{&quot;columns&quot;:&quot;3&quot;,&quot;exclude_items&quot;:&quot;none&quot;,&quot;img_size&quot;:&quot;default&quot;,&quot;ignore_items_size&quot;:false,&quot;items_layout&quot;:&quot;32993&quot;,&quot;items_offset&quot;:&quot;1&quot;,&quot;load_animation&quot;:&quot;none&quot;,&quot;overriding_link&quot;:&quot;post&quot;,&quot;post_id&quot;:17634,&quot;query_args&quot;:{&quot;post_type&quot;:[&quot;post&quot;],&quot;tax_query&quot;:[{&quot;taxonomy&quot;:&quot;category&quot;,&quot;field&quot;:&quot;slug&quot;,&quot;terms&quot;:[&quot;cariera&quot;,&quot;carieranoutati&quot;,&quot;cariera-2&quot;]}],&quot;post_status&quot;:[&quot;publish&quot;],&quot;posts_per_page&quot;:&quot;3&quot;},&quot;orderby_query_args&quot;:{&quot;orderby&quot;:{&quot;date&quot;:&quot;DESC&quot;}},&quot;type&quot;:&quot;grid&quot;,&quot;us_grid_ajax_index&quot;:1,&quot;us_grid_filter_params&quot;:null,&quot;us_grid_index&quot;:1,&quot;_us_grid_post_type&quot;:&quot;post&quot;}}'><\/div>\r\n\t<h4 class=\"w-grid-none\">No results found.<\/h4><\/div><div class=\"w-separator size_small with_line width_default thick_3 style_solid color_primary align_center\"><div class=\"w-separator-h\"><\/div><\/div><div class=\"wpb_text_column us_custom_1460202c has_text_color\"><div class=\"wpb_wrapper\"><p>Regulamentul de desf\u0103\u0219urare al concursurilor pentru posturi<\/p>\n<\/div><\/div><div class=\"wpb_text_column\"><div class=\"wpb_wrapper\"><ul role=\"list\">\n<li>Procesul de recrutare \u0219i selec\u021bie se desf\u0103\u0219oar\u0103 \u00een condi\u021biile respect\u0103rii principiului egalit\u0103\u021bii de \u0219anse \u0219i a combaterii discrimin\u0103rii \u00een ceea ce prive\u0219te apartenen\u021ba, orientarea \u0219i identitatea sexual\u0103 a candida\u021bilor, precum \u0219i identitatea de gen, indiferent de tipul postului \u0219i de nivelul ierarhic. Discriminarea este interzis\u0103 \u0219i \u00een ceea ce prive\u0219te toate celelalte criterii care diferen\u021biaz\u0103 candida\u021bii \u00eentre ei (ras\u0103, culoare, na\u021bionalitate, etnie, limb\u0103, religie, categorie social\u0103, convingeri, v\u00e2rst\u0103, dizabilitate, boal\u0103, apartenen\u021b\u0103 la o categorie defavorizat\u0103, caracteristici genetice, op\u0163iune politic\u0103, situa\u0163ie sau responsabilitate familial\u0103, apartenen\u0163\u0103 ori activitate sindical\u0103, etc.).<\/li>\n<li>Participarea la concursul de verificare a cuno\u015ftin\u0163elor se face \u00een baza verific\u0103rii identit\u0103\u0163ii candidatului.<\/li>\n<li>La data examin\u0103rii to\u0163i candida\u0163ii eligibili se vor prezenta la concurs la ora comunicat\u0103 de c\u0103tre secretarul comisiei.<\/li>\n<li>Condi\u0163iile de examinare sunt standardizate astfel \u00eenc\u00e2t to\u0163i candida\u0163ii pe post s\u0103 fie verifica\u0163i \u015fi evalua\u0163i \u00een mod egal, f\u0103r\u0103 crearea vreunei situa\u0163ii de discriminare.<\/li>\n<li>Seturile de subiecte sunt secrete \u015fi sunt \u00eenchise \u00een plicuri sigilate.<\/li>\n<li>\u00cenainte de testul scris, secretarul comisiei va face prezen\u0163a candida\u0163ilor \u015fi \u00eei va informa cu privire la timpul alocat testelor \u015fi prezint\u0103 candida\u0163ilor setul cu subiecte.<\/li>\n<li>Lucr\u0103rile elaborate de c\u0103tre candida\u0163i vor fi redactate, sub sanc\u0163iunea anul\u0103rii, doar pe seturile de h\u00e2rtie asigurate de c\u0103tre ADR Nord-Vest.<\/li>\n<li>\u00cen cazul \u00een care verificarea cuno\u015ftin\u0163elor se face prin test scris pe suport de h\u00e2rtie, to\u0163i candida\u0163ii vor folosi pix cu past\u0103 de culoare albastr\u0103.<\/li>\n<li>Testul va fi completat cu numele candidatului \u00een col\u0163ul din dreapta sus, care va fi lipit \u015fi sigilat de c\u0103tre secretarul comisiei \u015fi apoi semnat de c\u0103tre unul dintre membrii comisiei de concurs.<\/li>\n<li>Candida\u0163ii \u00ee\u015fi vor marca gre\u015felile prin t\u0103ierea cuv\u00e2ntului\/cuvintelor cu o linie orizontal\u0103 \u0219i punerea lor \u00eentre paranteze.<\/li>\n<li>La sf\u00e2r\u015fitul testului scris secretarul comisiei va nota \u00eentr-un tabel num\u0103rul de pagini scrise, iar candidatul va semna pentru conformitate.<\/li>\n<li>Fiecare candidat va fi informat asupra rezultatelor ob\u0163inute la probele de concurs.<\/li>\n<li>La proba scris\u0103, interviu \u015fi probele suplimentare vor promova doar candida\u0163ii care au \u00eentrunit minim punctajul de 70 din 100.<\/li>\n<li>Candida\u0163ii nemul\u0163umi\u0163i de punctajul realizat la oricare dintre probele de concurs pot depune contesta\u0163ie, expun\u00e2nd motivele contesta\u0163iei depuse \u015fi aduc\u00e2nd dovezi \u00een sprijinul fundament\u0103rii acestei ac\u0163iuni, \u00een termen de 1 zi lucr\u0103toare (24 de ore) de la comunicarea rezultatelor, la secretariatul ADR Nord-Vest, care va fi \u00eenregistrat\u0103 cu num\u0103r de \u00eenregistrare.<\/li>\n<li>Contesta\u0163ia va fi analizat\u0103 de c\u0103tre Comisia de solu\u0163ionare a contesta\u0163iilor, iar r\u0103spunsul va fi comunicat contestatarului \u00een termen de 2 zile lucr\u0103toare dup\u0103 solu\u0163ionarea contesta\u0163iilor.<\/li>\n<\/ul>\n<\/div><\/div><\/div><\/div><\/div><\/div><\/section>","protected":false},"excerpt":{"rendered":"Home\/PagesCarier\u0103 Dac\u0103 dore\u0219ti s\u0103 ai un impact asupra regiunii Nord-Vest, al\u0103tur\u0103-te echipei noastre! Sau ceva de genul hahah. Nulla facilisis mattis nisl, sed egestas erat pretium a. Praesent id auctor urna. Lorem ipsum dolor sit amet, consectetur adipiscing elit. Nulla facilisis mattis nisl, sed egestas erat pretium a. Praesent id auctor urna. Dac\u0103 dore\u0219ti s\u0103...","protected":false},"author":1,"featured_media":0,"parent":0,"menu_order":0,"comment_status":"closed","ping_status":"closed","template":"","meta":{"footnotes":"","beyondwords_generate_audio":"1","beyondwords_project_id":"","beyondwords_content_id":"","beyondwords_preview_token":"","beyondwords_player_content":"","beyondwords_player_style":"standard","beyondwords_language_code":"","beyondwords_language_id":"","beyondwords_title_voice_id":"","beyondwords_body_voice_id":"","beyondwords_summary_voice_id":"","beyondwords_error_message":"#422: source_id has already been taken","beyondwords_disabled":"","beyondwords_delete_content":"","beyondwords_podcast_id":"","beyondwords_hash":"","publish_post_to_speechkit":"","speechkit_hash":"","speechkit_generate_audio":"","speechkit_project_id":"","speechkit_podcast_id":"","speechkit_error_message":"","speechkit_disabled":"","speechkit_access_key":"","speechkit_error":"","speechkit_info":"","speechkit_response":"","speechkit_retries":"","speechkit_status":"","speechkit_updated_at":"","_speechkit_link":"","_speechkit_text":""},"class_list":["post-17634","page","type-page","status-publish","hentry"],"publishpress_future_action":{"enabled":false,"date":"2026-04-12 04:19:13","action":"change-status","newStatus":"draft","terms":[],"taxonomy":"","extraData":[]},"publishpress_future_workflow_manual_trigger":{"enabledWorkflows":[]},"_links":{"self":[{"href":"https:\/\/newadrnv.regionordvest.ro\/en\/wp-json\/wp\/v2\/pages\/17634","targetHints":{"allow":["GET"]}}],"collection":[{"href":"https:\/\/newadrnv.regionordvest.ro\/en\/wp-json\/wp\/v2\/pages"}],"about":[{"href":"https:\/\/newadrnv.regionordvest.ro\/en\/wp-json\/wp\/v2\/types\/page"}],"author":[{"embeddable":true,"href":"https:\/\/newadrnv.regionordvest.ro\/en\/wp-json\/wp\/v2\/users\/1"}],"replies":[{"embeddable":true,"href":"https:\/\/newadrnv.regionordvest.ro\/en\/wp-json\/wp\/v2\/comments?post=17634"}],"version-history":[{"count":37,"href":"https:\/\/newadrnv.regionordvest.ro\/en\/wp-json\/wp\/v2\/pages\/17634\/revisions"}],"predecessor-version":[{"id":33025,"href":"https:\/\/newadrnv.regionordvest.ro\/en\/wp-json\/wp\/v2\/pages\/17634\/revisions\/33025"}],"wp:attachment":[{"href":"https:\/\/newadrnv.regionordvest.ro\/en\/wp-json\/wp\/v2\/media?parent=17634"}],"curies":[{"name":"wp","href":"https:\/\/api.w.org\/{rel}","templated":true}]}}