{"id":27335,"date":"2023-07-12T16:20:51","date_gmt":"2023-07-12T13:20:51","guid":{"rendered":"https:\/\/www.nord-vest.ro\/?page_id=27335"},"modified":"2026-03-17T10:36:52","modified_gmt":"2026-03-17T08:36:52","slug":"dds","status":"publish","type":"page","link":"https:\/\/newadrnv.regionordvest.ro\/en\/despre-noi\/echipa\/dg\/dds\/","title":{"rendered":"DIRIPP"},"content":{"rendered":"<section class=\"l-section wpb_row height_small color_primary\"><div class=\"l-section-h i-cf\"><div class=\"g-cols via_grid cols_1 laptops-cols_inherit tablets-cols_inherit mobiles-cols_1 valign_bottom type_default\" style=\"grid-gap:0.1rem;\"><div class=\"wpb_column vc_column_container\"><div class=\"vc_column-inner\"><ol class=\"g-breadcrumbs separator_custom align_left\"><li class=\"g-breadcrumbs-item\"><a href=\"https:\/\/newadrnv.regionordvest.ro\/en\/\">Home<\/a><meta content=\"1\"\/><\/li><li class=\"g-breadcrumbs-separator\">\/<\/li><li class=\"g-breadcrumbs-item\">Pages<\/li><\/ol><\/div><\/div><\/div><\/div><\/section><section class=\"l-section wpb_row height_small\"><div class=\"l-section-h i-cf\"><div class=\"g-cols via_grid cols_1 laptops-cols_inherit tablets-cols_inherit mobiles-cols_1 valign_top type_default\"><div class=\"wpb_column vc_column_container\"><div class=\"vc_column-inner\"><div class=\"wpb_text_column\"><div class=\"wpb_wrapper\"><h1 class=\"text-dual\"><span class=\"part1\">Team <\/span> <br \/><span class=\"part2\">Dezvoltare Strategic\u0103\t<\/span><\/h1>\n<\/div><\/div><div class=\"wpb_text_column us_custom_f5c342b7 has_text_color\"><div class=\"wpb_wrapper\"><p>lucreaz\u0103 \u00eempreun\u0103 pentru buna dezvoltare a regiunii.<\/p>\n<\/div><\/div><div class=\"w-separator us_custom_e6901461 size_small\"><\/div><\/div><\/div><\/div><\/div><\/section><section class=\"l-section wpb_row height_small\"><div class=\"l-section-h i-cf\"><div class=\"g-cols via_grid cols_1 laptops-cols_inherit tablets-cols_inherit mobiles-cols_1 valign_top type_default\"><div class=\"wpb_column vc_column_container\"><div class=\"vc_column-inner\"><div class=\"g-cols wpb_row via_grid cols_4 laptops-cols_inherit tablets-cols_inherit mobiles-cols_1 valign_middle type_default\"><div class=\"wpb_column vc_column_container\"><div class=\"vc_column-inner\"><div class=\"w-btn-wrapper width_full\"><a class=\"w-btn us-btn-style_1 us_custom_dc2e4a72\" href=\"\/en\/despre-noi\/echipa\/damprnv-2021-2027\/\"><span class=\"w-btn-label\">Echipa Programul Regional Nord-Vest 2021-2027<\/span><\/a><\/div><\/div><\/div><div class=\"wpb_column vc_column_container\"><div class=\"vc_column-inner\"><div class=\"w-btn-wrapper width_full\"><a class=\"w-btn us-btn-style_1 us_custom_f0e62fae\" href=\"\/en\/despre-noi\/echipa\/dg\/dds\/oi-sanatate\/\"><span class=\"w-btn-label\">Echipa Programul<br \/> S\u0103n\u0103tate<\/span><\/a><\/div><\/div><\/div><div class=\"wpb_column vc_column_container\"><div class=\"vc_column-inner\"><div class=\"w-btn-wrapper width_full\"><a class=\"w-btn us-btn-style_1 us_custom_bbe35ae5\" href=\"\/en\/despre-noi\/echipa\/dg\/dds\/\"><span class=\"w-btn-label\">Echipa Dezvoltare<br \/> Strategic\u0103<\/span><\/a><\/div><\/div><\/div><div class=\"wpb_column vc_column_container\"><div class=\"vc_column-inner\"><div class=\"w-btn-wrapper width_full\"><a class=\"w-btn us-btn-style_1 us_custom_685a2111\" href=\"\/en\/echipa-inno\/\"><span class=\"w-btn-label\">Team<br \/> INNO<\/span><\/a><\/div><\/div><\/div><\/div><div class=\"w-separator size_small\"><\/div><div class=\"g-cols wpb_row via_grid cols_4 laptops-cols_inherit tablets-cols_inherit mobiles-cols_1 valign_middle type_default\"><div class=\"wpb_column vc_column_container\"><div class=\"vc_column-inner\"><div class=\"w-btn-wrapper width_full\"><a class=\"w-btn us-btn-style_1 us_custom_933a7529\" href=\"\/en\/echipa-proiecte-proprii\/\"><span class=\"w-btn-label\">Team<br \/> Proiecte Proprii<\/span><\/a><\/div><\/div><\/div><div class=\"wpb_column vc_column_container\"><div class=\"vc_column-inner\"><div class=\"w-btn-wrapper width_full\"><a class=\"w-btn us-btn-style_1 us_custom_dc2e4a72\" href=\"\/en\/echipa-relatii-internationale\/\"><span class=\"w-btn-label\">Team<br \/> Rela\u021bii Interna\u021bionale<\/span><\/a><\/div><\/div><\/div><div class=\"wpb_column vc_column_container\"><div class=\"vc_column-inner\"><div class=\"w-btn-wrapper width_full\"><a class=\"w-btn us-btn-style_1 us_custom_b5baea71\" href=\"\/en\/despre-noi\/echipa\/dg\/\"><span class=\"w-btn-label\">Direc\u021bia<br \/> General\u0103<\/span><\/a><\/div><\/div><\/div><div class=\"wpb_column vc_column_container\"><div class=\"vc_column-inner\"><div class=\"w-btn-wrapper width_full\"><a class=\"w-btn us-btn-style_1 us_custom_f0e62fae\" href=\"\/en\/despre-noi\/echipa\/de\/\"><span class=\"w-btn-label\">Direc\u021bia<br \/> Economic\u0103<\/span><\/a><\/div><\/div><\/div><\/div><\/div><\/div><\/div><\/div><\/section><section class=\"l-section wpb_row height_small\"><div class=\"l-section-h i-cf\"><div class=\"g-cols via_grid cols_1 laptops-cols_inherit tablets-cols_inherit mobiles-cols_1 valign_middle type_default\"><div class=\"wpb_column vc_column_container\"><div class=\"vc_column-inner\"><div class=\"w-separator size_small\"><\/div><div class=\"g-cols wpb_row via_grid cols_2 laptops-cols_inherit tablets-cols_inherit mobiles-cols_1 valign_top type_default\"><div class=\"wpb_column vc_column_container\"><div class=\"vc_column-inner\"><div class=\"w-person us_custom_254420df layout_simple\"><div class=\"w-person-image\"><img loading=\"lazy\" decoding=\"async\" width=\"2403\" height=\"1352\" src=\"https:\/\/newadrnv.regionordvest.ro\/wp-content\/uploads\/2025\/06\/PFP-Logo-RO_signature.png\" class=\"g-placeholder\" alt=\"\" srcset=\"https:\/\/newadrnv.regionordvest.ro\/wp-content\/uploads\/2025\/06\/PFP-Logo-RO_signature.png 2403w, https:\/\/newadrnv.regionordvest.ro\/wp-content\/uploads\/2025\/06\/PFP-Logo-RO_signature-18x10.png 18w, https:\/\/newadrnv.regionordvest.ro\/wp-content\/uploads\/2025\/06\/PFP-Logo-RO_signature-600x338.png 600w, https:\/\/newadrnv.regionordvest.ro\/wp-content\/uploads\/2025\/06\/PFP-Logo-RO_signature-1109x624.png 1109w, https:\/\/newadrnv.regionordvest.ro\/wp-content\/uploads\/2025\/06\/PFP-Logo-RO_signature-624x351.png 624w, https:\/\/newadrnv.regionordvest.ro\/wp-content\/uploads\/2025\/06\/PFP-Logo-RO_signature-372x209.png 372w, https:\/\/newadrnv.regionordvest.ro\/wp-content\/uploads\/2025\/06\/PFP-Logo-RO_signature-124x70.png 124w, https:\/\/newadrnv.regionordvest.ro\/wp-content\/uploads\/2025\/06\/PFP-Logo-RO_signature-1244x700.png 1244w\" sizes=\"auto, (max-width: 2403px) 100vw, 2403px\" \/><\/div><div class=\"w-person-content\"><h4 class=\"w-person-name\"><span>Ionu\u021b-C\u0103t\u0103lin H\u0103dadea<\/span><\/h4><div class=\"w-person-role\">Head of department<\/div><\/div><\/div><\/div><\/div><div class=\"wpb_column vc_column_container\"><div class=\"vc_column-inner\"><div class=\"w-person us_custom_254420df layout_simple\"><div class=\"w-person-image\"><img loading=\"lazy\" decoding=\"async\" width=\"2403\" height=\"1352\" src=\"https:\/\/newadrnv.regionordvest.ro\/wp-content\/uploads\/2025\/06\/PFP-Logo-RO_signature.png\" class=\"g-placeholder\" alt=\"\" srcset=\"https:\/\/newadrnv.regionordvest.ro\/wp-content\/uploads\/2025\/06\/PFP-Logo-RO_signature.png 2403w, https:\/\/newadrnv.regionordvest.ro\/wp-content\/uploads\/2025\/06\/PFP-Logo-RO_signature-18x10.png 18w, https:\/\/newadrnv.regionordvest.ro\/wp-content\/uploads\/2025\/06\/PFP-Logo-RO_signature-600x338.png 600w, https:\/\/newadrnv.regionordvest.ro\/wp-content\/uploads\/2025\/06\/PFP-Logo-RO_signature-1109x624.png 1109w, https:\/\/newadrnv.regionordvest.ro\/wp-content\/uploads\/2025\/06\/PFP-Logo-RO_signature-624x351.png 624w, https:\/\/newadrnv.regionordvest.ro\/wp-content\/uploads\/2025\/06\/PFP-Logo-RO_signature-372x209.png 372w, https:\/\/newadrnv.regionordvest.ro\/wp-content\/uploads\/2025\/06\/PFP-Logo-RO_signature-124x70.png 124w, https:\/\/newadrnv.regionordvest.ro\/wp-content\/uploads\/2025\/06\/PFP-Logo-RO_signature-1244x700.png 1244w\" sizes=\"auto, (max-width: 2403px) 100vw, 2403px\" \/><\/div><div class=\"w-person-content\"><h4 class=\"w-person-name\"><span>\u0218tefania-Georgiana Cazacu<\/span><\/h4><div class=\"w-person-role\">Expert Tehnic Dezvoltare Regional\u0103<\/div><\/div><\/div><\/div><\/div><\/div><\/div><\/div><\/div><\/div><\/section><section class=\"l-section wpb_row height_small\"><div class=\"l-section-h i-cf\"><div class=\"g-cols via_grid cols_1 laptops-cols_inherit tablets-cols_inherit mobiles-cols_1 valign_top type_default\"><div class=\"wpb_column vc_column_container\"><div class=\"vc_column-inner\"><div class=\"w-text us_custom_4afa32c5 has_text_color\"><span class=\"w-text-h\"><span class=\"w-text-value\">Birou Valorificare Resurse Turism<\/span><\/span><\/div><div class=\"w-separator size_small\"><\/div><div class=\"g-cols wpb_row via_grid cols_4 laptops-cols_inherit tablets-cols_inherit mobiles-cols_1 valign_top type_default\"><div class=\"wpb_column vc_column_container\"><div class=\"vc_column-inner\"><div class=\"w-person us_custom_254420df layout_simple\"><div class=\"w-person-image\"><img loading=\"lazy\" decoding=\"async\" width=\"2403\" height=\"1352\" src=\"https:\/\/newadrnv.regionordvest.ro\/wp-content\/uploads\/2025\/06\/PFP-Logo-RO_signature.png\" class=\"g-placeholder\" alt=\"\" srcset=\"https:\/\/newadrnv.regionordvest.ro\/wp-content\/uploads\/2025\/06\/PFP-Logo-RO_signature.png 2403w, https:\/\/newadrnv.regionordvest.ro\/wp-content\/uploads\/2025\/06\/PFP-Logo-RO_signature-18x10.png 18w, https:\/\/newadrnv.regionordvest.ro\/wp-content\/uploads\/2025\/06\/PFP-Logo-RO_signature-600x338.png 600w, https:\/\/newadrnv.regionordvest.ro\/wp-content\/uploads\/2025\/06\/PFP-Logo-RO_signature-1109x624.png 1109w, https:\/\/newadrnv.regionordvest.ro\/wp-content\/uploads\/2025\/06\/PFP-Logo-RO_signature-624x351.png 624w, https:\/\/newadrnv.regionordvest.ro\/wp-content\/uploads\/2025\/06\/PFP-Logo-RO_signature-372x209.png 372w, https:\/\/newadrnv.regionordvest.ro\/wp-content\/uploads\/2025\/06\/PFP-Logo-RO_signature-124x70.png 124w, https:\/\/newadrnv.regionordvest.ro\/wp-content\/uploads\/2025\/06\/PFP-Logo-RO_signature-1244x700.png 1244w\" sizes=\"auto, (max-width: 2403px) 100vw, 2403px\" \/><\/div><div class=\"w-person-content\"><h4 class=\"w-person-name\"><span>Paula-Andrada Hulea<\/span><\/h4><div class=\"w-person-role\">Expert Tehnic Turism<\/div><\/div><\/div><\/div><\/div><div class=\"wpb_column vc_column_container\"><div class=\"vc_column-inner\"><div class=\"w-person us_custom_254420df layout_simple\"><div class=\"w-person-image\"><img loading=\"lazy\" decoding=\"async\" width=\"2403\" height=\"1352\" src=\"https:\/\/newadrnv.regionordvest.ro\/wp-content\/uploads\/2025\/06\/PFP-Logo-RO_signature.png\" class=\"g-placeholder\" alt=\"\" srcset=\"https:\/\/newadrnv.regionordvest.ro\/wp-content\/uploads\/2025\/06\/PFP-Logo-RO_signature.png 2403w, https:\/\/newadrnv.regionordvest.ro\/wp-content\/uploads\/2025\/06\/PFP-Logo-RO_signature-18x10.png 18w, https:\/\/newadrnv.regionordvest.ro\/wp-content\/uploads\/2025\/06\/PFP-Logo-RO_signature-600x338.png 600w, https:\/\/newadrnv.regionordvest.ro\/wp-content\/uploads\/2025\/06\/PFP-Logo-RO_signature-1109x624.png 1109w, https:\/\/newadrnv.regionordvest.ro\/wp-content\/uploads\/2025\/06\/PFP-Logo-RO_signature-624x351.png 624w, https:\/\/newadrnv.regionordvest.ro\/wp-content\/uploads\/2025\/06\/PFP-Logo-RO_signature-372x209.png 372w, https:\/\/newadrnv.regionordvest.ro\/wp-content\/uploads\/2025\/06\/PFP-Logo-RO_signature-124x70.png 124w, https:\/\/newadrnv.regionordvest.ro\/wp-content\/uploads\/2025\/06\/PFP-Logo-RO_signature-1244x700.png 1244w\" sizes=\"auto, (max-width: 2403px) 100vw, 2403px\" \/><\/div><div class=\"w-person-content\"><h4 class=\"w-person-name\"><span>Marius-Cristin Lazin<\/span><\/h4><div class=\"w-person-role\">Expert Tehnic Turism<\/div><\/div><\/div><\/div><\/div><\/div><\/div><\/div><\/div><\/div><\/section>","protected":false},"excerpt":{"rendered":"Home\/PagesEchipa Dezvoltare Strategic\u0103 lucreaz\u0103 \u00eempreun\u0103 pentru buna dezvoltare a regiunii. Echipa Programul Regional Nord-Vest 2021-2027Echipa Programul S\u0103n\u0103tateEchipa Dezvoltare Strategic\u0103Echipa INNOEchipa Proiecte PropriiEchipa Rela\u021bii Interna\u021bionaleDirec\u021bia General\u0103Direc\u021bia Economic\u0103Ionu\u021b-C\u0103t\u0103lin H\u0103dadea\u0218ef Departament\u0218tefania-Georgiana CazacuExpert Tehnic Dezvoltare Regional\u0103Birou Valorificare Resurse TurismPaula-Andrada HuleaExpert Tehnic TurismMarius-Cristin LazinExpert Tehnic Turism","protected":false},"author":1,"featured_media":0,"parent":19707,"menu_order":0,"comment_status":"closed","ping_status":"closed","template":"","meta":{"footnotes":"","beyondwords_generate_audio":"1","beyondwords_project_id":"21144","beyondwords_content_id":"046d303d-086b-4208-b531-d38fa3c96f18","beyondwords_preview_token":"f0447dd0-9697-46ee-aa21-7046a69b86ad","beyondwords_player_content":"","beyondwords_player_style":"standard","beyondwords_language_code":"","beyondwords_language_id":"","beyondwords_title_voice_id":"","beyondwords_body_voice_id":"","beyondwords_summary_voice_id":"","beyondwords_error_message":"","beyondwords_disabled":"","beyondwords_delete_content":"","beyondwords_podcast_id":"046d303d-086b-4208-b531-d38fa3c96f18","beyondwords_hash":"5e01fa6d0d48e116f7254604b5c7139c825025f7","publish_post_to_speechkit":"","speechkit_hash":"","speechkit_generate_audio":"","speechkit_project_id":"","speechkit_podcast_id":"","speechkit_error_message":"","speechkit_disabled":"","speechkit_access_key":"","speechkit_error":"","speechkit_info":"","speechkit_response":"","speechkit_retries":"","speechkit_status":"","speechkit_updated_at":"","_speechkit_link":"","_speechkit_text":""},"class_list":["post-27335","page","type-page","status-publish","hentry"],"publishpress_future_action":{"enabled":false,"date":"2026-04-11 23:45:59","action":"change-status","newStatus":"draft","terms":[],"taxonomy":"","extraData":[]},"publishpress_future_workflow_manual_trigger":{"enabledWorkflows":[]},"_links":{"self":[{"href":"https:\/\/newadrnv.regionordvest.ro\/en\/wp-json\/wp\/v2\/pages\/27335","targetHints":{"allow":["GET"]}}],"collection":[{"href":"https:\/\/newadrnv.regionordvest.ro\/en\/wp-json\/wp\/v2\/pages"}],"about":[{"href":"https:\/\/newadrnv.regionordvest.ro\/en\/wp-json\/wp\/v2\/types\/page"}],"author":[{"embeddable":true,"href":"https:\/\/newadrnv.regionordvest.ro\/en\/wp-json\/wp\/v2\/users\/1"}],"replies":[{"embeddable":true,"href":"https:\/\/newadrnv.regionordvest.ro\/en\/wp-json\/wp\/v2\/comments?post=27335"}],"version-history":[{"count":65,"href":"https:\/\/newadrnv.regionordvest.ro\/en\/wp-json\/wp\/v2\/pages\/27335\/revisions"}],"predecessor-version":[{"id":34395,"href":"https:\/\/newadrnv.regionordvest.ro\/en\/wp-json\/wp\/v2\/pages\/27335\/revisions\/34395"}],"up":[{"embeddable":true,"href":"https:\/\/newadrnv.regionordvest.ro\/en\/wp-json\/wp\/v2\/pages\/19707"}],"wp:attachment":[{"href":"https:\/\/newadrnv.regionordvest.ro\/en\/wp-json\/wp\/v2\/media?parent=27335"}],"curies":[{"name":"wp","href":"https:\/\/api.w.org\/{rel}","templated":true}]}}