{"id":28453,"date":"2023-12-08T14:10:32","date_gmt":"2023-12-08T12:10:32","guid":{"rendered":"https:\/\/www.nord-vest.ro\/?page_id=28453"},"modified":"2025-11-04T11:54:41","modified_gmt":"2025-11-04T09:54:41","slug":"monitorizarea-obiectivelor-de-dezvoltare-durabila","status":"publish","type":"page","link":"https:\/\/newadrnv.regionordvest.ro\/en\/dezvoltare-regionala\/planificare-strategica\/analize-regionale-si-capacitate-administrativa\/monitorizarea-obiectivelor-de-dezvoltare-durabila\/","title":{"rendered":"Monitorizarea obiectivelor de dezvoltare durabil\u0103"},"content":{"rendered":"<section class=\"l-section wpb_row height_small color_primary\"><div class=\"l-section-h i-cf\"><div class=\"g-cols via_grid cols_1 laptops-cols_inherit tablets-cols_inherit mobiles-cols_1 valign_bottom type_default\" style=\"grid-gap:0.1rem;\"><div class=\"wpb_column vc_column_container\"><div class=\"vc_column-inner\"><ol class=\"g-breadcrumbs separator_custom align_left\"><li class=\"g-breadcrumbs-item\"><a href=\"https:\/\/newadrnv.regionordvest.ro\/en\/\">Home<\/a><meta content=\"1\"\/><\/li><li class=\"g-breadcrumbs-separator\">\/<\/li><li class=\"g-breadcrumbs-item\">Pages<\/li><\/ol><\/div><\/div><\/div><\/div><\/section><section class=\"l-section wpb_row height_small\"><div class=\"l-section-h i-cf\"><div class=\"g-cols via_grid cols_1-3 laptops-cols_inherit tablets-cols_inherit mobiles-cols_1 valign_top type_default\"><div class=\"wpb_column vc_column_container\"><div class=\"vc_column-inner\"><div class=\"w-menu layout_ver style_blocks us_menu_1\" style=\"--main-gap:0.7rem;--main-ver-indent:0.8em;--main-hor-indent:0.8em;\"><ul id=\"menu-dezvoltare\" class=\"menu\"><li id=\"menu-item-31404\" class=\"menu-item menu-item-type-post_type menu-item-object-page menu-item-31404\"><a href=\"https:\/\/newadrnv.regionordvest.ro\/en\/dezvoltare-regionala\/planificare-strategica\/\">Planificare strategic\u0103<\/a><\/li><li id=\"menu-item-31405\" class=\"menu-item menu-item-type-post_type menu-item-object-page menu-item-31405\"><a href=\"https:\/\/newadrnv.regionordvest.ro\/en\/dezvoltare-regionala\/planificare-strategica\/strategia-regionala-de-turism\/\">Strategia regional\u0103 de turism<\/a><\/li><li id=\"menu-item-17679\" class=\"menu-item menu-item-type-post_type menu-item-object-page menu-item-17679\"><a href=\"https:\/\/newadrnv.regionordvest.ro\/en\/?page_id=17677\">Pilot projects for less developed regions<\/a><\/li><li id=\"menu-item-17671\" class=\"menu-item menu-item-type-post_type menu-item-object-page menu-item-17671\"><a href=\"https:\/\/newadrnv.regionordvest.ro\/en\/dezvoltare-regionala\/planificare-strategica\/documente-strategice\/strategia-regionala-de-mobilitate-urbana-orase-inteligente\/\">Strategia regional\u0103 de mobilitate urban\u0103 \u0219i ora\u0219e inteligente<\/a><\/li><li id=\"menu-item-17680\" class=\"menu-item menu-item-type-post_type menu-item-object-page menu-item-17680\"><a href=\"https:\/\/newadrnv.regionordvest.ro\/en\/dezvoltare-regionala\/planificare-strategica\/documente-strategice\/planuri-strategii-sectoriale\/\">Planuri \u0219i strategii sectoriale<\/a><\/li><li id=\"menu-item-17674\" class=\"menu-item menu-item-type-post_type menu-item-object-page menu-item-17674\"><a href=\"https:\/\/newadrnv.regionordvest.ro\/en\/dezvoltare-regionala\/dezvoltare-planificare-strategica\/specializare-inteligenta\/\">Smart specialization<\/a><\/li><li id=\"menu-item-17668\" class=\"menu-item menu-item-type-post_type menu-item-object-page menu-item-17668\"><a href=\"https:\/\/newadrnv.regionordvest.ro\/en\/dezvoltare-regionala\/planificare-strategica\/planuri-de-dezvoltare-regionala\/\">Regional development plans<\/a><\/li><li id=\"menu-item-28543\" class=\"menu-item menu-item-type-post_type menu-item-object-page menu-item-28543\"><a href=\"https:\/\/newadrnv.regionordvest.ro\/en\/dezvoltare-regionala\/planificare-strategica\/documente-strategice\/\">Documente strategice<\/a><\/li><li id=\"menu-item-19514\" class=\"menu-item menu-item-type-post_type menu-item-object-page menu-item-19514\"><a href=\"https:\/\/newadrnv.regionordvest.ro\/en\/dezvoltare-regionala\/dezvoltare-planificare-strategica\/\">Dezvoltare \u0219i planificare strategic\u0103<\/a><\/li><li id=\"menu-item-31406\" class=\"menu-item menu-item-type-post_type menu-item-object-page menu-item-31406\"><a href=\"https:\/\/newadrnv.regionordvest.ro\/en\/dezvoltare-regionala\/planificare-strategica\/analize-regionale-si-capacitate-administrativa\/\">Analize regionale \u0219i capacitate administrativ\u0103<\/a><\/li><li id=\"menu-item-28455\" class=\"menu-item menu-item-type-post_type menu-item-object-page menu-item-28455\"><a href=\"https:\/\/newadrnv.regionordvest.ro\/en\/dezvoltare-regionala\/planificare-strategica\/analize-regionale-si-capacitate-administrativa\/monitorizarea-obiectivelor-de-dezvoltare-durabila\/\">Monitorizarea obiectivelor de dezvoltare durabil\u0103<\/a><\/li><\/ul><style>.us_menu_1 .menu>li>a{background:#78B7A3}.us_menu_1 .menu>li>a{color:var(--color-header-middle-bg)}.us_menu_1 .menu>.menu-item:not(.current-menu-item)>a:hover{background:#73C7C9}.us_menu_1 .menu>.menu-item:not(.current-menu-item)>a:hover{color:var(--color-alt-content-text)}.us_menu_1 .menu>.current-menu-item>a{background:#2190A3}.us_menu_1 .menu>.current-menu-item>a{color:var(--color-alt-content-text)}@media ( max-width:600px ){.us_menu_1 .menu{display:block!important}.us_menu_1 .menu>li{margin:0 0 var(--main-gap,0.7rem)!important}}<\/style><\/div><\/div><\/div><div class=\"wpb_column vc_column_container\"><div class=\"vc_column-inner\"><div class=\"w-iconbox us_custom_ed8a7c94 iconpos_left style_outlined color_primary align_left no_text\"><a href=\"https:\/\/www.nord-vest.ro\/wp-content\/uploads\/2023\/12\/Monitoring-the-SDGs-in-the-North-West-Romania-Region.pdf\" class=\"w-iconbox-link\" aria-label=\"Monitorizarea proiectelor de dezvoltare durabil\u0103 pentru Regiunea de Dezvoltare Nord-Vest &#8211; versiune Englez\u0103\"><div class=\"w-iconbox-icon\" style=\"font-size:2rem;\"><i class=\"fas fa-download\"><\/i><\/div><\/a><div class=\"w-iconbox-meta\"><a href=\"https:\/\/www.nord-vest.ro\/wp-content\/uploads\/2023\/12\/Monitoring-the-SDGs-in-the-North-West-Romania-Region.pdf\" class=\"w-iconbox-link\" aria-label=\"Monitorizarea proiectelor de dezvoltare durabil\u0103 pentru Regiunea de Dezvoltare Nord-Vest &#8211; versiune Englez\u0103\"><h5 class=\"w-iconbox-title\">Monitorizarea proiectelor de dezvoltare durabil\u0103 pentru Regiunea de Dezvoltare Nord-Vest &#8211; versiune Englez\u0103<\/h5><\/a><\/div><\/div><div class=\"w-separator size_medium\"><\/div><div class=\"w-iconbox us_custom_ed8a7c94 iconpos_left style_outlined color_primary align_left no_text\"><a href=\"https:\/\/www.nord-vest.ro\/wp-content\/uploads\/2024\/06\/JRC134400__ro_online.pdf\" class=\"w-iconbox-link\" aria-label=\"Monitorizarea ODD-urilor \u00een Regiunea Nord-Vest a Rom\u00e2niei &#8211; versiune Rom\u00e2n\u0103\"><div class=\"w-iconbox-icon\" style=\"font-size:2rem;\"><i class=\"fas fa-download\"><\/i><\/div><\/a><div class=\"w-iconbox-meta\"><a href=\"https:\/\/www.nord-vest.ro\/wp-content\/uploads\/2024\/06\/JRC134400__ro_online.pdf\" class=\"w-iconbox-link\" aria-label=\"Monitorizarea ODD-urilor \u00een Regiunea Nord-Vest a Rom\u00e2niei &#8211; versiune Rom\u00e2n\u0103\"><h5 class=\"w-iconbox-title\">Monitorizarea ODD-urilor \u00een Regiunea Nord-Vest a Rom\u00e2niei &#8211; versiune Rom\u00e2n\u0103<\/h5><\/a><\/div><\/div><\/div><\/div><\/div><\/div><\/section>","protected":false},"excerpt":{"rendered":"Home\/PagesPlanificare strategic\u0103Strategia regional\u0103 de turismProiecte pilot pentru regiuni mai pu\u021bin dezvoltateStrategia regional\u0103 de mobilitate urban\u0103 \u0219i ora\u0219e inteligentePlanuri \u0219i strategii sectorialeSpecializare inteligent\u0103Planuri de dezvoltare regional\u0103Documente strategiceDezvoltare \u0219i planificare strategic\u0103Analize regionale \u0219i capacitate administrativ\u0103Monitorizarea obiectivelor de dezvoltare durabil\u0103Monitorizarea proiectelor de dezvoltare durabil\u0103 pentru Regiunea de Dezvoltare Nord-Vest &#8211; versiune Englez\u0103Monitorizarea ODD-urilor \u00een Regiunea Nord-Vest a Rom\u00e2niei...","protected":false},"author":42,"featured_media":0,"parent":31354,"menu_order":0,"comment_status":"closed","ping_status":"closed","template":"","meta":{"footnotes":"","beyondwords_generate_audio":"0","beyondwords_project_id":"","beyondwords_content_id":"","beyondwords_preview_token":"","beyondwords_player_content":"","beyondwords_player_style":"standard","beyondwords_language_code":"","beyondwords_language_id":"","beyondwords_title_voice_id":"","beyondwords_body_voice_id":"","beyondwords_summary_voice_id":"","beyondwords_error_message":"","beyondwords_disabled":"","beyondwords_delete_content":"","beyondwords_podcast_id":"","beyondwords_hash":"","publish_post_to_speechkit":"","speechkit_hash":"","speechkit_generate_audio":"","speechkit_project_id":"","speechkit_podcast_id":"","speechkit_error_message":"","speechkit_disabled":"","speechkit_access_key":"","speechkit_error":"","speechkit_info":"","speechkit_response":"","speechkit_retries":"","speechkit_status":"","speechkit_updated_at":"","_speechkit_link":"","_speechkit_text":""},"class_list":["post-28453","page","type-page","status-publish","hentry"],"publishpress_future_action":{"enabled":false,"date":"2026-04-12 00:04:32","action":"change-status","newStatus":"draft","terms":[],"taxonomy":"","extraData":[]},"publishpress_future_workflow_manual_trigger":{"enabledWorkflows":[]},"_links":{"self":[{"href":"https:\/\/newadrnv.regionordvest.ro\/en\/wp-json\/wp\/v2\/pages\/28453","targetHints":{"allow":["GET"]}}],"collection":[{"href":"https:\/\/newadrnv.regionordvest.ro\/en\/wp-json\/wp\/v2\/pages"}],"about":[{"href":"https:\/\/newadrnv.regionordvest.ro\/en\/wp-json\/wp\/v2\/types\/page"}],"author":[{"embeddable":true,"href":"https:\/\/newadrnv.regionordvest.ro\/en\/wp-json\/wp\/v2\/users\/42"}],"replies":[{"embeddable":true,"href":"https:\/\/newadrnv.regionordvest.ro\/en\/wp-json\/wp\/v2\/comments?post=28453"}],"version-history":[{"count":10,"href":"https:\/\/newadrnv.regionordvest.ro\/en\/wp-json\/wp\/v2\/pages\/28453\/revisions"}],"predecessor-version":[{"id":33197,"href":"https:\/\/newadrnv.regionordvest.ro\/en\/wp-json\/wp\/v2\/pages\/28453\/revisions\/33197"}],"up":[{"embeddable":true,"href":"https:\/\/newadrnv.regionordvest.ro\/en\/wp-json\/wp\/v2\/pages\/31354"}],"wp:attachment":[{"href":"https:\/\/newadrnv.regionordvest.ro\/en\/wp-json\/wp\/v2\/media?parent=28453"}],"curies":[{"name":"wp","href":"https:\/\/api.w.org\/{rel}","templated":true}]}}