{"id":28882,"date":"2024-02-02T12:23:22","date_gmt":"2024-02-02T10:23:22","guid":{"rendered":"https:\/\/www.nord-vest.ro\/?page_id=28882"},"modified":"2026-01-22T14:37:46","modified_gmt":"2026-01-22T12:37:46","slug":"misiune-si-viziune","status":"publish","type":"page","link":"https:\/\/newadrnv.regionordvest.ro\/en\/despre-noi\/misiune-si-viziune\/","title":{"rendered":"Misiune \u0219i viziune"},"content":{"rendered":"<section class=\"l-section wpb_row height_small color_primary\"><div class=\"l-section-h i-cf\"><div class=\"g-cols via_grid cols_1 laptops-cols_inherit tablets-cols_inherit mobiles-cols_1 valign_bottom type_default\" style=\"grid-gap:0.1rem;\"><div class=\"wpb_column vc_column_container\"><div class=\"vc_column-inner\"><ol class=\"g-breadcrumbs separator_custom align_left\"><li class=\"g-breadcrumbs-item\"><a href=\"https:\/\/newadrnv.regionordvest.ro\/en\/\">Home<\/a><meta content=\"1\"\/><\/li><li class=\"g-breadcrumbs-separator\">\/<\/li><li class=\"g-breadcrumbs-item\">Pages<\/li><\/ol><\/div><\/div><\/div><\/div><\/section><section class=\"l-section wpb_row height_auto\"><div class=\"l-section-h i-cf\"><div class=\"g-cols via_grid cols_2 laptops-cols_inherit tablets-cols_inherit mobiles-cols_1 valign_middle type_default\" style=\"grid-gap:2rem;\"><div class=\"wpb_column vc_column_container\"><div class=\"vc_column-inner\"><div class=\"w-image align_none\"><div class=\"w-image-h\"><img loading=\"lazy\" decoding=\"async\" width=\"372\" height=\"209\" src=\"https:\/\/newadrnv.regionordvest.ro\/wp-content\/uploads\/2025\/06\/PFP-Logo-RO_signature-372x209.png\" class=\"g-placeholder\" alt=\"\" srcset=\"https:\/\/newadrnv.regionordvest.ro\/wp-content\/uploads\/2025\/06\/PFP-Logo-RO_signature-372x209.png 372w, https:\/\/newadrnv.regionordvest.ro\/wp-content\/uploads\/2025\/06\/PFP-Logo-RO_signature-18x10.png 18w, https:\/\/newadrnv.regionordvest.ro\/wp-content\/uploads\/2025\/06\/PFP-Logo-RO_signature-600x338.png 600w, https:\/\/newadrnv.regionordvest.ro\/wp-content\/uploads\/2025\/06\/PFP-Logo-RO_signature-1109x624.png 1109w, https:\/\/newadrnv.regionordvest.ro\/wp-content\/uploads\/2025\/06\/PFP-Logo-RO_signature-624x351.png 624w, https:\/\/newadrnv.regionordvest.ro\/wp-content\/uploads\/2025\/06\/PFP-Logo-RO_signature-124x70.png 124w, https:\/\/newadrnv.regionordvest.ro\/wp-content\/uploads\/2025\/06\/PFP-Logo-RO_signature-1244x700.png 1244w\" sizes=\"auto, (max-width: 372px) 100vw, 372px\" \/><\/div><\/div><\/div><\/div><div class=\"wpb_column vc_column_container\"><div class=\"vc_column-inner\"><div class=\"w-html us_custom_9763f552\"><div class=\"interactive-text\">\n  <p class=\"line\">\n    <span class=\"blue\">Suntem<\/span> \n    <span class=\"highlight\">partenerul t\u0103u<\/span>\n  <\/p>\n\n  <!-- R\u00e2ndul principal, singurul vizibil -->\n  <p class=\"line\">\n    <span class=\"blue\">pentru <\/span>\n    <span class=\"green\" id=\"rotating-text\">dezvoltare<\/span>\n  <\/p>\n\n  <!-- R\u00e2nduri folosite ca surs\u0103 de text, dar ascunse -->\n  <p class=\"line hidden-source\">\n    <span class=\"green\">o via\u021b\u0103 bun\u0103 aici, acas\u0103<\/span>\n  <\/p>\n\n  <p class=\"line hidden-source\">\n    <span class=\"green\">inova\u021bie aducerea la via\u021b\u0103 a ideilor tale bune<\/span>\n  <\/p>\n<\/div>\n\n<style>\n  .hidden-source {\n    display: none;\n  }\n\n  #rotating-text {\n    opacity: 1;\n    transition: opacity 0.6s ease;\n  }\n  #rotating-text.fade-out {\n    opacity: 0;\n  }\n<\/style>\n\n<script>\n  \/\/ Prelu\u0103m textele din r\u00e2ndurile ascunse\n  const sources = Array.from(document.querySelectorAll('.hidden-source span'))\n                       .map(el => el.textContent.trim());\n\n  \/\/ Ad\u0103ug\u0103m \u0219i primul text ('dezvoltare') la \u00eenceputul listei\n  const phrases = [\"dezvoltare\", ...sources];\n\n  let index = 0;\n  const rotatingEl = document.getElementById(\"rotating-text\");\n\n  function rotate() {\n    rotatingEl.classList.add(\"fade-out\");\n\n    setTimeout(() => {\n      index = (index + 1) % phrases.length;\n      rotatingEl.textContent = phrases[index];\n      rotatingEl.classList.remove(\"fade-out\");\n    }, 600);\n  }\n\n  setInterval(rotate, 3000);\n<\/script>\n<\/div><\/div><\/div><\/div><\/div><\/section><section class=\"l-section wpb_row height_small\"><div class=\"l-section-h i-cf\"><div class=\"g-cols via_grid cols_1 laptops-cols_inherit tablets-cols_inherit mobiles-cols_1 valign_top type_default\"><div class=\"wpb_column vc_column_container\"><div class=\"vc_column-inner\"><div class=\"wpb_text_column us_custom_8a658c38\"><div class=\"wpb_wrapper\"><p><strong>Text despre cum logo-ul semnific\u0103 parteneriat, leg\u0103tur\u0103.<br \/>Cum prin aceast\u0103 promisiune ajut\u0103m \u0219i cum scopul nostru este s\u0103 punem regiunea pe harta destina\u021biilor de top europene.<\/strong><\/p>\n<p>Lorem ipsum dolor sit amet, consectetur adipiscing elit. Nulla facilisis mattis nisl, sed egestas erat pretium a. Praesent id auctor urna. Vestibulum egestas iaculis eros vel ultrices. Praesent diam leo, tincidunt vel massa vitae, maximus auctor metus. Cras egestas id est vitae mattis. Ut vitae nunc quis lectus venenatis vulputate at non sapien. Suspendisse iaculis nec nulla non imperdiet. Suspendisse potenti. Phasellus sit amet gravida velit, nec tristique magna. Vivamus in ligula mauris. Vivamus a felis ac mauris consectetur cursus a eget orci. Praesent arcu lectus, pharetra ut ipsum quis, luctus auctor eros. Nam rhoncus felis pulvinar lobortis semper. Morbi sed volutpat lectus. Maecenas imperdiet varius magna sit amet accumsan. Curabitur ut dictum nulla, vel sollicitudin sem.<\/p>\n<\/div><\/div><\/div><\/div><\/div><\/div><\/section><section class=\"l-section wpb_row height_huge with_img\"><div class=\"l-section-img\" style=\"background-image: url(https:\/\/newadrnv.regionordvest.ro\/wp-content\/uploads\/2026\/01\/verigi-misiune.png);background-size: contain;\" data-img-width=\"12500\" data-img-height=\"5000\"><\/div><div class=\"l-section-h i-cf\"><div class=\"g-cols via_grid cols_3 laptops-cols_inherit tablets-cols_inherit mobiles-cols_1 valign_middle type_default\" style=\"grid-gap:1rem;\"><div class=\"wpb_column vc_column_container\"><div class=\"vc_column-inner\"><\/div><\/div><div class=\"wpb_column vc_column_container us_custom_877b2b31 misiune-card has_bg_color\"><div class=\"vc_column-inner\"><div class=\"w-text us_custom_70eff3e1 has_text_color\"><span class=\"w-text-h\"><span class=\"w-text-value\">Misiunea noastr\u0103<\/span><\/span><\/div><div class=\"w-separator size_small\"><\/div><div class=\"wpb_text_column us_custom_6eec64ae has_text_color\"><div class=\"wpb_wrapper\"><p>Phasellus sit amet gravida velit, nec tristique magna. Vivamus in ligula mauris. Vivamus a felis ac mauris consectetur cursus a eget orci. Praesent arcu lectus, pharetra ut ipsum quis, luctus auctor eros. Nam rhoncus felis pulvinar lobortis semper. Morbi sed volutpat lectus. Maecenas imperdiet varius magna sit amet accumsan. Curabitur ut dictum nulla, vel sollicitudin sem.<\/p>\n<\/div><\/div><\/div><\/div><div class=\"wpb_column vc_column_container\"><div class=\"vc_column-inner\"><\/div><\/div><\/div><\/div><\/section><section class=\"l-section wpb_row height_small\"><div class=\"l-section-h i-cf\"><div class=\"g-cols via_grid cols_1 laptops-cols_inherit tablets-cols_inherit mobiles-cols_1 valign_middle type_default\" style=\"grid-gap:1rem;\"><div class=\"wpb_column vc_column_container\"><div class=\"vc_column-inner\"><div class=\"g-cols wpb_row via_grid cols_2-1 laptops-cols_inherit tablets-cols_1 mobiles-cols_1 valign_top type_default\"><div class=\"wpb_column vc_column_container\"><div class=\"vc_column-inner\"><div class=\"wpb_text_column us_custom_1c190c72 us_animate_this has_text_color\"><div class=\"wpb_wrapper\"><p>Comunitate<\/p>\n<\/div><\/div><\/div><\/div><div class=\"wpb_column vc_column_container\"><div class=\"vc_column-inner\"><\/div><\/div><\/div><div class=\"g-cols wpb_row via_grid cols_4 laptops-cols_inherit tablets-cols_1 mobiles-cols_1 valign_top type_default\"><div class=\"wpb_column vc_column_container\"><div class=\"vc_column-inner\"><\/div><\/div><div class=\"wpb_column vc_column_container us_custom_07aaffde us_animate_this has_bg_color\"><div class=\"vc_column-inner\"><div class=\"wpb_text_column us_custom_0296b214 has_text_color\"><div class=\"wpb_wrapper\"><p>Punem cet\u0103\u021benii pe primul loc. Vivamus a felis ac mauris consectetu<\/p>\n<\/div><\/div><\/div><\/div><div class=\"wpb_column vc_column_container\"><div class=\"vc_column-inner\"><\/div><\/div><div class=\"wpb_column vc_column_container\"><div class=\"vc_column-inner\"><\/div><\/div><\/div><\/div><\/div><\/div><\/div><\/section><section class=\"l-section wpb_row height_small\"><div class=\"l-section-h i-cf\"><div class=\"g-cols via_grid cols_1 laptops-cols_inherit tablets-cols_inherit mobiles-cols_1 valign_middle type_default\" style=\"grid-gap:1rem;\"><div class=\"wpb_column vc_column_container\"><div class=\"vc_column-inner\"><div class=\"g-cols wpb_row via_grid cols_2-1 laptops-cols_inherit tablets-cols_1 mobiles-cols_1 valign_top type_default\"><div class=\"wpb_column vc_column_container\"><div class=\"vc_column-inner\"><div class=\"wpb_text_column us_custom_4d77eb94 us_animate_this has_text_color\"><div class=\"wpb_wrapper\"><p>Dezvoltare<\/p>\n<\/div><\/div><\/div><\/div><div class=\"wpb_column vc_column_container\"><div class=\"vc_column-inner\"><\/div><\/div><\/div><div class=\"g-cols wpb_row via_grid cols_4 laptops-cols_inherit tablets-cols_1 mobiles-cols_1 valign_top type_default\"><div class=\"wpb_column vc_column_container\"><div class=\"vc_column-inner\"><\/div><\/div><div class=\"wpb_column vc_column_container\"><div class=\"vc_column-inner\"><\/div><\/div><div class=\"wpb_column vc_column_container us_custom_08efe526 us_animate_this has_bg_color\"><div class=\"vc_column-inner\"><div class=\"wpb_text_column us_custom_0296b214 has_text_color\"><div class=\"wpb_wrapper\"><p>Punem cet\u0103\u021benii pe primul loc. Vivamus a felis ac mauris consectetu<\/p>\n<\/div><\/div><\/div><\/div><div class=\"wpb_column vc_column_container\"><div class=\"vc_column-inner\"><\/div><\/div><\/div><\/div><\/div><\/div><\/div><\/section><section class=\"l-section wpb_row height_small\"><div class=\"l-section-h i-cf\"><div class=\"g-cols via_grid cols_1 laptops-cols_inherit tablets-cols_inherit mobiles-cols_1 valign_middle type_default\" style=\"grid-gap:1rem;\"><div class=\"wpb_column vc_column_container\"><div class=\"vc_column-inner\"><div class=\"wpb_text_column us_custom_39a76804 us_animate_this has_text_color\"><div class=\"wpb_wrapper\"><p>Echitate<\/p>\n<\/div><\/div><div class=\"g-cols wpb_row via_grid cols_2-1 laptops-cols_inherit tablets-cols_inherit mobiles-cols_1 valign_top type_default\"><div class=\"wpb_column vc_column_container\"><div class=\"vc_column-inner\"><\/div><\/div><div class=\"wpb_column vc_column_container\"><div class=\"vc_column-inner\"><\/div><\/div><\/div><div class=\"g-cols wpb_row via_grid cols_4 laptops-cols_inherit tablets-cols_1 mobiles-cols_1 valign_top type_default\"><div class=\"wpb_column vc_column_container us_custom_2bf463b5 us_animate_this has_bg_color\"><div class=\"vc_column-inner\"><div class=\"wpb_text_column us_custom_0296b214 has_text_color\"><div class=\"wpb_wrapper\"><p>Punem cet\u0103\u021benii pe primul loc. Vivamus a felis ac mauris consectetu<\/p>\n<\/div><\/div><\/div><\/div><div class=\"wpb_column vc_column_container\"><div class=\"vc_column-inner\"><\/div><\/div><div class=\"wpb_column vc_column_container\"><div class=\"vc_column-inner\"><\/div><\/div><\/div><\/div><\/div><\/div><\/div><\/section><section class=\"l-section wpb_row height_small\"><div class=\"l-section-h i-cf\"><div class=\"g-cols via_grid cols_1 laptops-cols_inherit tablets-cols_inherit mobiles-cols_1 valign_middle type_default\" style=\"grid-gap:1rem;\"><div class=\"wpb_column vc_column_container\"><div class=\"vc_column-inner\"><div class=\"g-cols wpb_row via_grid cols_2-1 laptops-cols_inherit tablets-cols_1 mobiles-cols_1 valign_top type_default\"><div class=\"wpb_column vc_column_container\"><div class=\"vc_column-inner\"><div class=\"wpb_text_column us_custom_a53a3dff us_animate_this has_text_color\"><div class=\"wpb_wrapper\"><p>Inovare<\/p>\n<\/div><\/div><\/div><\/div><div class=\"wpb_column vc_column_container\"><div class=\"vc_column-inner\"><\/div><\/div><\/div><div class=\"g-cols wpb_row via_grid cols_3 laptops-cols_inherit tablets-cols_1 mobiles-cols_1 valign_top type_default\"><div class=\"wpb_column vc_column_container\"><div class=\"vc_column-inner\"><\/div><\/div><div class=\"wpb_column vc_column_container us_custom_a39c71c9 us_animate_this has_bg_color\"><div class=\"vc_column-inner\"><div class=\"wpb_text_column us_custom_0296b214 has_text_color\"><div class=\"wpb_wrapper\"><p>Punem cet\u0103\u021benii pe primul loc. Vivamus a felis ac mauris consectetu<\/p>\n<\/div><\/div><\/div><\/div><div class=\"wpb_column vc_column_container\"><div class=\"vc_column-inner\"><\/div><\/div><\/div><\/div><\/div><\/div><\/div><\/section><section class=\"l-section wpb_row height_small\"><div class=\"l-section-h i-cf\"><div class=\"g-cols via_grid cols_1 laptops-cols_inherit tablets-cols_inherit mobiles-cols_1 valign_middle type_default\" style=\"grid-gap:1rem;\"><div class=\"wpb_column vc_column_container\"><div class=\"vc_column-inner\"><div class=\"g-cols wpb_row via_grid cols_2-1 laptops-cols_inherit tablets-cols_1 mobiles-cols_1 valign_top type_default\"><div class=\"wpb_column vc_column_container\"><div class=\"vc_column-inner\"><div class=\"wpb_text_column us_custom_98dc504e us_animate_this has_text_color\"><div class=\"wpb_wrapper\"><p>Oportunitate<\/p>\n<\/div><\/div><\/div><\/div><div class=\"wpb_column vc_column_container\"><div class=\"vc_column-inner\"><\/div><\/div><\/div><div class=\"g-cols wpb_row via_grid cols_4 laptops-cols_inherit tablets-cols_1 mobiles-cols_1 valign_top type_default\"><div class=\"wpb_column vc_column_container\"><div class=\"vc_column-inner\"><\/div><\/div><div class=\"wpb_column vc_column_container\"><div class=\"vc_column-inner\"><\/div><\/div><div class=\"wpb_column vc_column_container us_custom_f9ca5024 us_animate_this has_bg_color\"><div class=\"vc_column-inner\"><div class=\"wpb_text_column us_custom_0296b214 has_text_color\"><div class=\"wpb_wrapper\"><p>Punem cet\u0103\u021benii pe primul loc. Vivamus a felis ac mauris consectetu<\/p>\n<\/div><\/div><\/div><\/div><div class=\"wpb_column vc_column_container\"><div class=\"vc_column-inner\"><\/div><\/div><\/div><\/div><\/div><\/div><\/div><\/section><section class=\"l-section wpb_row height_small\"><div class=\"l-section-h i-cf\"><div class=\"g-cols via_grid cols_1 laptops-cols_inherit tablets-cols_inherit mobiles-cols_1 valign_middle type_default\" style=\"grid-gap:1rem;\"><div class=\"wpb_column vc_column_container\"><div class=\"vc_column-inner\"><div class=\"g-cols wpb_row via_grid cols_2-1 laptops-cols_inherit tablets-cols_1 mobiles-cols_1 valign_top type_default\"><div class=\"wpb_column vc_column_container\"><div class=\"vc_column-inner\"><div class=\"wpb_text_column us_custom_6253836f us_animate_this has_text_color\"><div class=\"wpb_wrapper\"><p>Parteneriat<\/p>\n<\/div><\/div><\/div><\/div><div class=\"wpb_column vc_column_container\"><div class=\"vc_column-inner\"><\/div><\/div><\/div><div class=\"g-cols wpb_row via_grid cols_3 laptops-cols_inherit tablets-cols_1 mobiles-cols_1 valign_top type_default\"><div class=\"wpb_column vc_column_container us_custom_38e0f889 us_animate_this has_bg_color\"><div class=\"vc_column-inner\"><div class=\"wpb_text_column us_custom_0296b214 has_text_color\"><div class=\"wpb_wrapper\"><p>Punem cet\u0103\u021benii pe primul loc. Vivamus a felis ac mauris consectetu<\/p>\n<\/div><\/div><\/div><\/div><div class=\"wpb_column vc_column_container\"><div class=\"vc_column-inner\"><\/div><\/div><div class=\"wpb_column vc_column_container\"><div class=\"vc_column-inner\"><\/div><\/div><\/div><\/div><\/div><\/div><\/div><\/section><section class=\"l-section wpb_row height_small\"><div class=\"l-section-h i-cf\"><div class=\"g-cols via_grid cols_2 laptops-cols_inherit tablets-cols_inherit mobiles-cols_1 valign_top type_default\" style=\"grid-gap:1.5rem;\"><div class=\"wpb_column vc_column_container\"><div class=\"vc_column-inner\"><div class=\"w-text us_custom_a9a0982a has_text_color\"><span class=\"w-text-h\"><span class=\"w-text-value\">De ce facem asta?<\/span><\/span><\/div><div class=\"wpb_text_column us_custom_80ee89de\"><div class=\"wpb_wrapper\"><p><strong>Credem cu t\u0103rie \u00een poten\u021bialul regiunii noastre.<\/strong><\/p>\n<p><strong>\u0219i aici un pic viziunea<\/strong><\/p>\n<p>Lorem ipsum dolor sit amet, consectetur adipiscing elit. Nulla facilisis mattis nisl, sed egestas erat pretium a. Praesent id auctor urna. Vestibulum egestas iaculis eros vel ultrices. Praesent diam leo, tincidunt vel massa vitae, maximus auctor metus. Cras egestas id est vitae mattis. Ut vitae nunc quis lectus venenatis vulputate at non sapien. Suspendisse iaculis nec nulla non imperdiet. Suspendisse potenti. Phasellus sit amet gravida velit, nec tristique magna. Vivamus in ligula mauris. Vivamus a felis ac mauris consectetur cursus a eget orci. Praesent arcu lectus, pharetra ut ipsum quis, luctus auctor eros. Nam rhoncus felis pulvinar lobortis semper. Morbi sed volutpat lectus. Maecenas imperdiet varius magna sit amet accumsan. Curabitur ut dictum nulla, vel sollicitudin sem.<\/p>\n<\/div><\/div><\/div><\/div><div class=\"wpb_column vc_column_container\"><div class=\"vc_column-inner\"><div class=\"w-iconbox iconpos_top style_default color_primary align_center no_title no_text icontype_img\"><div class=\"w-iconbox-icon\" style=\"font-size:46rem;\"><img loading=\"lazy\" decoding=\"async\" width=\"1393\" height=\"1401\" src=\"https:\/\/newadrnv.regionordvest.ro\/wp-content\/uploads\/2026\/01\/Group-47.png\" class=\"attachment-full size-full\" alt=\"\" srcset=\"https:\/\/newadrnv.regionordvest.ro\/wp-content\/uploads\/2026\/01\/Group-47.png 1393w, https:\/\/newadrnv.regionordvest.ro\/wp-content\/uploads\/2026\/01\/Group-47-12x12.png 12w, https:\/\/newadrnv.regionordvest.ro\/wp-content\/uploads\/2026\/01\/Group-47-398x400.png 398w, https:\/\/newadrnv.regionordvest.ro\/wp-content\/uploads\/2026\/01\/Group-47-620x624.png 620w, https:\/\/newadrnv.regionordvest.ro\/wp-content\/uploads\/2026\/01\/Group-47-277x279.png 277w, https:\/\/newadrnv.regionordvest.ro\/wp-content\/uploads\/2026\/01\/Group-47-70x70.png 70w, https:\/\/newadrnv.regionordvest.ro\/wp-content\/uploads\/2026\/01\/Group-47-696x700.png 696w\" sizes=\"auto, (max-width: 1393px) 100vw, 1393px\" \/><\/div><div class=\"w-iconbox-meta\"><\/div><\/div><\/div><\/div><\/div><\/div><\/section>","protected":false},"excerpt":{"rendered":"Home\/Pages Suntem partenerul t\u0103u pentru dezvoltare o via\u021b\u0103 bun\u0103 aici, acas\u0103 inova\u021bie aducerea la via\u021b\u0103 a ideilor tale bune Text despre cum logo-ul semnific\u0103 parteneriat, leg\u0103tur\u0103.Cum prin aceast\u0103 promisiune ajut\u0103m \u0219i cum scopul nostru este s\u0103 punem regiunea pe harta destina\u021biilor de top europene. Lorem ipsum dolor sit amet, consectetur adipiscing elit. Nulla facilisis mattis...","protected":false},"author":42,"featured_media":0,"parent":142,"menu_order":0,"comment_status":"closed","ping_status":"closed","template":"","meta":{"footnotes":"","beyondwords_generate_audio":"1","beyondwords_project_id":"21144","beyondwords_content_id":"edec4df1-3b72-4deb-9590-4e6456aaf1aa","beyondwords_preview_token":"5ca7fd6d-922c-456a-8ee6-7b5801fd5167","beyondwords_player_content":"","beyondwords_player_style":"standard","beyondwords_language_code":"","beyondwords_language_id":"","beyondwords_title_voice_id":"","beyondwords_body_voice_id":"","beyondwords_summary_voice_id":"","beyondwords_error_message":"","beyondwords_disabled":"","beyondwords_delete_content":"","beyondwords_podcast_id":"edec4df1-3b72-4deb-9590-4e6456aaf1aa","beyondwords_hash":"","publish_post_to_speechkit":"","speechkit_hash":"","speechkit_generate_audio":"","speechkit_project_id":"","speechkit_podcast_id":"","speechkit_error_message":"","speechkit_disabled":"","speechkit_access_key":"","speechkit_error":"","speechkit_info":"","speechkit_response":"","speechkit_retries":"","speechkit_status":"","speechkit_updated_at":"","_speechkit_link":"","_speechkit_text":""},"class_list":["post-28882","page","type-page","status-publish","hentry"],"publishpress_future_action":{"enabled":false,"date":"2026-04-12 00:04:34","action":"change-status","newStatus":"draft","terms":[],"taxonomy":"","extraData":[]},"publishpress_future_workflow_manual_trigger":{"enabledWorkflows":[]},"_links":{"self":[{"href":"https:\/\/newadrnv.regionordvest.ro\/en\/wp-json\/wp\/v2\/pages\/28882","targetHints":{"allow":["GET"]}}],"collection":[{"href":"https:\/\/newadrnv.regionordvest.ro\/en\/wp-json\/wp\/v2\/pages"}],"about":[{"href":"https:\/\/newadrnv.regionordvest.ro\/en\/wp-json\/wp\/v2\/types\/page"}],"author":[{"embeddable":true,"href":"https:\/\/newadrnv.regionordvest.ro\/en\/wp-json\/wp\/v2\/users\/42"}],"replies":[{"embeddable":true,"href":"https:\/\/newadrnv.regionordvest.ro\/en\/wp-json\/wp\/v2\/comments?post=28882"}],"version-history":[{"count":55,"href":"https:\/\/newadrnv.regionordvest.ro\/en\/wp-json\/wp\/v2\/pages\/28882\/revisions"}],"predecessor-version":[{"id":34003,"href":"https:\/\/newadrnv.regionordvest.ro\/en\/wp-json\/wp\/v2\/pages\/28882\/revisions\/34003"}],"up":[{"embeddable":true,"href":"https:\/\/newadrnv.regionordvest.ro\/en\/wp-json\/wp\/v2\/pages\/142"}],"wp:attachment":[{"href":"https:\/\/newadrnv.regionordvest.ro\/en\/wp-json\/wp\/v2\/media?parent=28882"}],"curies":[{"name":"wp","href":"https:\/\/api.w.org\/{rel}","templated":true}]}}