{"id":29324,"date":"2024-04-10T16:22:30","date_gmt":"2024-04-10T13:22:30","guid":{"rendered":"https:\/\/www.nord-vest.ro\/?page_id=29324"},"modified":"2024-06-27T11:16:24","modified_gmt":"2024-06-27T08:16:24","slug":"avertizor-de-integritate","status":"publish","type":"page","link":"https:\/\/newadrnv.regionordvest.ro\/en\/contact\/avertizor-de-integritate\/","title":{"rendered":"Avertizor de integritate"},"content":{"rendered":"<section class=\"l-section wpb_row height_huge with_img\"><div class=\"l-section-img\" style=\"background-image: url(https:\/\/newadrnv.regionordvest.ro\/wp-content\/uploads\/2022\/11\/DSC09970-scaled.jpg);\" data-img-width=\"2560\" data-img-height=\"1440\"><\/div><div class=\"l-section-overlay\" style=\"background:rgba(26,26,26,0.50)\"><\/div><div class=\"l-section-h i-cf\"><div class=\"g-cols via_grid cols_1 laptops-cols_inherit tablets-cols_inherit mobiles-cols_1 valign_top type_default\"><div class=\"wpb_column vc_column_container\"><div class=\"vc_column-inner\"><\/div><\/div><\/div><\/div><\/section><section class=\"l-section wpb_row height_small\"><div class=\"l-section-h i-cf\"><div class=\"g-cols via_grid cols_1 laptops-cols_inherit tablets-cols_inherit mobiles-cols_1 valign_top type_default\"><div class=\"wpb_column vc_column_container\"><div class=\"vc_column-inner\"><ol class=\"g-breadcrumbs separator_custom align_left\"><li class=\"g-breadcrumbs-item\"><a href=\"https:\/\/newadrnv.regionordvest.ro\/en\/\">Home<\/a><meta content=\"1\"\/><\/li><li class=\"g-breadcrumbs-separator\">\/<\/li><li class=\"g-breadcrumbs-item\">Pages<\/li><\/ol><\/div><\/div><\/div><\/div><\/section><section class=\"l-section wpb_row height_small\"><div class=\"l-section-h i-cf\"><div class=\"g-cols via_grid cols_1-4-1 laptops-cols_inherit tablets-cols_inherit mobiles-cols_1 valign_top type_default\"><div class=\"wpb_column vc_column_container\"><div class=\"vc_column-inner\"><\/div><\/div><div class=\"wpb_column vc_column_container\"><div class=\"vc_column-inner\"><div class=\"w-btn-wrapper width_full\"><a class=\"w-btn us-btn-style_3 us_custom_2676f59d icon_atleft\" href=\"https:\/\/www.nord-vest.ro\/contact\/avertizor-de-integritate\/informatii-generale\/\"><i class=\"fas fa-info\"><\/i><span class=\"w-btn-label\">Informa\u021bii generale<\/span><\/a><\/div><div class=\"w-separator size_small with_line width_default thick_1 style_solid color_border align_center\"><div class=\"w-separator-h\"><\/div><\/div><div class=\"g-cols wpb_row via_grid cols_2 laptops-cols_inherit tablets-cols_inherit mobiles-cols_1 valign_top type_default\"><div class=\"wpb_column vc_column_container\"><div class=\"vc_column-inner\"><div class=\"w-iconbox iconpos_left style_default color_primary align_left no_title\"><div class=\"w-iconbox-icon\" style=\"font-size:2rem;\"><i class=\"fas fa-phone\"><\/i><\/div><div class=\"w-iconbox-meta\"><div class=\"w-iconbox-text\"><p>0790008111<\/p>\n<\/div><\/div><\/div><\/div><\/div><div class=\"wpb_column vc_column_container\"><div class=\"vc_column-inner\"><div class=\"w-iconbox iconpos_left style_default color_primary align_center no_title\"><div class=\"w-iconbox-icon\" style=\"font-size:2rem;\"><i class=\"fas fa-envelope\"><\/i><\/div><div class=\"w-iconbox-meta\"><div class=\"w-iconbox-text\"><p>avertizorintegritate @ nord-vest.ro<\/p>\n<\/div><\/div><\/div><\/div><\/div><\/div><div class=\"w-separator size_small with_line width_default thick_1 style_solid color_border align_center\"><div class=\"w-separator-h\"><\/div><\/div><div class=\"wpb_text_column\"><div class=\"wpb_wrapper\"><p style=\"text-align: justify;\">O persoan\u0103 care efectueaz\u0103 raport\u0103ri privind \u00eenc\u0103lc\u0103ri ale legii (un avertizor \u00een interes public) poate efectua raportarea\u00a0<strong>nominal<\/strong>\u00a0or\u00a0<strong>anonim<\/strong>. Din punct de vedere procedural, principalele diferen\u021be \u00eentre cele dou\u0103 modalit\u0103\u021bi de raportare sunt:<\/p>\n<\/div><\/div><div class=\"w-text\"><span class=\"w-text-h\"><i class=\"fas fa-check\"><\/i><span class=\"w-text-value\">Persoana care raporteaz\u0103 \u00eenc\u0103lc\u0103ri ale legii \u00een mod anonim nu poate beneficia de exonerare \u0219i protec\u021bie \u00een conformitate cu prevederile Legii nr. 361\/2022;<\/span><\/span><\/div><div class=\"w-text\"><span class=\"w-text-h\"><i class=\"fas fa-check\"><\/i><span class=\"w-text-value\">Persoana care raporteaz\u0103 \u00eenc\u0103lc\u0103ri ale legii \u00een mod anonim nu poate fi \u00een\u0219tiin\u021bat\u0103 cu privire la \u00eenregistrarea raport\u0103rii, progresul \u00eenregistrat \u0219i modalitatea de solu\u021bionare.<\/span><\/span><\/div><div class=\"w-text\"><span class=\"w-text-h\"><i class=\"fas fa-check\"><\/i><span class=\"w-text-value\">\u00cen cadrul unei raport\u0103ri nominale exist\u0103 posibilitatea comunic\u0103rii pentru a se clarifica anumite aspecte prezentate \u00een raportare \u00eentre avertizorul \u00een interes public \u0219i persoana desemnat\u0103;<\/span><\/span><\/div><div class=\"w-separator size_small with_line width_default thick_1 style_solid color_border align_center\"><div class=\"w-separator-h\"><\/div><\/div><div class=\"w-btn-wrapper width_full\"><a class=\"w-btn us-btn-style_3 us_custom_2676f59d icon_atleft\" href=\"mailto:avertizorintegritate@nord-vest.ro\"><i class=\"fas fa-triangle-exclamation\"><\/i><span class=\"w-btn-label\">Trimite o sesizare<\/span><\/a><\/div><div class=\"w-tabs layout_hor style_trendy switch_click\"><div class=\"w-tabs-list hidden items_2 stretch\" style=\"font-size:1em;\"><div class=\"w-tabs-list-h\"><a class=\"w-tabs-item active defined-active with_icon\" aria-controls=\"content-s31e\" href=\"javascript:void(0);\"><i class=\"fas fa-user-shield\"><\/i><span class=\"w-tabs-item-title\">Sesizare nominal\u0103<\/span><\/a><a class=\"w-tabs-item with_icon\" aria-controls=\"content-yb2c\" href=\"javascript:void(0);\"><i class=\"fas fa-user-secret\"><\/i><span class=\"w-tabs-item-title\">Sesizare anonim\u0103<\/span><\/a><\/div><\/div><div class=\"w-tabs-sections\"><div class=\"w-tabs-sections-h\"><div class=\"w-tabs-section active\" id=\"s31e\"><button aria-controls=\"content-s31e\" class=\"w-tabs-section-header active align_none with_icon icon_chevron cpos_right\" style=\"font-size:1em\"><i class=\"fas fa-user-shield\"><\/i><div class=\"w-tabs-section-title\">Sesizare nominal\u0103<\/div><div class=\"w-tabs-section-control\"><\/div><\/button><div class=\"w-tabs-section-content\" id=\"content-s31e\" aria-expanded=\"true\"><div class=\"w-tabs-section-content-h i-cf\"><div class=\"w-separator size_small\"><\/div><div class=\"wpb_text_column\"><div class=\"wpb_wrapper\">\n<div class=\"wpcf7 no-js\" id=\"wpcf7-f29336-o1\" lang=\"ro-RO\" dir=\"ltr\" data-wpcf7-id=\"29336\">\n<div class=\"screen-reader-response\"><p role=\"status\" aria-live=\"polite\" aria-atomic=\"true\"><\/p> <ul><\/ul><\/div>\n<form action=\"\/en\/wp-json\/wp\/v2\/pages\/29324#wpcf7-f29336-o1\" method=\"post\" class=\"wpcf7-form init\" aria-label=\"Formular de contact\" novalidate=\"novalidate\" data-status=\"init\" data-trp-original-action=\"\/en\/wp-json\/wp\/v2\/pages\/29324#wpcf7-f29336-o1\">\n<fieldset class=\"hidden-fields-container\"><input type=\"hidden\" name=\"_wpcf7\" value=\"29336\" \/><input type=\"hidden\" name=\"_wpcf7_version\" value=\"6.1.2\" \/><input type=\"hidden\" name=\"_wpcf7_locale\" value=\"ro_RO\" \/><input type=\"hidden\" name=\"_wpcf7_unit_tag\" value=\"wpcf7-f29336-o1\" \/><input type=\"hidden\" name=\"_wpcf7_container_post\" value=\"0\" \/><input type=\"hidden\" name=\"_wpcf7_posted_data_hash\" value=\"\" \/><input type=\"hidden\" name=\"_wpcf7cf_hidden_group_fields\" value=\"[]\" \/><input type=\"hidden\" name=\"_wpcf7cf_hidden_groups\" value=\"[]\" \/><input type=\"hidden\" name=\"_wpcf7cf_visible_groups\" value=\"[]\" \/><input type=\"hidden\" name=\"_wpcf7cf_repeaters\" value=\"[]\" \/><input type=\"hidden\" name=\"_wpcf7cf_steps\" value=\"{}\" \/><input type=\"hidden\" name=\"_wpcf7cf_options\" value=\"{&quot;form_id&quot;:29336,&quot;conditions&quot;:[],&quot;settings&quot;:{&quot;animation&quot;:&quot;yes&quot;,&quot;animation_intime&quot;:200,&quot;animation_outtime&quot;:200,&quot;conditions_ui&quot;:&quot;normal&quot;,&quot;notice_dismissed&quot;:false,&quot;notice_dismissed_update-cf7-6.1.1&quot;:true}}\" \/>\n<\/fieldset>\n<p><label>Name and surname:<br \/>\n<span class=\"wpcf7-form-control-wrap\" data-name=\"your-name\"><input size=\"40\" maxlength=\"400\" class=\"wpcf7-form-control wpcf7-text\" aria-invalid=\"false\" value=\"\" type=\"text\" name=\"your-name\" \/><\/span><\/label><br \/>\n<label> <\/label>\n<\/p>\n<p align=\"justify\"> Rezultatul analizei sesiz\u0103rii dumneavoastr\u0103 \u00eel vom transmite c\u0103tre adres\u0103 de e-mail pe care o ve\u021bi completa \u00een acest formular.\n<\/p>\n<p><label>E-mail<span class=\"wpcf7-form-control-wrap\" data-name=\"E-mail\"><input size=\"40\" maxlength=\"400\" class=\"wpcf7-form-control wpcf7-email wpcf7-validates-as-required wpcf7-text wpcf7-validates-as-email\" aria-required=\"true\" aria-invalid=\"false\" placeholder=\"Introduce\u021bi adresa pe care dori\u021bi s\u0103 primi\u021bi r\u0103spunsul sesiz\u0103rii\" value=\"\" type=\"email\" name=\"E-mail\" \/><\/span><\/label>\n<\/p>\n<p><label>Phone<br \/>\n<span class=\"wpcf7-form-control-wrap\" data-name=\"telefon\"><input size=\"40\" maxlength=\"400\" class=\"wpcf7-form-control wpcf7-tel wpcf7-validates-as-required wpcf7-text wpcf7-validates-as-tel\" aria-required=\"true\" aria-invalid=\"false\" value=\"\" type=\"tel\" name=\"telefon\" \/><\/span><\/label>\n<\/p>\n<p><label>Domiciliu\/re\u0219edin\u021ba<br \/>\n<span class=\"wpcf7-form-control-wrap\" data-name=\"text-195\"><input size=\"40\" maxlength=\"400\" class=\"wpcf7-form-control wpcf7-text\" aria-invalid=\"false\" value=\"\" type=\"text\" name=\"text-195\" \/><\/span><\/label>\n<\/p>\n<p><label>Contextul profesional \u00een care au fost ob\u021binute informa\u021biile<br \/>\n<span class=\"wpcf7-form-control-wrap\" data-name=\"text-196\"><textarea cols=\"40\" rows=\"10\" maxlength=\"2000\" class=\"wpcf7-form-control wpcf7-textarea\" aria-invalid=\"false\" name=\"text-196\"><\/textarea><\/span><\/label>\n<\/p>\n<p><label>Persoana vizat\u0103<br \/>\n<span class=\"wpcf7-form-control-wrap\" data-name=\"text-197\"><input size=\"40\" maxlength=\"400\" class=\"wpcf7-form-control wpcf7-text\" aria-invalid=\"false\" value=\"\" type=\"text\" name=\"text-197\" \/><\/span><\/label>\n<\/p>\n<p><label>Este cunoscut\u0103 fapta persoanei vizate?<br \/>\n<span class=\"wpcf7-form-control-wrap\" data-name=\"text-198\"><input size=\"40\" maxlength=\"400\" class=\"wpcf7-form-control wpcf7-text\" aria-invalid=\"false\" value=\"\" type=\"text\" name=\"text-198\" \/><\/span><\/label>\n<\/p>\n<p><label><\/label>\n<\/p>\n<p align=\"justify\"> Descrierea faptei susceptibile s\u0103 constituie \u00eenc\u0103lcarea legii \u00een cadrul unei autorit\u0103\u021bi, institu\u021bii publice, oric\u0103rei alte persoane juridice de drept public, precum \u0219i \u00een cadrul persoanei juridice de drept privat, precum \u0219i dup\u0103 caz, probele \u00een sus\u021binerea raport\u0103rii<br \/>\n<span class=\"wpcf7-form-control-wrap\" data-name=\"text-199\"><textarea cols=\"40\" rows=\"10\" maxlength=\"2000\" class=\"wpcf7-form-control wpcf7-textarea\" aria-invalid=\"false\" name=\"text-199\"><\/textarea><\/span>\n<\/p>\n<p><label>Data sesiz\u0103rii<br \/>\n<span class=\"wpcf7-form-control-wrap\" data-name=\"text-200\"><input size=\"40\" maxlength=\"400\" class=\"wpcf7-form-control wpcf7-text\" aria-invalid=\"false\" value=\"\" type=\"text\" name=\"text-200\" \/><\/span><\/label>\n<\/p>\n<p><label>Detalii suplimentare cu privire la aceast\u0103 sesizare<br \/>\n<span class=\"wpcf7-form-control-wrap\" data-name=\"your-message\"><textarea cols=\"40\" rows=\"10\" maxlength=\"2000\" class=\"wpcf7-form-control wpcf7-textarea wpcf7-validates-as-required\" aria-required=\"true\" aria-invalid=\"false\" name=\"your-message\"><\/textarea><\/span> <\/label>\n<\/p>\n<p><label>V\u0103 rug\u0103m s\u0103 ne furniza\u021bi, dac\u0103 de\u021bine\u021bi, poze sau documente de tip pdf care sus\u021bin argumentele prezentate anterior<\/label>\n<\/p>\n<p><span class=\"wpcf7-form-control-wrap\" data-name=\"upload-file-78\"><input size=\"40\" class=\"wpcf7-form-control wpcf7-drag-n-drop-file d-none\" aria-invalid=\"false\" type=\"file\" multiple=\"multiple\" data-name=\"upload-file-78\" data-type=\"pdf|jpg|jpeg|png\" data-id=\"29336\" data-version=\"free version 1.3.9.1\" accept=\".pdf, .jpg, .jpeg, .png\" data-black-list=\"exe|bat\" \/><\/span>\n<\/p>\n<p><label> <\/label>\n<\/p>\n<p align=\"justify\"> By completing the contact details, you confirm that you have been informed about the processing of personal data by the North-West Regional Development Agency, as the Operator, respecting the processing principles established by Regulation (EU) 2016\/679, with the aim of organizing information events, based on the exercise of a legitimate interest of the Operator. You have been informed of your rights regarding data processing. To exercise your rights, you can send a request to the e-mail address: dataprotection@nord-vest.ro. The Data Protection Officer of the Operator is IT EMBASSY. Contact details of the National Authority for the Supervision of Personal Data Processing: Bulevardul General Gheorghe Magheru, No. 28-30, Sector 1, Postal Code 010336, Bucharest, Romania. *<br \/>\n<span class=\"wpcf7-form-control-wrap\" data-name=\"PrincompletareadatelordecontactconfirmaicaifostinformaicuprivirelaprelucrareadatelorcucaracterpersonaldectreAgeniadeDezvoltareRegionalNord-VestncalitatedeOperatorrespectndprincipiileprelucrriistabilitedeRegulamentulUE2016679avndcascoporganizareaevenimentelordeinformarenbazaexercitriiunuiintereslegitimalOperatorului_Aifostinformaicuprivireladrepturilepecareleaveicuprivirelaprelucrareadatelor_Pentruavexercitadrepturileputeitransmiteocererelaadresadee-mail:dataprotectionnord-vest_ro_ResponsabilulcuproteciadateloralOperatoruluiesteITEMBASSY_DateledecontactaleAutoritiiNaionaledeSupraveghereaPrelucrriiDatelorcuCaracterPersonal:BulevardulGeneralGheorgheMagheruNr_28-30Sector1CodPotal010336BucuretiRomnia_\"><span class=\"wpcf7-form-control wpcf7-acceptance\"><span class=\"wpcf7-list-item\"><input type=\"checkbox\" name=\"PrincompletareadatelordecontactconfirmaicaifostinformaicuprivirelaprelucrareadatelorcucaracterpersonaldectreAgeniadeDezvoltareRegionalNord-VestncalitatedeOperatorrespectndprincipiileprelucrriistabilitedeRegulamentulUE2016679avndcascoporganizareaevenimentelordeinformarenbazaexercitriiunuiintereslegitimalOperatorului_Aifostinformaicuprivireladrepturilepecareleaveicuprivirelaprelucrareadatelor_Pentruavexercitadrepturileputeitransmiteocererelaadresadee-mail:dataprotectionnord-vest_ro_ResponsabilulcuproteciadateloralOperatoruluiesteITEMBASSY_DateledecontactaleAutoritiiNaionaledeSupraveghereaPrelucrriiDatelorcuCaracterPersonal:BulevardulGeneralGheorgheMagheruNr_28-30Sector1CodPotal010336BucuretiRomnia_\" value=\"1\" aria-invalid=\"false\" \/><\/span><\/span><\/span>\n<\/p>\n<p><input class=\"wpcf7-form-control wpcf7-submit has-spinner\" type=\"submit\" value=\"send\" \/>\n<\/p><div class=\"wpcf7-response-output\" aria-hidden=\"true\"><\/div>\n<input type=\"hidden\" name=\"trp-form-language\" value=\"en\"\/><\/form>\n<\/div>\n\n<\/div><\/div><\/div><\/div><\/div><div class=\"w-tabs-section\" id=\"yb2c\"><button aria-controls=\"content-yb2c\" class=\"w-tabs-section-header align_none with_icon icon_chevron cpos_right\" style=\"font-size:1em\"><i class=\"fas fa-user-secret\"><\/i><div class=\"w-tabs-section-title\">Sesizare anonim\u0103<\/div><div class=\"w-tabs-section-control\"><\/div><\/button><div class=\"w-tabs-section-content\" id=\"content-yb2c\" aria-expanded=\"false\"><div class=\"w-tabs-section-content-h i-cf\"><div class=\"w-separator size_small\"><\/div><div class=\"wpb_text_column\"><div class=\"wpb_wrapper\">\n<div class=\"wpcf7 no-js\" id=\"wpcf7-f29325-o2\" lang=\"ro-RO\" dir=\"ltr\" data-wpcf7-id=\"29325\">\n<div class=\"screen-reader-response\"><p role=\"status\" aria-live=\"polite\" aria-atomic=\"true\"><\/p> <ul><\/ul><\/div>\n<form action=\"\/en\/wp-json\/wp\/v2\/pages\/29324#wpcf7-f29325-o2\" method=\"post\" class=\"wpcf7-form init\" aria-label=\"Formular de contact\" novalidate=\"novalidate\" data-status=\"init\" data-trp-original-action=\"\/en\/wp-json\/wp\/v2\/pages\/29324#wpcf7-f29325-o2\">\n<fieldset class=\"hidden-fields-container\"><input type=\"hidden\" name=\"_wpcf7\" value=\"29325\" \/><input type=\"hidden\" name=\"_wpcf7_version\" value=\"6.1.2\" \/><input type=\"hidden\" name=\"_wpcf7_locale\" value=\"ro_RO\" \/><input type=\"hidden\" name=\"_wpcf7_unit_tag\" value=\"wpcf7-f29325-o2\" \/><input type=\"hidden\" name=\"_wpcf7_container_post\" value=\"0\" \/><input type=\"hidden\" name=\"_wpcf7_posted_data_hash\" value=\"\" \/><input type=\"hidden\" name=\"_wpcf7cf_hidden_group_fields\" value=\"[]\" \/><input type=\"hidden\" name=\"_wpcf7cf_hidden_groups\" value=\"[]\" \/><input type=\"hidden\" name=\"_wpcf7cf_visible_groups\" value=\"[]\" \/><input type=\"hidden\" name=\"_wpcf7cf_repeaters\" value=\"[]\" \/><input type=\"hidden\" name=\"_wpcf7cf_steps\" value=\"{}\" \/><input type=\"hidden\" name=\"_wpcf7cf_options\" value=\"{&quot;form_id&quot;:29325,&quot;conditions&quot;:[],&quot;settings&quot;:{&quot;animation&quot;:&quot;yes&quot;,&quot;animation_intime&quot;:200,&quot;animation_outtime&quot;:200,&quot;conditions_ui&quot;:&quot;normal&quot;,&quot;notice_dismissed&quot;:false,&quot;notice_dismissed_update-cf7-6.1.1&quot;:true}}\" \/>\n<\/fieldset>\n<p><label> <\/label>\n<\/p>\n<p align=\"justify\">\n\t<font color=\"#e21e24\"> <i><b>Prin excep\u021bie de la prevederile alin. 1, articolul 6 din Legea 361\/2022, raportarea care nu cuprinde numele, prenumele \u0219i datele de contact sau semn\u0103tura avertizorului \u00een interes public se examineaz\u0103 \u0219i se solutioneaz\u0103 \u00een m\u0103sura \u00een care con\u021bine indicii referitoare la \u00eenc\u0103lc\u0103ri ale legii.<\/b><\/i>\n\t<\/font>\n<\/p>\n<p><br \/>\n<label>Contextul profesional \u00een care au fost ob\u021binute informa\u021biile<br \/>\n<span class=\"wpcf7-form-control-wrap\" data-name=\"text-196\"><textarea cols=\"40\" rows=\"10\" maxlength=\"2000\" class=\"wpcf7-form-control wpcf7-textarea\" aria-invalid=\"false\" name=\"text-196\"><\/textarea><\/span><\/label>\n<\/p>\n<p><label>Persoana vizat\u0103<br \/>\n<span class=\"wpcf7-form-control-wrap\" data-name=\"text-197\"><input size=\"40\" maxlength=\"400\" class=\"wpcf7-form-control wpcf7-text\" aria-invalid=\"false\" value=\"\" type=\"text\" name=\"text-197\" \/><\/span><\/label>\n<\/p>\n<p><label>Este cunoscut\u0103 persoana vizat\u0103?<br \/>\n<span class=\"wpcf7-form-control-wrap\" data-name=\"text-198\"><input size=\"40\" maxlength=\"400\" class=\"wpcf7-form-control wpcf7-text\" aria-invalid=\"false\" value=\"\" type=\"text\" name=\"text-198\" \/><\/span><\/label>\n<\/p>\n<p><label><\/label>\n<\/p>\n<p align=\"justify\"> Descrierea faptei susceptibile s\u0103 constituie \u00eenc\u0103lcarea legii \u00een cadrul unei autorit\u0103\u021bi, institu\u021bii publice, oric\u0103rei alte persoane juridice de drept public, precum \u0219i \u00een cadrul persoanei juridice de drept privat, precum \u0219i dup\u0103 caz, probele \u00een sus\u021binerea raport\u0103rii<br \/>\n<span class=\"wpcf7-form-control-wrap\" data-name=\"text-199\"><textarea cols=\"40\" rows=\"10\" maxlength=\"2000\" class=\"wpcf7-form-control wpcf7-textarea\" aria-invalid=\"false\" name=\"text-199\"><\/textarea><\/span>\n<\/p>\n<p><label>Detalii suplimentare cu privire la aceast\u0103 sesizare:<br \/>\n<span class=\"wpcf7-form-control-wrap\" data-name=\"your-message\"><textarea cols=\"40\" rows=\"10\" maxlength=\"2000\" class=\"wpcf7-form-control wpcf7-textarea wpcf7-validates-as-required\" aria-required=\"true\" aria-invalid=\"false\" name=\"your-message\"><\/textarea><\/span> <\/label>\n<\/p>\n<p><br \/>\n<label>V\u0103 rug\u0103m s\u0103 ne furniza\u021bi, dac\u0103 de\u021bine\u021bi, poze sau documente care sus\u021bin argumentele prezentate anterior<\/label>\n<\/p>\n<p><br \/>\n<span class=\"wpcf7-form-control-wrap\" data-name=\"upload-file-78\"><input size=\"40\" class=\"wpcf7-form-control wpcf7-drag-n-drop-file d-none\" aria-invalid=\"false\" type=\"file\" multiple=\"multiple\" data-name=\"upload-file-78\" data-type=\"pdf|jpg|jpeg|png\" data-id=\"29325\" data-version=\"free version 1.3.9.1\" accept=\".pdf, .jpg, .jpeg, .png\" data-black-list=\"exe|bat\" \/><\/span>\n<\/p>\n<p><br \/>\n<input class=\"wpcf7-form-control wpcf7-submit has-spinner\" type=\"submit\" value=\"send\" \/>\n<\/p><div class=\"wpcf7-response-output\" aria-hidden=\"true\"><\/div>\n<input type=\"hidden\" name=\"trp-form-language\" value=\"en\"\/><\/form>\n<\/div>\n\n<\/div><\/div><\/div><\/div><\/div><\/div><\/div><\/div><\/div><\/div><div class=\"wpb_column vc_column_container\"><div class=\"vc_column-inner\"><\/div><\/div><\/div><\/div><\/section>","protected":false},"excerpt":{"rendered":"Home\/PagesInforma\u021bii generale0790008111 avertizorintegritate @ nord-vest.ro O persoan\u0103 care efectueaz\u0103 raport\u0103ri privind \u00eenc\u0103lc\u0103ri ale legii (un avertizor \u00een interes public) poate efectua raportarea\u00a0nominal\u00a0sau\u00a0anonim. Din punct de vedere procedural, principalele diferen\u021be \u00eentre cele dou\u0103 modalit\u0103\u021bi de raportare sunt: Persoana care raporteaz\u0103 \u00eenc\u0103lc\u0103ri ale legii \u00een mod anonim nu poate beneficia de exonerare \u0219i protec\u021bie \u00een conformitate cu...","protected":false},"author":42,"featured_media":0,"parent":299,"menu_order":0,"comment_status":"closed","ping_status":"closed","template":"","meta":{"footnotes":"","beyondwords_generate_audio":"1","beyondwords_project_id":"21144","beyondwords_content_id":"18a04bb6-c588-478a-80d2-ddd107b7c8e6","beyondwords_preview_token":"","beyondwords_player_content":"","beyondwords_player_style":"standard","beyondwords_language_code":"","beyondwords_language_id":"","beyondwords_title_voice_id":"","beyondwords_body_voice_id":"","beyondwords_summary_voice_id":"","beyondwords_error_message":"","beyondwords_disabled":"","beyondwords_delete_content":"","beyondwords_podcast_id":"18a04bb6-c588-478a-80d2-ddd107b7c8e6","beyondwords_hash":"","publish_post_to_speechkit":"","speechkit_hash":"","speechkit_generate_audio":"","speechkit_project_id":"","speechkit_podcast_id":"","speechkit_error_message":"","speechkit_disabled":"","speechkit_access_key":"","speechkit_error":"","speechkit_info":"","speechkit_response":"","speechkit_retries":"","speechkit_status":"","speechkit_updated_at":"","_speechkit_link":"","_speechkit_text":""},"class_list":["post-29324","page","type-page","status-publish","hentry"],"publishpress_future_action":{"enabled":false,"date":"2026-04-11 20:34:57","action":"change-status","newStatus":"draft","terms":[],"taxonomy":"","extraData":[]},"publishpress_future_workflow_manual_trigger":{"enabledWorkflows":[]},"_links":{"self":[{"href":"https:\/\/newadrnv.regionordvest.ro\/en\/wp-json\/wp\/v2\/pages\/29324","targetHints":{"allow":["GET"]}}],"collection":[{"href":"https:\/\/newadrnv.regionordvest.ro\/en\/wp-json\/wp\/v2\/pages"}],"about":[{"href":"https:\/\/newadrnv.regionordvest.ro\/en\/wp-json\/wp\/v2\/types\/page"}],"author":[{"embeddable":true,"href":"https:\/\/newadrnv.regionordvest.ro\/en\/wp-json\/wp\/v2\/users\/42"}],"replies":[{"embeddable":true,"href":"https:\/\/newadrnv.regionordvest.ro\/en\/wp-json\/wp\/v2\/comments?post=29324"}],"version-history":[{"count":22,"href":"https:\/\/newadrnv.regionordvest.ro\/en\/wp-json\/wp\/v2\/pages\/29324\/revisions"}],"predecessor-version":[{"id":29943,"href":"https:\/\/newadrnv.regionordvest.ro\/en\/wp-json\/wp\/v2\/pages\/29324\/revisions\/29943"}],"up":[{"embeddable":true,"href":"https:\/\/newadrnv.regionordvest.ro\/en\/wp-json\/wp\/v2\/pages\/299"}],"wp:attachment":[{"href":"https:\/\/newadrnv.regionordvest.ro\/en\/wp-json\/wp\/v2\/media?parent=29324"}],"curies":[{"name":"wp","href":"https:\/\/api.w.org\/{rel}","templated":true}]}}