{"id":31328,"date":"2025-03-03T16:46:42","date_gmt":"2025-03-03T14:46:42","guid":{"rendered":"https:\/\/www.nord-vest.ro\/?page_id=31328"},"modified":"2025-11-04T12:03:56","modified_gmt":"2025-11-04T10:03:56","slug":"planificare-strategica","status":"publish","type":"page","link":"https:\/\/newadrnv.regionordvest.ro\/en\/dezvoltare-regionala\/planificare-strategica\/","title":{"rendered":"Planificare strategic\u0103"},"content":{"rendered":"<section class=\"l-section wpb_row us_custom_e0dac176 height_large with_img parallax_ver\"><div class=\"l-section-img\" style=\"background-image: url(https:\/\/newadrnv.regionordvest.ro\/wp-content\/uploads\/2025\/03\/Planificare-strategica.jpg);\" data-img-width=\"2560\" data-img-height=\"1440\"><\/div><div class=\"l-section-overlay\" style=\"background:rgba(0,0,0,0.30)\"><\/div><div class=\"l-section-h i-cf\"><div class=\"g-cols via_grid cols_1 laptops-cols_inherit tablets-cols_inherit mobiles-cols_1 valign_top type_boxes\" style=\"grid-gap:0rem;\"><div class=\"wpb_column vc_column_container us_custom_33b9ee00\"><div class=\"vc_column-inner\"><\/div><\/div><\/div><\/div><\/section><section class=\"l-section wpb_row height_small\"><div class=\"l-section-h i-cf\"><div class=\"g-cols via_grid cols_1 laptops-cols_inherit tablets-cols_1 mobiles-cols_1 valign_top type_default\"><div class=\"wpb_column vc_column_container us_custom_5906efbc\"><div class=\"vc_column-inner\"><div class=\"g-cols wpb_row us_custom_efda9080 via_grid cols_5 laptops-cols_inherit tablets-cols_2 mobiles-cols_1 valign_top type_default\" style=\"grid-gap:40px;\"><div class=\"wpb_column vc_column_container us_custom_3b85e1e3\"><div class=\"vc_column-inner\"><div class=\"w-vwrapper us_custom_3f959b36 hvr-float item align_center valign_middle\" style=\"--vwrapper-gap:0rem\"><div class=\"w-iconbox us_custom_50249aad iconpos_top style_default color_primary align_center no_text has_text_color icontype_img\"><a href=\"https:\/\/www.nord-vest.ro\/dezvoltare-regionala\/planificare-strategica\/planuri-de-dezvoltare-regionala\/\" class=\"w-iconbox-link\" aria-label=\"Planuri de Dezvoltare Regional\u0103\"><div class=\"w-iconbox-icon\" style=\"font-size:6rem;\"><img loading=\"lazy\" decoding=\"async\" width=\"512\" height=\"512\" src=\"https:\/\/newadrnv.regionordvest.ro\/wp-content\/uploads\/2025\/03\/1-1.png\" class=\"attachment-full size-full\" alt=\"\" srcset=\"https:\/\/newadrnv.regionordvest.ro\/wp-content\/uploads\/2025\/03\/1-1.png 512w, https:\/\/newadrnv.regionordvest.ro\/wp-content\/uploads\/2025\/03\/1-1-12x12.png 12w, https:\/\/newadrnv.regionordvest.ro\/wp-content\/uploads\/2025\/03\/1-1-400x400.png 400w, https:\/\/newadrnv.regionordvest.ro\/wp-content\/uploads\/2025\/03\/1-1-279x279.png 279w, https:\/\/newadrnv.regionordvest.ro\/wp-content\/uploads\/2025\/03\/1-1-70x70.png 70w\" sizes=\"auto, (max-width: 512px) 100vw, 512px\" \/><\/div><\/a><div class=\"w-iconbox-meta\"><a href=\"https:\/\/www.nord-vest.ro\/dezvoltare-regionala\/planificare-strategica\/planuri-de-dezvoltare-regionala\/\" class=\"w-iconbox-link\" aria-label=\"Planuri de Dezvoltare Regional\u0103\"><h5 class=\"w-iconbox-title\">Planuri de Dezvoltare Regional\u0103<\/h5><\/a><\/div><\/div><\/div><\/div><\/div><div class=\"wpb_column vc_column_container us_custom_3b85e1e3\"><div class=\"vc_column-inner\"><div class=\"w-vwrapper us_custom_3f959b36 hvr-float item align_center valign_middle\" style=\"--vwrapper-gap:0rem\"><div class=\"w-iconbox us_custom_50249aad iconpos_top style_default color_primary align_center no_text has_text_color icontype_img\"><a href=\"https:\/\/www.nord-vest.ro\/adr-nv-2\/por\/\" class=\"w-iconbox-link\" aria-label=\"Politica de coeziune\"><div class=\"w-iconbox-icon\" style=\"font-size:6rem;\"><img loading=\"lazy\" decoding=\"async\" width=\"512\" height=\"512\" src=\"https:\/\/newadrnv.regionordvest.ro\/wp-content\/uploads\/2025\/03\/2-2.png\" class=\"attachment-full size-full\" alt=\"\" srcset=\"https:\/\/newadrnv.regionordvest.ro\/wp-content\/uploads\/2025\/03\/2-2.png 512w, https:\/\/newadrnv.regionordvest.ro\/wp-content\/uploads\/2025\/03\/2-2-12x12.png 12w, https:\/\/newadrnv.regionordvest.ro\/wp-content\/uploads\/2025\/03\/2-2-400x400.png 400w, https:\/\/newadrnv.regionordvest.ro\/wp-content\/uploads\/2025\/03\/2-2-279x279.png 279w, https:\/\/newadrnv.regionordvest.ro\/wp-content\/uploads\/2025\/03\/2-2-70x70.png 70w\" sizes=\"auto, (max-width: 512px) 100vw, 512px\" \/><\/div><\/a><div class=\"w-iconbox-meta\"><a href=\"https:\/\/www.nord-vest.ro\/adr-nv-2\/por\/\" class=\"w-iconbox-link\" aria-label=\"Politica de coeziune\"><h5 class=\"w-iconbox-title\">Politica de coeziune<\/h5><\/a><\/div><\/div><\/div><\/div><\/div><div class=\"wpb_column vc_column_container us_custom_3b85e1e3\"><div class=\"vc_column-inner\"><div class=\"w-vwrapper us_custom_3f959b36 hvr-float item align_center valign_middle\" style=\"--vwrapper-gap:0rem\"><div class=\"w-iconbox us_custom_50249aad iconpos_top style_default color_primary align_center no_text has_text_color icontype_img\"><a href=\"https:\/\/www.nord-vest.ro\/dezvoltare-regionala\/planificare-strategica\/strategia-regionala-de-turism\/\" class=\"w-iconbox-link\" aria-label=\"Strategia Regional\u0103 de turism\"><div class=\"w-iconbox-icon\" style=\"font-size:5.9rem;\"><img loading=\"lazy\" decoding=\"async\" width=\"512\" height=\"512\" src=\"https:\/\/newadrnv.regionordvest.ro\/wp-content\/uploads\/2025\/03\/3-2.png\" class=\"attachment-full size-full\" alt=\"\" srcset=\"https:\/\/newadrnv.regionordvest.ro\/wp-content\/uploads\/2025\/03\/3-2.png 512w, https:\/\/newadrnv.regionordvest.ro\/wp-content\/uploads\/2025\/03\/3-2-12x12.png 12w, https:\/\/newadrnv.regionordvest.ro\/wp-content\/uploads\/2025\/03\/3-2-400x400.png 400w, https:\/\/newadrnv.regionordvest.ro\/wp-content\/uploads\/2025\/03\/3-2-279x279.png 279w, https:\/\/newadrnv.regionordvest.ro\/wp-content\/uploads\/2025\/03\/3-2-70x70.png 70w\" sizes=\"auto, (max-width: 512px) 100vw, 512px\" \/><\/div><\/a><div class=\"w-iconbox-meta\"><a href=\"https:\/\/www.nord-vest.ro\/dezvoltare-regionala\/planificare-strategica\/strategia-regionala-de-turism\/\" class=\"w-iconbox-link\" aria-label=\"Strategia Regional\u0103 de turism\"><h5 class=\"w-iconbox-title\">Strategia Regional\u0103 de turism<\/h5><\/a><\/div><\/div><\/div><\/div><\/div><div class=\"wpb_column vc_column_container us_custom_3b85e1e3\"><div class=\"vc_column-inner\"><div class=\"w-vwrapper us_custom_3f959b36 hvr-float item align_center valign_middle\" style=\"--vwrapper-gap:0rem\"><div class=\"w-iconbox us_custom_50249aad iconpos_top style_default color_primary align_center no_text has_text_color icontype_img\"><a href=\"https:\/\/www.nord-vest.ro\/dezvoltare-regionala\/planificare-strategica\/documente-strategice\/\" class=\"w-iconbox-link\" aria-label=\"Documente strategice\"><div class=\"w-iconbox-icon\" style=\"font-size:6rem;\"><img loading=\"lazy\" decoding=\"async\" width=\"512\" height=\"512\" src=\"https:\/\/newadrnv.regionordvest.ro\/wp-content\/uploads\/2025\/03\/4-1.png\" class=\"attachment-full size-full\" alt=\"\" srcset=\"https:\/\/newadrnv.regionordvest.ro\/wp-content\/uploads\/2025\/03\/4-1.png 512w, https:\/\/newadrnv.regionordvest.ro\/wp-content\/uploads\/2025\/03\/4-1-12x12.png 12w, https:\/\/newadrnv.regionordvest.ro\/wp-content\/uploads\/2025\/03\/4-1-400x400.png 400w, https:\/\/newadrnv.regionordvest.ro\/wp-content\/uploads\/2025\/03\/4-1-279x279.png 279w, https:\/\/newadrnv.regionordvest.ro\/wp-content\/uploads\/2025\/03\/4-1-70x70.png 70w\" sizes=\"auto, (max-width: 512px) 100vw, 512px\" \/><\/div><\/a><div class=\"w-iconbox-meta\"><a href=\"https:\/\/www.nord-vest.ro\/dezvoltare-regionala\/planificare-strategica\/documente-strategice\/\" class=\"w-iconbox-link\" aria-label=\"Documente strategice\"><h5 class=\"w-iconbox-title\">Documente strategice<\/h5><\/a><\/div><\/div><\/div><\/div><\/div><div class=\"wpb_column vc_column_container us_custom_3b85e1e3\"><div class=\"vc_column-inner\"><div class=\"w-vwrapper us_custom_3f959b36 hvr-float item align_center valign_middle\" style=\"--vwrapper-gap:0rem\"><div class=\"w-iconbox us_custom_50249aad iconpos_top style_default color_primary align_center no_text has_text_color icontype_img\"><a href=\"https:\/\/www.nord-vest.ro\/dezvoltare-regionala\/planificare-strategica\/analize-regionale-si-capacitate-administrativa\/\" class=\"w-iconbox-link\" aria-label=\"Analize Regionale \u0219i capacitate administrativ\u0103\"><div class=\"w-iconbox-icon\" style=\"font-size:6rem;\"><img loading=\"lazy\" decoding=\"async\" width=\"512\" height=\"512\" src=\"https:\/\/newadrnv.regionordvest.ro\/wp-content\/uploads\/2025\/03\/5.png\" class=\"attachment-full size-full\" alt=\"\" srcset=\"https:\/\/newadrnv.regionordvest.ro\/wp-content\/uploads\/2025\/03\/5.png 512w, https:\/\/newadrnv.regionordvest.ro\/wp-content\/uploads\/2025\/03\/5-12x12.png 12w, https:\/\/newadrnv.regionordvest.ro\/wp-content\/uploads\/2025\/03\/5-400x400.png 400w, https:\/\/newadrnv.regionordvest.ro\/wp-content\/uploads\/2025\/03\/5-279x279.png 279w, https:\/\/newadrnv.regionordvest.ro\/wp-content\/uploads\/2025\/03\/5-70x70.png 70w\" sizes=\"auto, (max-width: 512px) 100vw, 512px\" \/><\/div><\/a><div class=\"w-iconbox-meta\"><a href=\"https:\/\/www.nord-vest.ro\/dezvoltare-regionala\/planificare-strategica\/analize-regionale-si-capacitate-administrativa\/\" class=\"w-iconbox-link\" aria-label=\"Analize Regionale \u0219i capacitate administrativ\u0103\"><h5 class=\"w-iconbox-title\">Analize Regionale \u0219i capacitate administrativ\u0103<\/h5><\/a><\/div><\/div><\/div><\/div><\/div><\/div><\/div><\/div><\/div><\/div><\/section><section class=\"l-section wpb_row height_small\"><div class=\"l-section-h i-cf\"><div class=\"g-cols via_grid cols_1-3 laptops-cols_inherit tablets-cols_inherit mobiles-cols_1 valign_top type_default\"><div class=\"wpb_column vc_column_container\"><div class=\"vc_column-inner\"><div class=\"w-menu layout_ver style_blocks us_menu_1\" style=\"--main-gap:0.7rem;--main-ver-indent:0.8em;--main-hor-indent:0.8em;\"><ul id=\"menu-dezvoltare\" class=\"menu\"><li id=\"menu-item-31404\" class=\"menu-item menu-item-type-post_type menu-item-object-page menu-item-31404\"><a href=\"https:\/\/newadrnv.regionordvest.ro\/en\/dezvoltare-regionala\/planificare-strategica\/\">Planificare strategic\u0103<\/a><\/li><li id=\"menu-item-31405\" class=\"menu-item menu-item-type-post_type menu-item-object-page menu-item-31405\"><a href=\"https:\/\/newadrnv.regionordvest.ro\/en\/dezvoltare-regionala\/planificare-strategica\/strategia-regionala-de-turism\/\">Strategia regional\u0103 de turism<\/a><\/li><li id=\"menu-item-17679\" class=\"menu-item menu-item-type-post_type menu-item-object-page menu-item-17679\"><a href=\"https:\/\/newadrnv.regionordvest.ro\/en\/?page_id=17677\">Pilot projects for less developed regions<\/a><\/li><li id=\"menu-item-17671\" class=\"menu-item menu-item-type-post_type menu-item-object-page menu-item-17671\"><a href=\"https:\/\/newadrnv.regionordvest.ro\/en\/dezvoltare-regionala\/planificare-strategica\/documente-strategice\/strategia-regionala-de-mobilitate-urbana-orase-inteligente\/\">Strategia regional\u0103 de mobilitate urban\u0103 \u0219i ora\u0219e inteligente<\/a><\/li><li id=\"menu-item-17680\" class=\"menu-item menu-item-type-post_type menu-item-object-page menu-item-17680\"><a href=\"https:\/\/newadrnv.regionordvest.ro\/en\/dezvoltare-regionala\/planificare-strategica\/documente-strategice\/planuri-strategii-sectoriale\/\">Planuri \u0219i strategii sectoriale<\/a><\/li><li id=\"menu-item-17674\" class=\"menu-item menu-item-type-post_type menu-item-object-page menu-item-17674\"><a href=\"https:\/\/newadrnv.regionordvest.ro\/en\/dezvoltare-regionala\/dezvoltare-planificare-strategica\/specializare-inteligenta\/\">Smart specialization<\/a><\/li><li id=\"menu-item-17668\" class=\"menu-item menu-item-type-post_type menu-item-object-page menu-item-17668\"><a href=\"https:\/\/newadrnv.regionordvest.ro\/en\/dezvoltare-regionala\/planificare-strategica\/planuri-de-dezvoltare-regionala\/\">Regional development plans<\/a><\/li><li id=\"menu-item-28543\" class=\"menu-item menu-item-type-post_type menu-item-object-page menu-item-28543\"><a href=\"https:\/\/newadrnv.regionordvest.ro\/en\/dezvoltare-regionala\/planificare-strategica\/documente-strategice\/\">Documente strategice<\/a><\/li><li id=\"menu-item-19514\" class=\"menu-item menu-item-type-post_type menu-item-object-page menu-item-19514\"><a href=\"https:\/\/newadrnv.regionordvest.ro\/en\/dezvoltare-regionala\/dezvoltare-planificare-strategica\/\">Dezvoltare \u0219i planificare strategic\u0103<\/a><\/li><li id=\"menu-item-31406\" class=\"menu-item menu-item-type-post_type menu-item-object-page menu-item-31406\"><a href=\"https:\/\/newadrnv.regionordvest.ro\/en\/dezvoltare-regionala\/planificare-strategica\/analize-regionale-si-capacitate-administrativa\/\">Analize regionale \u0219i capacitate administrativ\u0103<\/a><\/li><li id=\"menu-item-28455\" class=\"menu-item menu-item-type-post_type menu-item-object-page menu-item-28455\"><a href=\"https:\/\/newadrnv.regionordvest.ro\/en\/dezvoltare-regionala\/planificare-strategica\/analize-regionale-si-capacitate-administrativa\/monitorizarea-obiectivelor-de-dezvoltare-durabila\/\">Monitorizarea obiectivelor de dezvoltare durabil\u0103<\/a><\/li><\/ul><style>.us_menu_1 .menu>li>a{background:#78B7A3}.us_menu_1 .menu>li>a{color:var(--color-header-middle-bg)}.us_menu_1 .menu>.menu-item:not(.current-menu-item)>a:hover{background:#73C7C9}.us_menu_1 .menu>.menu-item:not(.current-menu-item)>a:hover{color:var(--color-alt-content-text)}.us_menu_1 .menu>.current-menu-item>a{background:#2190A3}.us_menu_1 .menu>.current-menu-item>a{color:var(--color-alt-content-text)}@media ( max-width:600px ){.us_menu_1 .menu{display:block!important}.us_menu_1 .menu>li{margin:0 0 var(--main-gap,0.7rem)!important}}<\/style><\/div><\/div><\/div><div class=\"wpb_column vc_column_container\"><div class=\"vc_column-inner\"><div class=\"wpb_text_column\"><div class=\"wpb_wrapper\"><p style=\"text-align: justify;\">Through the planning activity,\u00a0<strong>ADR North-West<\/strong>\u00a0aims to contribute to the achievement of the three basic objectives of the regional development policy in Romania, stipulated in Law no. 315\/2004 on regional development:<br \/>\n\u2013\u00a0<strong>reducing imbalances<\/strong>\u00a0existing regional;<br \/>\n\u2013\u00a0<strong>correlation of policies<\/strong>\u00a0governmental sectors at the level of the regions;<br \/>\n\u2013\u00a0<strong>stimulating cooperation<\/strong>\u00a0inter-regional, internal and international, cross-border.<\/p>\n<p style=\"text-align: justify;\"><strong>Regional Development Plan (RDP)<\/strong>\u00a0it is the main planning document developed at the regional level and reflects the relevant development policies at the European and national level in relation to the specific needs and challenges at the level of the region. The RDP represents the strategic basis for substantiating the projects initiated in the region and is a landmark both for the national authorities regarding the substantiation of the financing programs, as well as for the county \/ local authorities and potential public or private investors.<\/p>\n<p style=\"text-align: justify;\"><strong>Smart Specialization Strategy (RIS3 NV)<\/strong>\u00a0identifies the priority sectors of intervention and the appropriate models for approaching this specialization in order to support specialized innovation processes among economic agents, through which to reach a structural transformation of these sectors, to increase their competitiveness in the global economy.<\/p>\n<p style=\"text-align: justify;\"><strong>Sectoral Strategies<\/strong>\u00a0they can complete the planning documents in areas of importance for the development of the region. The preparation of such documents may also represent an obligation to fulfill certain conditions regarding the use of funds in a certain financial exercise.<\/p>\n<p style=\"text-align: justify;\">In order to support the objectives of the regional development policy and to fulfill the priorities established by the PDR, the North-West Regional Development Agency initiates or participates as a partner in various\u00a0<strong>direct projects with EC, with non-refundable financing<\/strong>\u00a0(own projects).<\/p>\n<\/div><\/div><\/div><\/div><\/div><\/div><\/section>","protected":false},"excerpt":{"rendered":"Planuri de Dezvoltare Regional\u0103Politica de coeziuneStrategia Regional\u0103 de turismDocumente strategiceAnalize Regionale \u0219i capacitate administrativ\u0103Planificare strategic\u0103Strategia regional\u0103 de turismProiecte pilot pentru regiuni mai pu\u021bin dezvoltateStrategia regional\u0103 de mobilitate urban\u0103 \u0219i ora\u0219e inteligentePlanuri \u0219i strategii sectorialeSpecializare inteligent\u0103Planuri de dezvoltare regional\u0103Documente strategiceDezvoltare \u0219i planificare strategic\u0103Analize regionale \u0219i capacitate administrativ\u0103Monitorizarea obiectivelor de dezvoltare durabil\u0103Prin activitatea de planificare,\u00a0ADR Nord-Vest\u00a0\u00ee\u015fi propune...","protected":false},"author":42,"featured_media":0,"parent":17493,"menu_order":0,"comment_status":"closed","ping_status":"closed","template":"","meta":{"footnotes":"","beyondwords_generate_audio":"1","beyondwords_project_id":"21144","beyondwords_content_id":"12da7c4e-eb15-4135-a266-f08ecd9e9ae0","beyondwords_preview_token":"dda004de-df01-4044-8564-de8f57e9bddd","beyondwords_player_content":"","beyondwords_player_style":"standard","beyondwords_language_code":"","beyondwords_language_id":"","beyondwords_title_voice_id":"","beyondwords_body_voice_id":"","beyondwords_summary_voice_id":"","beyondwords_error_message":"","beyondwords_disabled":"","beyondwords_delete_content":"","beyondwords_podcast_id":"12da7c4e-eb15-4135-a266-f08ecd9e9ae0","beyondwords_hash":"","publish_post_to_speechkit":"","speechkit_hash":"","speechkit_generate_audio":"","speechkit_project_id":"","speechkit_podcast_id":"","speechkit_error_message":"","speechkit_disabled":"","speechkit_access_key":"","speechkit_error":"","speechkit_info":"","speechkit_response":"","speechkit_retries":"","speechkit_status":"","speechkit_updated_at":"","_speechkit_link":"","_speechkit_text":""},"class_list":["post-31328","page","type-page","status-publish","hentry"],"publishpress_future_action":{"enabled":false,"date":"2026-04-11 23:58:41","action":"change-status","newStatus":"draft","terms":[],"taxonomy":"","extraData":[]},"publishpress_future_workflow_manual_trigger":{"enabledWorkflows":[]},"_links":{"self":[{"href":"https:\/\/newadrnv.regionordvest.ro\/en\/wp-json\/wp\/v2\/pages\/31328","targetHints":{"allow":["GET"]}}],"collection":[{"href":"https:\/\/newadrnv.regionordvest.ro\/en\/wp-json\/wp\/v2\/pages"}],"about":[{"href":"https:\/\/newadrnv.regionordvest.ro\/en\/wp-json\/wp\/v2\/types\/page"}],"author":[{"embeddable":true,"href":"https:\/\/newadrnv.regionordvest.ro\/en\/wp-json\/wp\/v2\/users\/42"}],"replies":[{"embeddable":true,"href":"https:\/\/newadrnv.regionordvest.ro\/en\/wp-json\/wp\/v2\/comments?post=31328"}],"version-history":[{"count":18,"href":"https:\/\/newadrnv.regionordvest.ro\/en\/wp-json\/wp\/v2\/pages\/31328\/revisions"}],"predecessor-version":[{"id":33206,"href":"https:\/\/newadrnv.regionordvest.ro\/en\/wp-json\/wp\/v2\/pages\/31328\/revisions\/33206"}],"up":[{"embeddable":true,"href":"https:\/\/newadrnv.regionordvest.ro\/en\/wp-json\/wp\/v2\/pages\/17493"}],"wp:attachment":[{"href":"https:\/\/newadrnv.regionordvest.ro\/en\/wp-json\/wp\/v2\/media?parent=31328"}],"curies":[{"name":"wp","href":"https:\/\/api.w.org\/{rel}","templated":true}]}}