{"id":32647,"date":"2025-08-26T09:54:37","date_gmt":"2025-08-26T06:54:37","guid":{"rendered":"https:\/\/newadrnv.regionordvest.ro\/?page_id=32647"},"modified":"2025-10-27T13:05:30","modified_gmt":"2025-10-27T11:05:30","slug":"intrebari-frecvente-uat-uri","status":"publish","type":"page","link":"https:\/\/newadrnv.regionordvest.ro\/en\/intrebari-frecvente-uat-uri\/","title":{"rendered":"\u00centreb\u0103ri frecvente UAT-uri"},"content":{"rendered":"<section class=\"l-section wpb_row height_small color_primary\"><div class=\"l-section-h i-cf\"><div class=\"g-cols via_grid cols_1 laptops-cols_inherit tablets-cols_inherit mobiles-cols_1 valign_bottom type_default\" style=\"grid-gap:0.1rem;\"><div class=\"wpb_column vc_column_container\"><div class=\"vc_column-inner\"><ol class=\"g-breadcrumbs separator_custom align_left\"><li class=\"g-breadcrumbs-item\"><a href=\"https:\/\/newadrnv.regionordvest.ro\/en\/\">Home<\/a><meta content=\"1\"\/><\/li><li class=\"g-breadcrumbs-separator\">\/<\/li><li class=\"g-breadcrumbs-item\">Pages<\/li><\/ol><\/div><\/div><\/div><\/div><\/section><section class=\"l-section wpb_row height_auto\"><div class=\"l-section-h i-cf\"><div class=\"g-cols via_grid cols_1 laptops-cols_inherit tablets-cols_inherit mobiles-cols_1 valign_top type_default\"><div class=\"wpb_column vc_column_container\"><div class=\"vc_column-inner\"><div class=\"w-separator size_small\"><\/div><\/div><\/div><\/div><\/div><\/section><section class=\"l-section wpb_row height_auto\"><div class=\"l-section-h i-cf\"><div class=\"g-cols via_grid cols_2-3 laptops-cols_inherit tablets-cols_inherit mobiles-cols_1 valign_top type_default\"><div class=\"wpb_column vc_column_container us_custom_ae129334 has_bg_color\"><div class=\"vc_column-inner\"><div class=\"wpb_text_column us_custom_850879d5 has_text_color\"><div class=\"wpb_wrapper\"><p>\u00centreb\u0103ri frecvente<\/p>\n<\/div><\/div><div class=\"wpb_text_column us_custom_a5f83dff has_text_color\"><div class=\"wpb_wrapper\"><p><b>pentru UAT-uri<\/b><\/p>\n<\/div><\/div><\/div><\/div><div class=\"wpb_column vc_column_container\"><div class=\"vc_column-inner\"><\/div><\/div><\/div><\/div><\/section><section class=\"l-section wpb_row height_small\"><div class=\"l-section-h i-cf\"><div class=\"g-cols via_grid cols_1 laptops-cols_inherit tablets-cols_inherit mobiles-cols_1 valign_top type_default\"><div class=\"wpb_column vc_column_container\"><div class=\"vc_column-inner\"><div class=\"wpb_text_column us_custom_330fa8bf\"><div class=\"wpb_wrapper\"><p>Ceva text introductiv. Nulla facilisis mattis nisl, sed egestas erat pretium a. Praesent id auctor urna. Lorem ipsum dolor sit amet, consectetur adipiscing elit. Nulla facilisis mattis nisl, sed egestas erat pretium a. Praesent id auctor urna.<\/p>\n<\/div><\/div><div class=\"g-cols wpb_row via_grid cols_2 laptops-cols_inherit tablets-cols_inherit mobiles-cols_1 valign_middle type_default\" style=\"grid-gap:0.5rem;\"><div class=\"wpb_column vc_column_container\"><div class=\"vc_column-inner\"><div class=\"wpb_text_column us_custom_adbc66cf has_text_color\"><div class=\"wpb_wrapper\"><p>Nu g\u0103se\u0219ti r\u0103spunsul la \u00eentrebarea ta \u00een aceast\u0103 list\u0103?<\/p>\n<\/div><\/div><\/div><\/div><div class=\"wpb_column vc_column_container\"><div class=\"vc_column-inner\"><\/div><\/div><\/div><\/div><\/div><\/div><\/div><\/section><section class=\"l-section wpb_row height_small\"><div class=\"l-section-h i-cf\"><div class=\"g-cols via_grid cols_1 laptops-cols_inherit tablets-cols_inherit mobiles-cols_1 valign_top type_default\"><div class=\"wpb_column vc_column_container\"><div class=\"vc_column-inner\"><div class=\"w-tabs style_default switch_click accordion has_scrolling\"><div class=\"w-tabs-sections\"><div class=\"w-tabs-sections-h\"><div class=\"w-tabs-section\" id=\"gebe\"><button aria-controls=\"content-gebe\" class=\"w-tabs-section-header align_none icon_plus cpos_right\" style=\"font-size:inherit\"><div class=\"w-tabs-section-title\">Lorem ipsum dolor sit amet, consectetur adipiscing elit?<\/div><div class=\"w-tabs-section-control\"><\/div><\/button><div class=\"w-tabs-section-content\" id=\"content-gebe\" aria-expanded=\"false\"><div class=\"w-tabs-section-content-h i-cf\"><div class=\"wpb_text_column us_custom_df5f4c97 has_text_color\"><div class=\"wpb_wrapper\"><p>Nulla facilisis mattis nisl, sed egestas erat pretium a. Praesent id auctor urna. Lorem ipsum dolor sit amet, consectetur adipiscing elit. Nulla facilisis mattis nisl, sed egestas erat pretium a. Praesent id auctor urna. Nulla facilisis mattis nisl, sed egestas erat pretium a. Praesent id auctor urna. Lorem ipsum dolor sit amet.<\/p>\n<\/div><\/div><\/div><\/div><\/div><div class=\"w-tabs-section active\" id=\"j07e\"><button aria-controls=\"content-j07e\" class=\"w-tabs-section-header active align_none icon_plus cpos_right\" style=\"font-size:inherit\"><div class=\"w-tabs-section-title\">Lorem ipsum dolor sit amet, consectetur adipiscing elit?<\/div><div class=\"w-tabs-section-control\"><\/div><\/button><div class=\"w-tabs-section-content\" id=\"content-j07e\" aria-expanded=\"true\"><div class=\"w-tabs-section-content-h i-cf\"><div class=\"wpb_text_column\"><div class=\"wpb_wrapper\"><p>Nulla facilisis mattis nisl, sed egestas erat pretium a. Praesent id auctor urna. Lorem ipsum dolor sit amet, consectetur adipiscing elit. Nulla facilisis mattis nisl, sed egestas erat pretium a. Praesent id auctor urna. Nulla facilisis mattis nisl, sed egestas erat pretium a. Praesent id auctor urna. Lorem ipsum dolor sit amet.<\/p>\n<\/div><\/div><\/div><\/div><\/div><div class=\"w-tabs-section\" id=\"k20e\"><button aria-controls=\"content-k20e\" class=\"w-tabs-section-header align_none icon_plus cpos_right\" style=\"font-size:inherit\"><div class=\"w-tabs-section-title\">Lorem ipsum dolor sit amet, consectetur adipiscing elit?<\/div><div class=\"w-tabs-section-control\"><\/div><\/button><div class=\"w-tabs-section-content\" id=\"content-k20e\" aria-expanded=\"false\"><div class=\"w-tabs-section-content-h i-cf\"><div class=\"wpb_text_column\"><div class=\"wpb_wrapper\"><p>Nulla facilisis mattis nisl, sed egestas erat pretium a. Praesent id auctor urna. Lorem ipsum dolor sit amet, consectetur adipiscing elit. Nulla facilisis mattis nisl, sed egestas erat pretium a. Praesent id auctor urna. Nulla facilisis mattis nisl, sed egestas erat pretium a. Praesent id auctor urna. Lorem ipsum dolor sit amet.<\/p>\n<\/div><\/div><\/div><\/div><\/div><div class=\"w-tabs-section\" id=\"w3bc\"><button aria-controls=\"content-w3bc\" class=\"w-tabs-section-header align_none icon_plus cpos_right\" style=\"font-size:inherit\"><div class=\"w-tabs-section-title\">Lorem ipsum dolor sit amet, consectetur adipiscing elit?<\/div><div class=\"w-tabs-section-control\"><\/div><\/button><div class=\"w-tabs-section-content\" id=\"content-w3bc\" aria-expanded=\"false\"><div class=\"w-tabs-section-content-h i-cf\"><div class=\"wpb_text_column\"><div class=\"wpb_wrapper\"><p>Nulla facilisis mattis nisl, sed egestas erat pretium a. Praesent id auctor urna. Lorem ipsum dolor sit amet, consectetur adipiscing elit. Nulla facilisis mattis nisl, sed egestas erat pretium a. Praesent id auctor urna. Nulla facilisis mattis nisl, sed egestas erat pretium a. Praesent id auctor urna. Lorem ipsum dolor sit amet.<\/p>\n<\/div><\/div><\/div><\/div><\/div><\/div><\/div><\/div><\/div><\/div><\/div><\/div><\/section>","protected":false},"excerpt":{"rendered":"Home\/Pages\u00centreb\u0103ri frecvente pentru UAT-uri Ceva text introductiv. Nulla facilisis mattis nisl, sed egestas erat pretium a. Praesent id auctor urna. Lorem ipsum dolor sit amet, consectetur adipiscing elit. Nulla facilisis mattis nisl, sed egestas erat pretium a. Praesent id auctor urna. Nu g\u0103se\u0219ti r\u0103spunsul la \u00eentrebarea ta \u00een aceast\u0103 list\u0103? Lorem ipsum dolor sit amet,...","protected":false},"author":1,"featured_media":0,"parent":0,"menu_order":0,"comment_status":"closed","ping_status":"closed","template":"","meta":{"footnotes":"","beyondwords_generate_audio":"1","beyondwords_project_id":"21144","beyondwords_content_id":"cdcb1789-7fcc-4c4e-8108-b4791a2989e3","beyondwords_preview_token":"d4a72d3c-c59e-4ad6-9a40-c7c1725d6c58","beyondwords_player_content":"","beyondwords_player_style":"standard","beyondwords_language_code":"","beyondwords_language_id":"","beyondwords_title_voice_id":"","beyondwords_body_voice_id":"","beyondwords_summary_voice_id":"","beyondwords_error_message":"","beyondwords_disabled":"","beyondwords_delete_content":"","beyondwords_podcast_id":"","beyondwords_hash":"","publish_post_to_speechkit":"","speechkit_hash":"","speechkit_generate_audio":"","speechkit_project_id":"","speechkit_podcast_id":"","speechkit_error_message":"","speechkit_disabled":"","speechkit_access_key":"","speechkit_error":"","speechkit_info":"","speechkit_response":"","speechkit_retries":"","speechkit_status":"","speechkit_updated_at":"","_speechkit_link":"","_speechkit_text":""},"class_list":["post-32647","page","type-page","status-publish","hentry"],"publishpress_future_action":{"enabled":false,"date":"2026-04-11 18:34:15","action":"change-status","newStatus":"draft","terms":[],"taxonomy":"","extraData":[]},"publishpress_future_workflow_manual_trigger":{"enabledWorkflows":[]},"_links":{"self":[{"href":"https:\/\/newadrnv.regionordvest.ro\/en\/wp-json\/wp\/v2\/pages\/32647","targetHints":{"allow":["GET"]}}],"collection":[{"href":"https:\/\/newadrnv.regionordvest.ro\/en\/wp-json\/wp\/v2\/pages"}],"about":[{"href":"https:\/\/newadrnv.regionordvest.ro\/en\/wp-json\/wp\/v2\/types\/page"}],"author":[{"embeddable":true,"href":"https:\/\/newadrnv.regionordvest.ro\/en\/wp-json\/wp\/v2\/users\/1"}],"replies":[{"embeddable":true,"href":"https:\/\/newadrnv.regionordvest.ro\/en\/wp-json\/wp\/v2\/comments?post=32647"}],"version-history":[{"count":2,"href":"https:\/\/newadrnv.regionordvest.ro\/en\/wp-json\/wp\/v2\/pages\/32647\/revisions"}],"predecessor-version":[{"id":33054,"href":"https:\/\/newadrnv.regionordvest.ro\/en\/wp-json\/wp\/v2\/pages\/32647\/revisions\/33054"}],"wp:attachment":[{"href":"https:\/\/newadrnv.regionordvest.ro\/en\/wp-json\/wp\/v2\/media?parent=32647"}],"curies":[{"name":"wp","href":"https:\/\/api.w.org\/{rel}","templated":true}]}}