{"id":32651,"date":"2025-08-26T09:55:27","date_gmt":"2025-08-26T06:55:27","guid":{"rendered":"https:\/\/newadrnv.regionordvest.ro\/?page_id=32651"},"modified":"2025-10-29T09:23:21","modified_gmt":"2025-10-29T07:23:21","slug":"intrebari-frecvente","status":"publish","type":"page","link":"https:\/\/newadrnv.regionordvest.ro\/en\/intrebari-frecvente\/","title":{"rendered":"\u00centreb\u0103ri frecvente"},"content":{"rendered":"<section class=\"l-section wpb_row height_small color_primary\"><div class=\"l-section-h i-cf\"><div class=\"g-cols via_grid cols_1 laptops-cols_inherit tablets-cols_inherit mobiles-cols_1 valign_bottom type_default\" style=\"grid-gap:0.1rem;\"><div class=\"wpb_column vc_column_container\"><div class=\"vc_column-inner\"><ol class=\"g-breadcrumbs separator_custom align_left\"><li class=\"g-breadcrumbs-item\"><a href=\"https:\/\/newadrnv.regionordvest.ro\/en\/\">Home<\/a><meta content=\"1\"\/><\/li><li class=\"g-breadcrumbs-separator\">\/<\/li><li class=\"g-breadcrumbs-item\">Pages<\/li><\/ol><\/div><\/div><\/div><\/div><\/section><section class=\"l-section wpb_row height_small\"><div class=\"l-section-h i-cf\"><div class=\"g-cols via_grid cols_2-3 laptops-cols_inherit tablets-cols_inherit mobiles-cols_1 valign_top type_default\"><div class=\"wpb_column vc_column_container us_custom_ae129334 has_bg_color\"><div class=\"vc_column-inner\"><div class=\"wpb_text_column us_custom_850879d5 has_text_color\"><div class=\"wpb_wrapper\"><p>\u00centreb\u0103ri frecvente<\/p>\n<\/div><\/div><\/div><\/div><div class=\"wpb_column vc_column_container\"><div class=\"vc_column-inner\"><\/div><\/div><\/div><\/div><\/section><section class=\"l-section wpb_row height_small\"><div class=\"l-section-h i-cf\"><div class=\"g-cols via_grid cols_1 laptops-cols_inherit tablets-cols_inherit mobiles-cols_1 valign_middle type_default\"><div class=\"wpb_column vc_column_container\"><div class=\"vc_column-inner\"><div class=\"wpb_text_column us_custom_330fa8bf\"><div class=\"wpb_wrapper\"><p>Ceva text introductiv. Nulla facilisis mattis nisl, sed egestas erat pretium a. Praesent id auctor urna. Lorem ipsum dolor sit amet, consectetur adipiscing elit. Nulla facilisis mattis nisl, sed egestas erat pretium a. Praesent id auctor urna.<\/p>\n<\/div><\/div><div class=\"g-cols wpb_row us_custom_330fa8bf via_grid cols_3-2 laptops-cols_inherit tablets-cols_inherit mobiles-cols_1 valign_middle type_default\" style=\"grid-gap:0rem;\"><div class=\"wpb_column vc_column_container\"><div class=\"vc_column-inner\"><div class=\"wpb_text_column us_custom_adbc66cf has_text_color\"><div class=\"wpb_wrapper\"><p>Nu g\u0103se\u0219ti r\u0103spunsul la \u00eentrebarea ta \u00een aceast\u0103 list\u0103?<\/p>\n<\/div><\/div><\/div><\/div><div class=\"wpb_column vc_column_container\"><div class=\"vc_column-inner\"><div class=\"w-btn-wrapper align_none\"><a class=\"w-btn us-btn-style_8 us_custom_a67839a2\" href=\"\/en\/contact\/\"><span class=\"w-btn-label\">Contacteaz\u0103-ne<\/span><\/a><\/div><\/div><\/div><\/div><div class=\"g-cols wpb_row via_grid cols_4 laptops-cols_inherit tablets-cols_2 mobiles-cols_1 valign_top type_default\" style=\"grid-gap:0rem;\"><div class=\"wpb_column vc_column_container\"><div class=\"vc_column-inner\"><div class=\"wpb_text_column us_custom_6081d68a\"><div class=\"wpb_wrapper\"><p>Pe aceasta pagina:<\/p>\n<\/div><\/div><\/div><\/div><div class=\"wpb_column vc_column_container\"><div class=\"vc_column-inner\"><div class=\"w-btn-wrapper align_none\"><a class=\"w-btn us-btn-style_8 us_custom_5883933e\" href=\"#tabs-style1\"><span class=\"w-btn-label\">Pentru UAT-uri<\/span><\/a><\/div><\/div><\/div><div class=\"wpb_column vc_column_container\"><div class=\"vc_column-inner\"><div class=\"w-btn-wrapper align_none\"><a class=\"w-btn us-btn-style_8 us_custom_2dba5241\" href=\"#tabs-style2\"><span class=\"w-btn-label\">Pentru IMM-uri<\/span><\/a><\/div><\/div><\/div><div class=\"wpb_column vc_column_container\"><div class=\"vc_column-inner\"><div class=\"w-btn-wrapper width_full\"><a class=\"w-btn us-btn-style_8 us_custom_8b5786f1\" href=\"#tabs-style3\"><span class=\"w-btn-label\">Pentru \u00centreprinderi mari<\/span><\/a><\/div><\/div><\/div><\/div><\/div><\/div><\/div><\/div><\/section><section class=\"l-section wpb_row height_auto\"><div class=\"l-section-h i-cf\"><div class=\"g-cols via_grid cols_1 laptops-cols_inherit tablets-cols_inherit mobiles-cols_1 valign_top type_default\"><div class=\"wpb_column vc_column_container\"><div class=\"vc_column-inner\"><div class=\"w-separator size_small with_line width_default thick_4 style_solid color_primary align_center\"><div class=\"w-separator-h\"><\/div><\/div><\/div><\/div><\/div><\/div><\/section><section class=\"l-section wpb_row height_auto\" id=\"tabs-style1\"><div class=\"l-section-h i-cf\"><div class=\"g-cols via_grid cols_2-3 laptops-cols_inherit tablets-cols_inherit mobiles-cols_1 valign_top type_default\"><div class=\"wpb_column vc_column_container us_custom_3517a734\"><div class=\"vc_column-inner\"><div class=\"wpb_text_column us_custom_408e4588 has_text_color\"><div class=\"wpb_wrapper\"><p>Pentru\u00a0<b><br \/><\/b><\/p>\n<\/div><\/div><div class=\"wpb_text_column us_custom_6bf6dd06 has_text_color\"><div class=\"wpb_wrapper\"><p><b>UAT-uri<\/b><\/p>\n<\/div><\/div><div class=\"wpb_text_column us_custom_330fa8bf\"><div class=\"wpb_wrapper\"><p>Ceva text introductiv. Nulla facilisis mattis nisl, sed egestas erat pretium a. Praesent id auctor urna. Lorem ipsum dolor sit amet, consectetur adipiscing elit. Nulla facilisis mattis nisl, sed egestas erat pretium a. Praesent id auctor urna.<\/p>\n<\/div><\/div><\/div><\/div><div class=\"wpb_column vc_column_container tabs-style1\"><div class=\"vc_column-inner\"><div class=\"w-tabs style_default switch_click accordion has_scrolling\"><div class=\"w-tabs-sections\"><div class=\"w-tabs-sections-h\"><div class=\"w-tabs-section\" id=\"w54a\"><button aria-controls=\"content-w54a\" class=\"w-tabs-section-header align_none icon_plus cpos_right\" style=\"font-size:inherit\"><div class=\"w-tabs-section-title\">Lorem ipsum dolor sit amet, consectetur adipiscing elit?<\/div><div class=\"w-tabs-section-control\"><\/div><\/button><div class=\"w-tabs-section-content\" id=\"content-w54a\" aria-expanded=\"false\"><div class=\"w-tabs-section-content-h i-cf\"><div class=\"wpb_text_column us_custom_df5f4c97 has_text_color\"><div class=\"wpb_wrapper\"><p>Nulla facilisis mattis nisl, sed egestas erat pretium a. Praesent id auctor urna. Lorem ipsum dolor sit amet, consectetur adipiscing elit. Nulla facilisis mattis nisl, sed egestas erat pretium a. Praesent id auctor urna. Nulla facilisis mattis nisl, sed egestas erat pretium a. Praesent id auctor urna. Lorem ipsum dolor sit amet.<\/p>\n<\/div><\/div><\/div><\/div><\/div><div class=\"w-tabs-section active\" id=\"j837\"><button aria-controls=\"content-j837\" class=\"w-tabs-section-header active align_none icon_plus cpos_right\" style=\"font-size:inherit\"><div class=\"w-tabs-section-title\">Lorem ipsum dolor sit amet, consectetur adipiscing elit?<\/div><div class=\"w-tabs-section-control\"><\/div><\/button><div class=\"w-tabs-section-content\" id=\"content-j837\" aria-expanded=\"true\"><div class=\"w-tabs-section-content-h i-cf\"><div class=\"wpb_text_column\"><div class=\"wpb_wrapper\"><p>Nulla facilisis mattis nisl, sed egestas erat pretium a. Praesent id auctor urna. Lorem ipsum dolor sit amet, consectetur adipiscing elit. Nulla facilisis mattis nisl, sed egestas erat pretium a. Praesent id auctor urna. Nulla facilisis mattis nisl, sed egestas erat pretium a. Praesent id auctor urna. Lorem ipsum dolor sit amet.<\/p>\n<\/div><\/div><\/div><\/div><\/div><div class=\"w-tabs-section\" id=\"jab7\"><button aria-controls=\"content-jab7\" class=\"w-tabs-section-header align_none icon_plus cpos_right\" style=\"font-size:inherit\"><div class=\"w-tabs-section-title\">Lorem ipsum dolor sit amet, consectetur adipiscing elit?<\/div><div class=\"w-tabs-section-control\"><\/div><\/button><div class=\"w-tabs-section-content\" id=\"content-jab7\" aria-expanded=\"false\"><div class=\"w-tabs-section-content-h i-cf\"><div class=\"wpb_text_column\"><div class=\"wpb_wrapper\"><p>Nulla facilisis mattis nisl, sed egestas erat pretium a. Praesent id auctor urna. Lorem ipsum dolor sit amet, consectetur adipiscing elit. Nulla facilisis mattis nisl, sed egestas erat pretium a. Praesent id auctor urna. Nulla facilisis mattis nisl, sed egestas erat pretium a. Praesent id auctor urna. Lorem ipsum dolor sit amet.<\/p>\n<\/div><\/div><\/div><\/div><\/div><div class=\"w-tabs-section\" id=\"tc66\"><button aria-controls=\"content-tc66\" class=\"w-tabs-section-header align_none icon_plus cpos_right\" style=\"font-size:inherit\"><div class=\"w-tabs-section-title\">Lorem ipsum dolor sit amet, consectetur adipiscing elit?<\/div><div class=\"w-tabs-section-control\"><\/div><\/button><div class=\"w-tabs-section-content\" id=\"content-tc66\" aria-expanded=\"false\"><div class=\"w-tabs-section-content-h i-cf\"><div class=\"wpb_text_column\"><div class=\"wpb_wrapper\"><p>Nulla facilisis mattis nisl, sed egestas erat pretium a. Praesent id auctor urna. Lorem ipsum dolor sit amet, consectetur adipiscing elit. Nulla facilisis mattis nisl, sed egestas erat pretium a. Praesent id auctor urna. Nulla facilisis mattis nisl, sed egestas erat pretium a. Praesent id auctor urna. Lorem ipsum dolor sit amet.<\/p>\n<\/div><\/div><\/div><\/div><\/div><\/div><\/div><\/div><\/div><\/div><\/div><\/div><\/section><section class=\"l-section wpb_row height_auto\"><div class=\"l-section-h i-cf\"><div class=\"g-cols via_grid cols_1 laptops-cols_inherit tablets-cols_inherit mobiles-cols_1 valign_top type_default\"><div class=\"wpb_column vc_column_container\"><div class=\"vc_column-inner\"><div class=\"w-separator size_small with_line width_default thick_4 style_solid color_primary align_center\"><div class=\"w-separator-h\"><\/div><\/div><\/div><\/div><\/div><\/div><\/section><section class=\"l-section wpb_row height_auto\" id=\"tabs-style2\"><div class=\"l-section-h i-cf\"><div class=\"g-cols via_grid cols_2-3 laptops-cols_inherit tablets-cols_inherit mobiles-cols_1 valign_top type_default\"><div class=\"wpb_column vc_column_container us_custom_3517a734\"><div class=\"vc_column-inner\"><div class=\"wpb_text_column us_custom_41f1b3a8 has_text_color\"><div class=\"wpb_wrapper\"><p>Pentru\u00a0<b><br \/><\/b><\/p>\n<\/div><\/div><div class=\"wpb_text_column us_custom_ac61729b has_text_color\"><div class=\"wpb_wrapper\"><p><b>SMEs<\/b><\/p>\n<\/div><\/div><div class=\"wpb_text_column us_custom_330fa8bf\"><div class=\"wpb_wrapper\"><p>Ceva text introductiv. Nulla facilisis mattis nisl, sed egestas erat pretium a. Praesent id auctor urna. Lorem ipsum dolor sit amet, consectetur adipiscing elit. Nulla facilisis mattis nisl, sed egestas erat pretium a. Praesent id auctor urna.<\/p>\n<\/div><\/div><\/div><\/div><div class=\"wpb_column vc_column_container tabs-style2\"><div class=\"vc_column-inner\"><div class=\"w-tabs style_default switch_click accordion has_scrolling\"><div class=\"w-tabs-sections\"><div class=\"w-tabs-sections-h\"><div class=\"w-tabs-section\" id=\"q8a5\"><button aria-controls=\"content-q8a5\" class=\"w-tabs-section-header align_none icon_plus cpos_right\" style=\"font-size:inherit\"><div class=\"w-tabs-section-title\">Lorem ipsum dolor sit amet, consectetur adipiscing elit?<\/div><div class=\"w-tabs-section-control\"><\/div><\/button><div class=\"w-tabs-section-content\" id=\"content-q8a5\" aria-expanded=\"false\"><div class=\"w-tabs-section-content-h i-cf\"><div class=\"wpb_text_column us_custom_df5f4c97 has_text_color\"><div class=\"wpb_wrapper\"><p>Nulla facilisis mattis nisl, sed egestas erat pretium a. Praesent id auctor urna. Lorem ipsum dolor sit amet, consectetur adipiscing elit. Nulla facilisis mattis nisl, sed egestas erat pretium a. Praesent id auctor urna. Nulla facilisis mattis nisl, sed egestas erat pretium a. Praesent id auctor urna. Lorem ipsum dolor sit amet.<\/p>\n<\/div><\/div><\/div><\/div><\/div><div class=\"w-tabs-section active\" id=\"ja53\"><button aria-controls=\"content-ja53\" class=\"w-tabs-section-header active align_none icon_plus cpos_right\" style=\"font-size:inherit\"><div class=\"w-tabs-section-title\">Lorem ipsum dolor sit amet, consectetur adipiscing elit?<\/div><div class=\"w-tabs-section-control\"><\/div><\/button><div class=\"w-tabs-section-content\" id=\"content-ja53\" aria-expanded=\"true\"><div class=\"w-tabs-section-content-h i-cf\"><div class=\"wpb_text_column\"><div class=\"wpb_wrapper\"><p>Nulla facilisis mattis nisl, sed egestas erat pretium a. Praesent id auctor urna. Lorem ipsum dolor sit amet, consectetur adipiscing elit. Nulla facilisis mattis nisl, sed egestas erat pretium a. Praesent id auctor urna. Nulla facilisis mattis nisl, sed egestas erat pretium a. Praesent id auctor urna. Lorem ipsum dolor sit amet.<\/p>\n<\/div><\/div><\/div><\/div><\/div><div class=\"w-tabs-section\" id=\"mbe7\"><button aria-controls=\"content-mbe7\" class=\"w-tabs-section-header align_none icon_plus cpos_right\" style=\"font-size:inherit\"><div class=\"w-tabs-section-title\">Lorem ipsum dolor sit amet, consectetur adipiscing elit?<\/div><div class=\"w-tabs-section-control\"><\/div><\/button><div class=\"w-tabs-section-content\" id=\"content-mbe7\" aria-expanded=\"false\"><div class=\"w-tabs-section-content-h i-cf\"><div class=\"wpb_text_column\"><div class=\"wpb_wrapper\"><p>Nulla facilisis mattis nisl, sed egestas erat pretium a. Praesent id auctor urna. Lorem ipsum dolor sit amet, consectetur adipiscing elit. Nulla facilisis mattis nisl, sed egestas erat pretium a. Praesent id auctor urna. Nulla facilisis mattis nisl, sed egestas erat pretium a. Praesent id auctor urna. Lorem ipsum dolor sit amet.<\/p>\n<\/div><\/div><\/div><\/div><\/div><div class=\"w-tabs-section\" id=\"sdae\"><button aria-controls=\"content-sdae\" class=\"w-tabs-section-header align_none icon_plus cpos_right\" style=\"font-size:inherit\"><div class=\"w-tabs-section-title\">Lorem ipsum dolor sit amet, consectetur adipiscing elit?<\/div><div class=\"w-tabs-section-control\"><\/div><\/button><div class=\"w-tabs-section-content\" id=\"content-sdae\" aria-expanded=\"false\"><div class=\"w-tabs-section-content-h i-cf\"><div class=\"wpb_text_column\"><div class=\"wpb_wrapper\"><p>Nulla facilisis mattis nisl, sed egestas erat pretium a. Praesent id auctor urna. Lorem ipsum dolor sit amet, consectetur adipiscing elit. Nulla facilisis mattis nisl, sed egestas erat pretium a. Praesent id auctor urna. Nulla facilisis mattis nisl, sed egestas erat pretium a. Praesent id auctor urna. Lorem ipsum dolor sit amet.<\/p>\n<\/div><\/div><\/div><\/div><\/div><\/div><\/div><\/div><\/div><\/div><\/div><\/div><\/section><section class=\"l-section wpb_row height_auto\"><div class=\"l-section-h i-cf\"><div class=\"g-cols via_grid cols_1 laptops-cols_inherit tablets-cols_inherit mobiles-cols_1 valign_top type_default\"><div class=\"wpb_column vc_column_container\"><div class=\"vc_column-inner\"><div class=\"w-separator size_small with_line width_default thick_4 style_solid color_primary align_center\"><div class=\"w-separator-h\"><\/div><\/div><\/div><\/div><\/div><\/div><\/section><section class=\"l-section wpb_row height_auto\"><div class=\"l-section-h i-cf\"><div class=\"g-cols via_grid cols_1 laptops-cols_inherit tablets-cols_inherit mobiles-cols_1 valign_top type_default\"><div class=\"wpb_column vc_column_container\"><div class=\"vc_column-inner\"><div class=\"w-separator size_small\"><\/div><\/div><\/div><\/div><\/div><\/section><section class=\"l-section wpb_row height_auto\" id=\"tabs-style3\"><div class=\"l-section-h i-cf\"><div class=\"g-cols via_grid cols_2-3 laptops-cols_inherit tablets-cols_inherit mobiles-cols_1 valign_top type_default\"><div class=\"wpb_column vc_column_container us_custom_3517a734\"><div class=\"vc_column-inner\"><div class=\"wpb_text_column us_custom_e54763fe has_text_color\"><div class=\"wpb_wrapper\"><p>Pentru\u00a0<b><br \/><\/b><\/p>\n<\/div><\/div><div class=\"wpb_text_column us_custom_3a552c41 has_text_color\"><div class=\"wpb_wrapper\"><p><b>\u00centreprinderi mari<\/b><\/p>\n<\/div><\/div><div class=\"wpb_text_column us_custom_330fa8bf\"><div class=\"wpb_wrapper\"><p>Ceva text introductiv. Nulla facilisis mattis nisl, sed egestas erat pretium a. Praesent id auctor urna. Lorem ipsum dolor sit amet, consectetur adipiscing elit. Nulla facilisis mattis nisl, sed egestas erat pretium a. Praesent id auctor urna.<\/p>\n<\/div><\/div><\/div><\/div><div class=\"wpb_column vc_column_container tabs-style3\"><div class=\"vc_column-inner\"><div class=\"w-tabs style_default switch_click accordion has_scrolling\"><div class=\"w-tabs-sections\"><div class=\"w-tabs-sections-h\"><div class=\"w-tabs-section\" id=\"s1b8\"><button aria-controls=\"content-s1b8\" class=\"w-tabs-section-header align_none icon_plus cpos_right\" style=\"font-size:inherit\"><div class=\"w-tabs-section-title\">Lorem ipsum dolor sit amet, consectetur adipiscing elit?<\/div><div class=\"w-tabs-section-control\"><\/div><\/button><div class=\"w-tabs-section-content\" id=\"content-s1b8\" aria-expanded=\"false\"><div class=\"w-tabs-section-content-h i-cf\"><div class=\"wpb_text_column us_custom_df5f4c97 has_text_color\"><div class=\"wpb_wrapper\"><p>Nulla facilisis mattis nisl, sed egestas erat pretium a. Praesent id auctor urna. Lorem ipsum dolor sit amet, consectetur adipiscing elit. Nulla facilisis mattis nisl, sed egestas erat pretium a. Praesent id auctor urna. Nulla facilisis mattis nisl, sed egestas erat pretium a. Praesent id auctor urna. Lorem ipsum dolor sit amet.<\/p>\n<\/div><\/div><\/div><\/div><\/div><div class=\"w-tabs-section active\" id=\"k356\"><button aria-controls=\"content-k356\" class=\"w-tabs-section-header active align_none icon_plus cpos_right\" style=\"font-size:inherit\"><div class=\"w-tabs-section-title\">Lorem ipsum dolor sit amet, consectetur adipiscing elit?<\/div><div class=\"w-tabs-section-control\"><\/div><\/button><div class=\"w-tabs-section-content\" id=\"content-k356\" aria-expanded=\"true\"><div class=\"w-tabs-section-content-h i-cf\"><div class=\"wpb_text_column\"><div class=\"wpb_wrapper\"><p>Nulla facilisis mattis nisl, sed egestas erat pretium a. Praesent id auctor urna. Lorem ipsum dolor sit amet, consectetur adipiscing elit. Nulla facilisis mattis nisl, sed egestas erat pretium a. Praesent id auctor urna. Nulla facilisis mattis nisl, sed egestas erat pretium a. Praesent id auctor urna. Lorem ipsum dolor sit amet.<\/p>\n<\/div><\/div><\/div><\/div><\/div><div class=\"w-tabs-section\" id=\"h50c\"><button aria-controls=\"content-h50c\" class=\"w-tabs-section-header align_none icon_plus cpos_right\" style=\"font-size:inherit\"><div class=\"w-tabs-section-title\">Lorem ipsum dolor sit amet, consectetur adipiscing elit?<\/div><div class=\"w-tabs-section-control\"><\/div><\/button><div class=\"w-tabs-section-content\" id=\"content-h50c\" aria-expanded=\"false\"><div class=\"w-tabs-section-content-h i-cf\"><div class=\"wpb_text_column\"><div class=\"wpb_wrapper\"><p>Nulla facilisis mattis nisl, sed egestas erat pretium a. Praesent id auctor urna. Lorem ipsum dolor sit amet, consectetur adipiscing elit. Nulla facilisis mattis nisl, sed egestas erat pretium a. Praesent id auctor urna. Nulla facilisis mattis nisl, sed egestas erat pretium a. Praesent id auctor urna. Lorem ipsum dolor sit amet.<\/p>\n<\/div><\/div><\/div><\/div><\/div><div class=\"w-tabs-section\" id=\"y69b\"><button aria-controls=\"content-y69b\" class=\"w-tabs-section-header align_none icon_plus cpos_right\" style=\"font-size:inherit\"><div class=\"w-tabs-section-title\">Lorem ipsum dolor sit amet, consectetur adipiscing elit?<\/div><div class=\"w-tabs-section-control\"><\/div><\/button><div class=\"w-tabs-section-content\" id=\"content-y69b\" aria-expanded=\"false\"><div class=\"w-tabs-section-content-h i-cf\"><div class=\"wpb_text_column\"><div class=\"wpb_wrapper\"><p>Nulla facilisis mattis nisl, sed egestas erat pretium a. Praesent id auctor urna. Lorem ipsum dolor sit amet, consectetur adipiscing elit. Nulla facilisis mattis nisl, sed egestas erat pretium a. Praesent id auctor urna. Nulla facilisis mattis nisl, sed egestas erat pretium a. Praesent id auctor urna. Lorem ipsum dolor sit amet.<\/p>\n<\/div><\/div><\/div><\/div><\/div><\/div><\/div><\/div><\/div><\/div><\/div><\/div><\/section><section class=\"l-section wpb_row height_auto\"><div class=\"l-section-h i-cf\"><div class=\"g-cols via_grid cols_1 laptops-cols_inherit tablets-cols_inherit mobiles-cols_1 valign_top type_default\"><div class=\"wpb_column vc_column_container\"><div class=\"vc_column-inner\"><div class=\"w-separator size_small with_line width_default thick_4 style_solid color_primary align_center\"><div class=\"w-separator-h\"><\/div><\/div><\/div><\/div><\/div><\/div><\/section><section class=\"l-section wpb_row height_small\"><div class=\"l-section-h i-cf\"><div class=\"g-cols via_grid cols_1-4-1 laptops-cols_inherit tablets-cols_inherit mobiles-cols_1 valign_top type_default\" style=\"grid-gap:1rem;\"><div class=\"wpb_column vc_column_container\"><div class=\"vc_column-inner\"><\/div><\/div><div class=\"wpb_column vc_column_container us_custom_c7cdf5e5 has_bg_color\"><div class=\"vc_column-inner\"><div class=\"wpb_text_column us_custom_d44d8758 has_text_color\"><div class=\"wpb_wrapper\"><p>Nu g\u0103se\u0219ti r\u0103spunsul la \u00eentrebarea ta \u00een aceast\u0103 list\u0103? Sau ai alte nel\u0103muriri?<\/p>\n<\/div><\/div><div class=\"w-btn-wrapper align_center\"><a class=\"w-btn us-btn-style_8 us_custom_18677f79\" href=\"#tabs-style1\"><span class=\"w-btn-label\">Contacteaz\u0103-ne<\/span><\/a><\/div><\/div><\/div><div class=\"wpb_column vc_column_container\"><div class=\"vc_column-inner\"><\/div><\/div><\/div><\/div><\/section>","protected":false},"excerpt":{"rendered":"Home\/Pages\u00centreb\u0103ri frecvente Ceva text introductiv. Nulla facilisis mattis nisl, sed egestas erat pretium a. Praesent id auctor urna. Lorem ipsum dolor sit amet, consectetur adipiscing elit. Nulla facilisis mattis nisl, sed egestas erat pretium a. Praesent id auctor urna. Nu g\u0103se\u0219ti r\u0103spunsul la \u00eentrebarea ta \u00een aceast\u0103 list\u0103? Contacteaz\u0103-nePe aceasta pagina: Pentru UAT-uriPentru IMM-uriPentru \u00centreprinderi...","protected":false},"author":1,"featured_media":0,"parent":0,"menu_order":0,"comment_status":"closed","ping_status":"closed","template":"","meta":{"footnotes":"","beyondwords_generate_audio":"1","beyondwords_project_id":"21144","beyondwords_content_id":"b6eff76a-c60c-4b42-a001-760187790b3f","beyondwords_preview_token":"492ef5d5-1784-4a5c-8de7-09663fc6af30","beyondwords_player_content":"","beyondwords_player_style":"standard","beyondwords_language_code":"","beyondwords_language_id":"","beyondwords_title_voice_id":"","beyondwords_body_voice_id":"","beyondwords_summary_voice_id":"","beyondwords_error_message":"","beyondwords_disabled":"","beyondwords_delete_content":"","beyondwords_podcast_id":"","beyondwords_hash":"","publish_post_to_speechkit":"","speechkit_hash":"","speechkit_generate_audio":"","speechkit_project_id":"","speechkit_podcast_id":"","speechkit_error_message":"","speechkit_disabled":"","speechkit_access_key":"","speechkit_error":"","speechkit_info":"","speechkit_response":"","speechkit_retries":"","speechkit_status":"","speechkit_updated_at":"","_speechkit_link":"","_speechkit_text":""},"class_list":["post-32651","page","type-page","status-publish","hentry"],"publishpress_future_action":{"enabled":false,"date":"2026-04-13 13:26:32","action":"change-status","newStatus":"draft","terms":[],"taxonomy":"","extraData":[]},"publishpress_future_workflow_manual_trigger":{"enabledWorkflows":[]},"_links":{"self":[{"href":"https:\/\/newadrnv.regionordvest.ro\/en\/wp-json\/wp\/v2\/pages\/32651","targetHints":{"allow":["GET"]}}],"collection":[{"href":"https:\/\/newadrnv.regionordvest.ro\/en\/wp-json\/wp\/v2\/pages"}],"about":[{"href":"https:\/\/newadrnv.regionordvest.ro\/en\/wp-json\/wp\/v2\/types\/page"}],"author":[{"embeddable":true,"href":"https:\/\/newadrnv.regionordvest.ro\/en\/wp-json\/wp\/v2\/users\/1"}],"replies":[{"embeddable":true,"href":"https:\/\/newadrnv.regionordvest.ro\/en\/wp-json\/wp\/v2\/comments?post=32651"}],"version-history":[{"count":36,"href":"https:\/\/newadrnv.regionordvest.ro\/en\/wp-json\/wp\/v2\/pages\/32651\/revisions"}],"predecessor-version":[{"id":33094,"href":"https:\/\/newadrnv.regionordvest.ro\/en\/wp-json\/wp\/v2\/pages\/32651\/revisions\/33094"}],"wp:attachment":[{"href":"https:\/\/newadrnv.regionordvest.ro\/en\/wp-json\/wp\/v2\/media?parent=32651"}],"curies":[{"name":"wp","href":"https:\/\/api.w.org\/{rel}","templated":true}]}}