{"id":32780,"date":"2025-09-22T20:11:18","date_gmt":"2025-09-22T17:11:18","guid":{"rendered":"https:\/\/newadrnv.regionordvest.ro\/?page_id=32780"},"modified":"2025-09-22T20:11:18","modified_gmt":"2025-09-22T17:11:18","slug":"evenimente","status":"publish","type":"page","link":"https:\/\/newadrnv.regionordvest.ro\/en\/evenimente\/","title":{"rendered":"event"},"content":{"rendered":"<div class=\"ce-events-container\"><div class=\"ce-events-filters\"><form method=\"get\" class=\"ce-filter-form\" action=\"\"><div class=\"ce-filter-group\"><label for=\"ce_month\">Luna:<\/label><select name=\"month\" id=\"ce_month\"><option value=\"\">Toate lunile<\/option><option value=\"1\" >Ianuarie<\/option><option value=\"2\" >Februarie<\/option><option value=\"3\" >Martie<\/option><option value=\"4\" >Aprilie<\/option><option value=\"5\" >Mai<\/option><option value=\"6\" >Iunie<\/option><option value=\"7\" >Iulie<\/option><option value=\"8\" >August<\/option><option value=\"9\" >Septembrie<\/option><option value=\"10\" >Octombrie<\/option><option value=\"11\" >Noiembrie<\/option><option value=\"12\" >Decembrie<\/option><\/select><\/div><div class=\"ce-filter-group\"><label for=\"ce_year\">Anul:<\/label><select name=\"year\" id=\"ce_year\"><option value=\"\">Toti anii<\/option><option value=\"2026\" >2026<\/option><option value=\"2025\" >2025<\/option><\/select><\/div><div class=\"ce-filter-group\"><label for=\"ce_category\">Categoria:<\/label><select name=\"category\" id=\"ce_category\"><option value=\"\">Toate categoriile<\/option><option value=\"Conferin\u021be\" >Conferin\u021be<\/option><option value=\"Evenimente Sociale\" >Evenimente Sociale<\/option><option value=\"Expozi\u021bii\" >Expozi\u021bii<\/option><option value=\"Workshop-uri\" >Workshop-uri<\/option><\/select><\/div><div class=\"ce-filter-group\"><button type=\"submit\" class=\"ce-filter-btn\">Filtreaz\u0103<\/button><a href=\"\/en\/wp-json\/wp\/v2\/pages\/32780\" class=\"ce-clear-btn\">\u0218terge filtrele<\/a><\/div><input type=\"hidden\" name=\"trp-form-language\" value=\"en\"\/><\/form><\/div><div class=\"ce-events-results\"><div class=\"ce-results-info\"><p>G\u0103site 8 evenimente<\/p><\/div><div class=\"ce-events-grid\"><div class=\"ce-event-card-enhanced\" data-description=\"&lt;p&gt;&lt;a href=&quot;https:\/\/evenimente.nord-vest.ro\/events\/VWD0rW&quot; target=&quot;_blank&quot; rel=&quot;noopener&quot;&gt;Vezi detalii pe evenimente.nord-vest.ro&lt;\/a&gt;&lt;\/p&gt;\"><div class=\"ce-event-image\"><img decoding=\"async\" src=\"https:\/\/evenimente.nord-vest.ro\/assets\/events\/VWD0rW.jpg\" alt=\"Sesiune de instruire pentru beneficiarii priva\u021bi ai contractelor semnate prin Programul Regional Nord-Vest 2021-2027\"><\/div><div class=\"ce-event-content\"><h3 class=\"ce-event-title-enhanced\">Sesiune de instruire pentru beneficiarii priva\u021bi ai contractelor semnate prin Programul Regional Nord-Vest 2021-2027<\/h3><div class=\"ce-event-description-enhanced\" style=\"display:none;\"><p><a href=\"https:\/\/evenimente.nord-vest.ro\/events\/VWD0rW\" target=\"_blank\" rel=\"noopener\">Vezi detalii pe evenimente.nord-vest.ro<\/a><\/p>\n<\/div><p class=\"ce-event-description-preview\" style=\"font-size:18px; font-family: 'Lexend', Arial, sans-serif; letter-spacing: 0.5px;\">Vezi detalii pe evenimente.nord-vest.ro<\/p><p class=\"ce-event-date-enhanced\">13 Mar 2026 - 10:00<\/p><p class=\"ce-event-location\">\ud83d\udccd Cluj-Napoca<\/p><div class=\"ce-event-tags\"><span class=\"ce-event-tag ce-tag-enhanced ce-tag-primary\">ADR North-West<\/span><\/div><\/div><\/div><div class=\"ce-event-card-enhanced\" data-description=\"&lt;p&gt;&lt;a href=&quot;https:\/\/evenimente.nord-vest.ro\/events\/bx36lJ&quot; target=&quot;_blank&quot; rel=&quot;noopener&quot;&gt;Vezi detalii pe evenimente.nord-vest.ro&lt;\/a&gt;&lt;\/p&gt;\"><div class=\"ce-event-image\"><img decoding=\"async\" src=\"https:\/\/evenimente.nord-vest.ro\/assets\/events\/bx36lJ.jpg\" alt=\"Eveniment pentru comunicarea rezultatelor Concursului Interna\u021bional de Solu\u021bii pentru noul sediu al Agen\u021biei de Dezvoltare Regional\u0103 Nord-Vest, Cluj-Napoca\"><\/div><div class=\"ce-event-content\"><h3 class=\"ce-event-title-enhanced\">Eveniment pentru comunicarea rezultatelor Concursului Interna\u021bional de Solu\u021bii pentru noul sediu al Agen\u021biei de Dezvoltare Regional\u0103 Nord-Vest, Cluj-Napoca<\/h3><div class=\"ce-event-description-enhanced\" style=\"display:none;\"><p><a href=\"https:\/\/evenimente.nord-vest.ro\/events\/bx36lJ\" target=\"_blank\" rel=\"noopener\">Vezi detalii pe evenimente.nord-vest.ro<\/a><\/p>\n<\/div><p class=\"ce-event-description-preview\" style=\"font-size:18px; font-family: 'Lexend', Arial, sans-serif; letter-spacing: 0.5px;\">Vezi detalii pe evenimente.nord-vest.ro<\/p><p class=\"ce-event-date-enhanced\">10 Feb 2026 - 14:00<\/p><p class=\"ce-event-location\">\ud83d\udccd Cluj-Napoca<\/p><div class=\"ce-event-tags\"><span class=\"ce-event-tag ce-tag-enhanced ce-tag-primary\">ADR North-West<\/span><\/div><\/div><\/div><div class=\"ce-event-card-enhanced\" data-description=\"&lt;p&gt;&lt;a href=&quot;https:\/\/evenimente.nord-vest.ro\/events\/bWeaYW&quot; target=&quot;_blank&quot; rel=&quot;noopener&quot;&gt;Vezi detalii pe evenimente.nord-vest.ro&lt;\/a&gt;&lt;\/p&gt;\"><div class=\"ce-event-image\"><img decoding=\"async\" src=\"https:\/\/evenimente.nord-vest.ro\/assets\/events\/bWeaYW.jpg\" alt=\"\u00cent\u00e2lnire de lucru IMM-uri, Alian\u021ba parcurilor industriale, de specializare inteligent\u0103 \u0219i  logistice din Regiunea Nord-Vest\"><\/div><div class=\"ce-event-content\"><h3 class=\"ce-event-title-enhanced\">\u00cent\u00e2lnire de lucru IMM-uri, Alian\u021ba parcurilor industriale, de specializare inteligent\u0103 \u0219i  logistice din Regiunea Nord-Vest<\/h3><div class=\"ce-event-description-enhanced\" style=\"display:none;\"><p><a href=\"https:\/\/evenimente.nord-vest.ro\/events\/bWeaYW\" target=\"_blank\" rel=\"noopener\">Vezi detalii pe evenimente.nord-vest.ro<\/a><\/p>\n<\/div><p class=\"ce-event-description-preview\" style=\"font-size:18px; font-family: 'Lexend', Arial, sans-serif; letter-spacing: 0.5px;\">Vezi detalii pe evenimente.nord-vest.ro<\/p><p class=\"ce-event-date-enhanced\">21 Jan 2026 - 10:00<\/p><p class=\"ce-event-location\">\ud83d\udccd Cluj-Napoca<\/p><div class=\"ce-event-tags\"><span class=\"ce-event-tag ce-tag-enhanced ce-tag-primary\">ADR North-West<\/span><\/div><\/div><\/div><div class=\"ce-event-card-enhanced\" data-description=\"&lt;p&gt;&lt;a href=&quot;https:\/\/evenimente.nord-vest.ro\/events\/XWYakW&quot; target=&quot;_blank&quot; rel=&quot;noopener&quot;&gt;Vezi detalii pe evenimente.nord-vest.ro&lt;\/a&gt;&lt;\/p&gt;\"><div class=\"ce-event-image\"><img decoding=\"async\" src=\"https:\/\/evenimente.nord-vest.ro\/assets\/events\/XWYakW.jpg\" alt=\"\u0218edin\u021b\u0103 de lucru a echipelor din cadrul UAT-urilor din regiune (ora\u0219e \u0219i municipii, altele dec\u00e2t MRJ) responsabile de implementarea proiectelor finan\u021bate prin Programul Regional Nord-Vest 2021\u20132027\"><\/div><div class=\"ce-event-content\"><h3 class=\"ce-event-title-enhanced\">\u0218edin\u021b\u0103 de lucru a echipelor din cadrul UAT-urilor din regiune (ora\u0219e \u0219i municipii, altele dec\u00e2t MRJ) responsabile de implementarea proiectelor finan\u021bate prin Programul Regional Nord-Vest 2021\u20132027<\/h3><div class=\"ce-event-description-enhanced\" style=\"display:none;\"><p><a href=\"https:\/\/evenimente.nord-vest.ro\/events\/XWYakW\" target=\"_blank\" rel=\"noopener\">Vezi detalii pe evenimente.nord-vest.ro<\/a><\/p>\n<\/div><p class=\"ce-event-description-preview\" style=\"font-size:18px; font-family: 'Lexend', Arial, sans-serif; letter-spacing: 0.5px;\">Vezi detalii pe evenimente.nord-vest.ro<\/p><p class=\"ce-event-date-enhanced\">11 Dec 2025 - 12:00<\/p><p class=\"ce-event-location\">\ud83d\udccd \u0218tei<\/p><div class=\"ce-event-tags\"><span class=\"ce-event-tag ce-tag-enhanced ce-tag-primary\">ADR North-West<\/span><\/div><\/div><\/div><div class=\"ce-event-card-enhanced\" data-description=\"&lt;p&gt;&lt;a href=&quot;https:\/\/evenimente.nord-vest.ro\/events\/yx2DwW&quot; target=&quot;_blank&quot; rel=&quot;noopener&quot;&gt;Vezi detalii pe evenimente.nord-vest.ro&lt;\/a&gt;&lt;\/p&gt;\"><div class=\"ce-event-image\"><img decoding=\"async\" src=\"https:\/\/evenimente.nord-vest.ro\/assets\/events\/yx2DwW.jpg\" alt=\"\u00cent\u00e2lnirea de lucru dedicat\u0103 parcurilor de Specializare Inteligent\u0103, Industriale \u0219i Logistice\"><\/div><div class=\"ce-event-content\"><h3 class=\"ce-event-title-enhanced\">\u00cent\u00e2lnirea de lucru dedicat\u0103 parcurilor de Specializare Inteligent\u0103, Industriale \u0219i Logistice<\/h3><div class=\"ce-event-description-enhanced\" style=\"display:none;\"><p><a href=\"https:\/\/evenimente.nord-vest.ro\/events\/yx2DwW\" target=\"_blank\" rel=\"noopener\">Vezi detalii pe evenimente.nord-vest.ro<\/a><\/p>\n<\/div><p class=\"ce-event-description-preview\" style=\"font-size:18px; font-family: 'Lexend', Arial, sans-serif; letter-spacing: 0.5px;\">Vezi detalii pe evenimente.nord-vest.ro<\/p><p class=\"ce-event-date-enhanced\">19 Nov 2025 - 11:00<\/p><p class=\"ce-event-location\">\ud83d\udccd Cluj-Napoca<\/p><div class=\"ce-event-tags\"><span class=\"ce-event-tag ce-tag-enhanced ce-tag-primary\">ADR North-West<\/span><\/div><\/div><\/div><div class=\"ce-event-card-enhanced\" data-description=\"&lt;p&gt;&lt;a href=&quot;https:\/\/evenimente.nord-vest.ro\/events\/dJpdPJ&quot; target=&quot;_blank&quot; rel=&quot;noopener&quot;&gt;Vezi detalii pe evenimente.nord-vest.ro&lt;\/a&gt;&lt;\/p&gt;\"><div class=\"ce-event-image\"><img decoding=\"async\" src=\"https:\/\/evenimente.nord-vest.ro\/assets\/events\/dJpdPJ.jpg\" alt=\"\u00cent\u00e2lnire online pe tema prevenirii neregulilor\/fraudei \u0219i prezentarea nout\u0103\u021bilor legislative ap\u0103rute \u00een domeniu de la ultima sesiune de instruire\"><\/div><div class=\"ce-event-content\"><h3 class=\"ce-event-title-enhanced\">\u00cent\u00e2lnire online pe tema prevenirii neregulilor\/fraudei \u0219i prezentarea nout\u0103\u021bilor legislative ap\u0103rute \u00een domeniu de la ultima sesiune de instruire<\/h3><div class=\"ce-event-description-enhanced\" style=\"display:none;\"><p><a href=\"https:\/\/evenimente.nord-vest.ro\/events\/dJpdPJ\" target=\"_blank\" rel=\"noopener\">Vezi detalii pe evenimente.nord-vest.ro<\/a><\/p>\n<\/div><p class=\"ce-event-description-preview\" style=\"font-size:18px; font-family: 'Lexend', Arial, sans-serif; letter-spacing: 0.5px;\">Vezi detalii pe evenimente.nord-vest.ro<\/p><p class=\"ce-event-date-enhanced\">17 Nov 2025 - 13:45<\/p><p class=\"ce-event-location\">\ud83d\udccd Online prin platforma ZOOM<\/p><div class=\"ce-event-tags\"><span class=\"ce-event-tag ce-tag-enhanced ce-tag-primary\">ADR North-West<\/span><\/div><\/div><\/div><div class=\"ce-event-card-enhanced\" data-description=\"Lorem i\"><div class=\"ce-event-image\"><img decoding=\"async\" src=\"http:\/\/newadrnv.regionordvest.ro\/wp-content\/uploads\/2025\/09\/PDOI7815.jpg\" alt=\"test\"><\/div><div class=\"ce-event-content\"><h3 class=\"ce-event-title-enhanced\">test<\/h3><div class=\"ce-event-description-enhanced\" style=\"display:none;\"><p>Lorem i<\/p>\n<\/div><p class=\"ce-event-description-preview\" style=\"font-size:18px; font-family: 'Lexend', Arial, sans-serif; letter-spacing: 0.5px;\">Lorem i<\/p><p class=\"ce-event-date-enhanced\">03 Nov 2025 - 14:20 - 15:30<\/p><div class=\"ce-event-tags\"><span class=\"ce-event-tag ce-tag-enhanced ce-tag-primary\">Evenimente Sociale<\/span><\/div><\/div><\/div><div class=\"ce-event-card-enhanced\" data-description=\"&lt;h2 class=&quot;md:text-[40px] sm:text-[32px] text-[24px] text-white font-bold md:leading-[48px] sm:leading-[40px] leading-[32px] leading-6&quot;&gt;What is Lorem Ipsum?&lt;\/h2&gt;&lt;p class=&quot;sm:mt-1 md:text-[44px] sm:text-[36px] text-neutral-300 md:leading-[48px] sm:leading-[40px] text-[27px] leading-[30px] text-slate-500 font-serif&quot;&gt;From its medieval origins to the digital era, learn everything there is to know about the ubiquitous lorem ipsum passage.&lt;\/p&gt;&lt;h3 id=&quot;history-purpose-and-usage&quot; class=&quot;text-base sm:text-xl lg:text-[24px] text-white font-bold leading-none&quot;&gt;History, Purpose and Usage&lt;\/h3&gt;&lt;p class=&quot;my-3 lg:my-4 text-sm sm:text-base lg:text-lg text-neutral-300 leading-normal&quot;&gt;Lorem ipsum, or lipsum as it is sometimes known, is dummy text used in laying out print, graphic or web designs. The passage is attributed to an unknown typesetter in the 15th century who is thought to have scrambled parts of Cicero\\&#039;s De Finibus Bonorum et Malorum for use in a type specimen book. It usually begins with:&lt;\/p&gt;&lt;blockquote class=&quot;border-l border-neutral-300 pl-2 sm:pl-4&quot;&gt;&lt;p class=&quot;my-3 lg:my-4 text-sm sm:text-base lg:text-lg text-neutral-300 leading-normal&quot;&gt;\u201cLorem ipsum dolor sit amet, consectetur adipiscing elit, sed do eiusmod tempor incididunt ut labore et dolore magna aliqua.\u201d&lt;\/p&gt;&lt;\/blockquote&gt;&lt;p class=&quot;my-3 lg:my-4 text-sm sm:text-base lg:text-lg text-neutral-300 leading-normal&quot;&gt;The purpose of lorem ipsum is to create a natural looking block of text (sentence, paragraph, page, etc.) that doesn\\&#039;t distract from the layout. A practice not without controversy, laying out pages with meaningless filler text can be very useful when the focus is meant to be on design, not content.&lt;\/p&gt;&lt;p class=&quot;my-3 lg:my-4 text-sm sm:text-base lg:text-lg text-neutral-300 leading-normal&quot;&gt;The passage experienced a surge in popularity during the 1960s when Letraset used it on their dry-transfer sheets, and again during the 90s as desktop publishers bundled the text with their software. Today it\\&#039;s seen all around the web; on templates, websites, and stock designs. Use our generator to get your own, or read on for the authoritative history of lorem ipsum.&lt;\/p&gt;\"><div class=\"ce-event-image\"><img decoding=\"async\" src=\"http:\/\/newadrnv.regionordvest.ro\/wp-content\/uploads\/2025\/07\/IMG_4939.jpg\" alt=\"Eveniment test\"><\/div><div class=\"ce-event-content\"><h3 class=\"ce-event-title-enhanced\">Eveniment test<\/h3><div class=\"ce-event-description-enhanced\" style=\"display:none;\"><h2 class=\"md:text-[40px] sm:text-[32px] text-[24px] text-white font-bold md:leading-[48px] sm:leading-[40px] leading-[32px] leading-6\">What is Lorem Ipsum?<\/h2>\n<p class=\"sm:mt-1 md:text-[44px] sm:text-[36px] text-neutral-300 md:leading-[48px] sm:leading-[40px] text-[27px] leading-[30px] text-slate-500 font-serif\">From its medieval origins to the digital era, learn everything there is to know about the ubiquitous lorem ipsum passage.<\/p>\n<h3 id=\"history-purpose-and-usage\" class=\"text-base sm:text-xl lg:text-[24px] text-white font-bold leading-none\">History, Purpose and Usage<\/h3>\n<p class=\"my-3 lg:my-4 text-sm sm:text-base lg:text-lg text-neutral-300 leading-normal\">Lorem ipsum, or lipsum as it is sometimes known, is dummy text used in laying out print, graphic or web designs. The passage is attributed to an unknown typesetter in the 15th century who is thought to have scrambled parts of Cicero\\'s De Finibus Bonorum et Malorum for use in a type specimen book. It usually begins with:<\/p>\n<blockquote class=\"border-l border-neutral-300 pl-2 sm:pl-4\">\n<p class=\"my-3 lg:my-4 text-sm sm:text-base lg:text-lg text-neutral-300 leading-normal\">\u201cLorem ipsum dolor sit amet, consectetur adipiscing elit, sed do eiusmod tempor incididunt ut labore et dolore magna aliqua.\u201d<\/p>\n<\/blockquote>\n<p class=\"my-3 lg:my-4 text-sm sm:text-base lg:text-lg text-neutral-300 leading-normal\">The purpose of lorem ipsum is to create a natural looking block of text (sentence, paragraph, page, etc.) that doesn\\'t distract from the layout. A practice not without controversy, laying out pages with meaningless filler text can be very useful when the focus is meant to be on design, not content.<\/p>\n<p class=\"my-3 lg:my-4 text-sm sm:text-base lg:text-lg text-neutral-300 leading-normal\">The passage experienced a surge in popularity during the 1960s when Letraset used it on their dry-transfer sheets, and again during the 90s as desktop publishers bundled the text with their software. Today it\\'s seen all around the web; on templates, websites, and stock designs. Use our generator to get your own, or read on for the authoritative history of lorem ipsum.<\/p>\n<\/div><p class=\"ce-event-description-preview\" style=\"font-size:18px; font-family: 'Lexend', Arial, sans-serif; letter-spacing: 0.5px;\">What is Lorem Ipsum? From its medieval origins to the digital era, learn everything there is to know about the&hellip;<\/p><p class=\"ce-event-date-enhanced\">24 Sep 2025 - 11:00 - 14:00<\/p><p class=\"ce-event-location\">\ud83d\udccd Cluj<\/p><div class=\"ce-event-tags\"><span class=\"ce-event-tag ce-tag-enhanced ce-tag-primary\">Workshop-uri<\/span><\/div><\/div><\/div><\/div><\/div><\/div>","protected":false},"excerpt":{"rendered":"Luna:Toate lunileIanuarieFebruarieMartieAprilieMaiIunieIulieAugustSeptembrieOctombrieNoiembrieDecembrieAnul:Toti anii20262025Categoria:Toate categoriileConferin\u021beEvenimente SocialeExpozi\u021biiWorkshop-uriFiltreaz\u0103\u0218terge filtreleG\u0103site 8 evenimenteSesiune de instruire pentru beneficiarii priva\u021bi ai contractelor semnate prin Programul Regional Nord-Vest 2021-2027Vezi detalii pe evenimente.nord-vest.ro Vezi detalii pe evenimente.nord-vest.ro13 Mar 2026 - 10:00\ud83d\udccd Cluj-NapocaADR Nord-VestEveniment pentru comunicarea rezultatelor Concursului Interna\u021bional de Solu\u021bii pentru noul sediu al Agen\u021biei de Dezvoltare Regional\u0103 Nord-Vest, Cluj-NapocaVezi detalii pe evenimente.nord-vest.ro Vezi...","protected":false},"author":1,"featured_media":0,"parent":0,"menu_order":0,"comment_status":"closed","ping_status":"closed","template":"","meta":{"footnotes":"","beyondwords_generate_audio":"1","beyondwords_project_id":"21144","beyondwords_content_id":"38c7c804-dec9-4bbb-8d34-441f90d5747a","beyondwords_preview_token":"87a78c44-fb6b-4a82-952e-c8aef4735e9d","beyondwords_player_content":"","beyondwords_player_style":"standard","beyondwords_language_code":"","beyondwords_language_id":"","beyondwords_title_voice_id":"","beyondwords_body_voice_id":"","beyondwords_summary_voice_id":"","beyondwords_error_message":"","beyondwords_disabled":"","beyondwords_delete_content":"","beyondwords_podcast_id":"","beyondwords_hash":"","publish_post_to_speechkit":"","speechkit_hash":"","speechkit_generate_audio":"","speechkit_project_id":"","speechkit_podcast_id":"","speechkit_error_message":"","speechkit_disabled":"","speechkit_access_key":"","speechkit_error":"","speechkit_info":"","speechkit_response":"","speechkit_retries":"","speechkit_status":"","speechkit_updated_at":"","_speechkit_link":"","_speechkit_text":""},"class_list":["post-32780","page","type-page","status-publish","hentry"],"publishpress_future_action":{"enabled":false,"date":"2026-04-11 23:24:17","action":"change-status","newStatus":"draft","terms":[],"taxonomy":"","extraData":[]},"publishpress_future_workflow_manual_trigger":{"enabledWorkflows":[]},"_links":{"self":[{"href":"https:\/\/newadrnv.regionordvest.ro\/en\/wp-json\/wp\/v2\/pages\/32780","targetHints":{"allow":["GET"]}}],"collection":[{"href":"https:\/\/newadrnv.regionordvest.ro\/en\/wp-json\/wp\/v2\/pages"}],"about":[{"href":"https:\/\/newadrnv.regionordvest.ro\/en\/wp-json\/wp\/v2\/types\/page"}],"author":[{"embeddable":true,"href":"https:\/\/newadrnv.regionordvest.ro\/en\/wp-json\/wp\/v2\/users\/1"}],"replies":[{"embeddable":true,"href":"https:\/\/newadrnv.regionordvest.ro\/en\/wp-json\/wp\/v2\/comments?post=32780"}],"version-history":[{"count":1,"href":"https:\/\/newadrnv.regionordvest.ro\/en\/wp-json\/wp\/v2\/pages\/32780\/revisions"}],"predecessor-version":[{"id":32781,"href":"https:\/\/newadrnv.regionordvest.ro\/en\/wp-json\/wp\/v2\/pages\/32780\/revisions\/32781"}],"wp:attachment":[{"href":"https:\/\/newadrnv.regionordvest.ro\/en\/wp-json\/wp\/v2\/media?parent=32780"}],"curies":[{"name":"wp","href":"https:\/\/api.w.org\/{rel}","templated":true}]}}